{"id":8568,"date":"2025-09-16T10:30:30","date_gmt":"2025-09-16T10:30:30","guid":{"rendered":"https:\/\/teatrogiovaniteatropirata.it\/?page_id=8568"},"modified":"2025-09-30T09:21:53","modified_gmt":"2025-09-30T09:21:53","slug":"le-parole-di-chi-sta-crescendo","status":"publish","type":"page","link":"https:\/\/teatrogiovaniteatropirata.it\/en\/formazione-e-laboratori\/formazione\/le-parole-di-chi-sta-crescendo\/","title":{"rendered":"Le parole di chi sta crescendo"},"content":{"rendered":"<div class=\"wpb-content-wrapper\">\n<div class=\"mk-page-section-wrapper\" data-mk-full-width=\"true\" data-mk-full-width-init=\"true\" data-mk-stretch-content=\"true\">\n\t<div id=\"page-section-1\" class=\"mk-page-section self-hosted   full_layout full-width-1 js-el js-master-row jupiter-donut-\"    data-intro-effect=\"false\">\n\n\t\t\t\n\t\t\t<div class=\"mk-page-section-inner\">\n\t\t\t\t\n\n\n<div class=\"mk-video-color-mask\"><\/div>\n\n\t\t\t\t\n\t\t\t\t\t\t\t<\/div>\n\n\t\t\t\n        <div class=\"page-section-content vc_row-fluid mk-grid\" >\n            <div class=\"mk-padding-wrapper wpb_row\">\n<div class=\"vc_col-sm-12 wpb_column column_container  jupiter-donut- _ jupiter-donut-height-full\">\n\t\t<div class=\"vc_custom_1715780682824\">\n\n<div id=\"text-block-3\" class=\"mk-text-block  jupiter-donut-hidden-sm\">\n\n\t\n\t\t\t\t<!-- Flexy Breadcrumb -->\n\t\t\t<div class=\"fbc fbc-page\">\n\n\t\t\t\t<!-- Breadcrumb wrapper -->\n\t\t\t\t<div class=\"fbc-wrap\">\n\n\t\t\t\t\t<!-- Ordered list-->\n\t\t\t\t\t<ol class=\"fbc-items\" itemscope itemtype=\"https:\/\/schema.org\/BreadcrumbList\">\n\t\t\t\t\t\t            <li itemprop=\"itemListElement\" itemscope itemtype=\"https:\/\/schema.org\/ListItem\">\n                <span itemprop=\"name\">\n                    <!-- Home Link -->\n                    <a itemprop=\"item\" href=\"https:\/\/teatrogiovaniteatropirata.it\/en\/\">\n                    \n                        Home                    <\/a>\n                <\/span>\n                <meta itemprop=\"position\" content=\"1\" \/><!-- Meta Position-->\n             <\/li><li><span class=\"fbc-separator\"><\/span><\/li><li class=\"active\" itemprop=\"itemListElement\" itemscope itemtype=\"https:\/\/schema.org\/ListItem\"><span itemprop=\"name\" title=\"Le parole di chi sta crescendo\">Le parole di chi<\/span><meta itemprop=\"position\" content=\"2\" \/><\/li>\t\t\t\t\t<\/ol>\n\t\t\t\t\t<div class=\"clearfix\"><\/div>\n\t\t\t\t<\/div>\n\t\t\t<\/div>\n\t\t\t\n\n\t<div class=\"clearboth\"><\/div>\n<\/div>\n\n\t<\/div>\n\n<div class=\"mk-custom-box jupiter-donut- hover-effect-image\" id=\"box-4\">\n\t<div class=\"box-holder\">\n\t\t<div class=\"jupiter-donut-clearfix\"><\/div>\n\t<\/div>\n<\/div>\n\n<div id=\"padding-5\" class=\"mk-padding-divider jupiter-donut-  jupiter-donut-clearfix\"><\/div>\n\n<\/div>\n<\/div>\n            <div class=\"clearboth\"><\/div>\n        <\/div>\n\n\n\t\t\t\n\t\t\t\n\t\t\t\n\t\t<div class=\"clearboth\"><\/div>\n\t<\/div>\n<\/div>\n<div class=\"vc_row-full-width vc_clearfix\"><\/div>\n\n\n<div class=\"mk-page-section-wrapper\" data-mk-full-width=\"true\" data-mk-full-width-init=\"true\" data-mk-stretch-content=\"true\">\n\t<div id=\"page-section-6\" class=\"mk-page-section self-hosted   full_layout full-width-6 js-el js-master-row jupiter-donut-   calendar_blck\"    data-intro-effect=\"false\">\n\n\t\t\t\n\t\t\t<div class=\"mk-page-section-inner\">\n\t\t\t\t\n\n\n<div style=\"background-color:#ffffff;opacity:0.2;\" class=\"mk-video-color-mask\"><\/div>\n\n\t\t\t\t\n\t\t\t\t\t\t\t<\/div>\n\n\t\t\t\n        <div class=\"page-section-content vc_row-fluid mk-grid\" >\n            <div class=\"mk-padding-wrapper wpb_row\">\n<div class=\"vc_col-sm-12 wpb_column column_container  jupiter-donut- _ jupiter-donut-height-full\">\n\t\n<h2 id=\"fancy-title-8\" class=\"mk-fancy-title  simple-style jupiter-donut-  color-single\">\n\t<span>\n\t\t\t\t<p>Le parole di chi sta crescendo<\/p>\n<div id=\"ag-popper-container-1758014568805\" class=\"ag-translate-popper-host\"><\/div>\n\t\t\t<\/span>\n<\/h2>\n<div class=\"clearboth\"><\/div>\n\n\n\n\n<h2 id=\"fancy-title-9\" class=\"mk-fancy-title  simple-style jupiter-donut-  color-single\">\n\t<span>\n\t\t\t\t<p>a cura di Silvia Vecchini<\/p>\n<div id=\"ag-popper-container-1758014581710\" class=\"ag-translate-popper-host\"><\/div>\n\t\t\t<\/span>\n<\/h2>\n<div class=\"clearboth\"><\/div>\n\n\n\n<style>#fancy-title-9 {font-family: \"Open Sans\"}<\/style>\n<div id=\"padding-10\" class=\"mk-padding-divider jupiter-donut-  jupiter-donut-clearfix\"><\/div>\n\n\t<div class=\"vc_custom_1758276478228\">\n\n<div id=\"text-block-11\" class=\"mk-text-block  jupiter-donut-\">\n\n\t\n\t<p><strong>Rivolta a insegnanti della scuola dell\u2019infanzia, primaria e secondaria I-II grado<\/strong><\/p>\n<p>Un momento di formazione che \u00e8 anche il racconto di chi scrive poesia per ragazzi e insieme ai ragazzi.<br \/>\n<strong><em>\u201cC\u2019\u00e8 una poesia che ti aspetta. Pensieri e pratiche per scrivere insieme\u201d<\/em><\/strong> (Silvia Vecchini, Topipittori) \u00e8 una raccolta di materiali ed esperienze nate portando poesia e la scrittura nelle scuole; raccolta alla quale la formazione far\u00e0 riferimento per indagare insieme la possibilit\u00e0 da parte dei bambini e dei ragazzi di accedere a una parola viva, scelta, musicale, ricca di senso, che apre possibilit\u00e0 nuove di conoscenza di se stessi e del mondo.<br \/>\nLa formazione condurr\u00e0 ad una riflessione sull\u2019importanza di risvegliare l\u2019interesse per la parola attraverso momenti di lettura e scrittura aperti, curati, gratuiti, caratterizzati dalla sorpresa e dall\u2019esplorazione.<\/p>\n<p>&nbsp;<\/p>\n<div id=\"ag-popper-container-1758014590418\" class=\"ag-translate-popper-host\">\n<hr \/>\n<\/div>\n<div id=\"ag-popper-container-1758018646041\" class=\"ag-translate-popper-host\"><\/div>\n<div>\n<p><strong>I\u00b0 INCONTRO &gt; Scrivere insieme<\/strong><\/p>\n<p><strong>7 Novembre 2025<\/strong><br \/>\nore 16.30-19.00<br \/>\nTeatro Moriconi, Jesi<\/p>\n<\/div>\n<hr \/>\n<p><strong>II\u00b0 INCONTRO &gt; Tracce di scrittura per lavorare in classe<\/strong><\/p>\n<p><strong>25 Novembre 2025<\/strong><br \/>\nore 17.30-19.00<br \/>\nOnline<\/p>\n<hr \/>\n<p><strong>III\u00b0 INCONTRO &gt; La parola viva: Restituzione<\/strong><\/p>\n<p><strong>22 Aprile 2026<\/strong><br \/>\nore 17.00-19.00<br \/>\nTeatro Moriconi, Jesi<\/p>\n<p>&nbsp;<\/p>\n<div id=\"ag-popper-container-1758276327586\" class=\"ag-translate-popper-host\"><\/div>\n<div id=\"ag-popper-container-1758276372697\" class=\"ag-translate-popper-host\"><\/div>\n\n\t<div class=\"clearboth\"><\/div>\n<\/div>\n\n\t<\/div>\n\n<div id=\"padding-12\" class=\"mk-padding-divider jupiter-donut-  jupiter-donut-clearfix\"><\/div>\n\n<\/div>\n<\/div>\n            <div class=\"clearboth\"><\/div>\n        <\/div>\n\n\n\t\t\t\n\t\t\t\n\t\t\t\n\t\t<div class=\"clearboth\"><\/div>\n\t<\/div>\n<\/div>\n<div class=\"vc_row-full-width vc_clearfix\"><\/div>\n\n\n<div class=\"mk-page-section-wrapper\" data-mk-full-width=\"true\" data-mk-full-width-init=\"true\" data-mk-stretch-content=\"true\">\n\t<div id=\"page-section-13\" class=\"mk-page-section self-hosted   full_layout full-width-13 js-el js-master-row jupiter-donut-   info\"    data-intro-effect=\"false\">\n\n\t\t\t\n\t\t\t<div class=\"mk-page-section-inner\">\n\t\t\t\t\n\n\n<div style=\"background-color:#ffffff;opacity:0.2;\" class=\"mk-video-color-mask\"><\/div>\n\n\t\t\t\t\n\t\t\t\t\n\t\n\t<div class=\"background-layer-holder\">\n\t\t<div id=\"background-layer--13\" data-mk-lazyload=\"false\" class=\"background-layer mk-background-stretch none-blend-effect js-el\"    data-mk-img-set='{\"landscape\":{\"desktop\":\"https:\/\/teatrogiovaniteatropirata.it\/wp-content\/uploads\/2022\/09\/back_logo.png\",\"tablet\":\"https:\/\/teatrogiovaniteatropirata.it\/wp-content\/uploads\/2022\/09\/back_logo-1024x768.png\",\"mobile\":\"https:\/\/teatrogiovaniteatropirata.it\/wp-content\/uploads\/2022\/09\/back_logo-736x414.png\"},\"responsive\":\"true\"}' >\n\t\t\t\t\t\t\t\t\t<div class=\"mk-color-layer\"><\/div>\n\t\t<\/div>\n\t<\/div>\n\n\t\t\t<\/div>\n\n\t\t\t\n        <div class=\"page-section-content vc_row-fluid mk-grid\" >\n            <div class=\"mk-padding-wrapper wpb_row\">\n<div class=\"vc_col-sm-12 wpb_column column_container  jupiter-donut- _ jupiter-donut-height-full\">\n\t\n<div id=\"padding-15\" class=\"mk-padding-divider jupiter-donut-  jupiter-donut-clearfix\"><\/div>\n\n\n\n<div id=\"dettagli-produzione\" class=\"wpb_row vc_inner vc_row vc_row-fluid jupiter-donut-  add-padding-3 attched-true   vc_custom_1673545953286\">\n\t\t\t\t<div class=\"mk-grid\">\n\t\t\t<div class=\"wpb_column vc_column_container vc_col-sm-6\"><div class=\"vc_column-inner\"><div class=\"wpb_wrapper\">\n<div id=\"padding-16\" class=\"mk-padding-divider jupiter-donut-  jupiter-donut-clearfix\"><\/div>\n\n\n<h3 id=\"fancy-title-17\" class=\"mk-fancy-title  simple-style jupiter-donut- title_segnalibro color-single\">\n\t<span>\n\t\t\t\t<p style=\"font-weight: bold;\"><span class=\"TextRun SCXW130150443 BCX0\" lang=\"IT-IT\" xml:lang=\"IT-IT\" data-contrast=\"auto\"><span class=\"NormalTextRun SCXW130150443 BCX0\">DURATA<\/span><\/span><\/p>\n<div id=\"ag-popper-container-1757932780874\" class=\"ag-translate-popper-host\">3 incontri | Totale 6 ore<\/div>\n<div id=\"ag-popper-container-1758018802711\" class=\"ag-translate-popper-host\"><\/div>\n\t\t\t<\/span>\n<\/h3>\n<div class=\"clearboth\"><\/div>\n\n\n\n\n<div id=\"padding-18\" class=\"mk-padding-divider jupiter-donut-  jupiter-donut-clearfix\"><\/div>\n\n<\/div><\/div><\/div><div class=\"wpb_column vc_column_container vc_col-sm-6\"><div class=\"vc_column-inner\"><div class=\"wpb_wrapper\">\n<h3 id=\"fancy-title-19\" class=\"mk-fancy-title  simple-style jupiter-donut- title_segnalibro color-single\">\n\t<span>\n\t\t\t\t<p style=\"font-weight: bold;\">COSTO<\/p>\n<p>20 \u20ac<\/p>\n<div id=\"ag-popper-container-1758013840311\" class=\"ag-translate-popper-host\"><\/div>\n<div id=\"ag-popper-container-1758014057616\" class=\"ag-translate-popper-host\"><\/div>\n<div id=\"ag-popper-container-1758019926727\" class=\"ag-translate-popper-host\"><\/div>\n\t\t\t<\/span>\n<\/h3>\n<div class=\"clearboth\"><\/div>\n\n\n\n\n<div id=\"padding-20\" class=\"mk-padding-divider jupiter-donut-  jupiter-donut-clearfix\"><\/div>\n\n<\/div><\/div><\/div>\t\t\t<\/div>\n\t<\/div>\n\n<div id=\"padding-21\" class=\"mk-padding-divider jupiter-donut-  jupiter-donut-clearfix\"><\/div>\n\n\n\n<div class=\"wpb_row vc_inner vc_row vc_row-fluid jupiter-donut-  add-padding-3 attched-true   vc_custom_1673545953286\">\n\t\t\t\t<div class=\"mk-grid\">\n\t\t\t<div class=\"wpb_column vc_column_container vc_col-sm-12\"><div class=\"vc_column-inner\"><div class=\"wpb_wrapper\"><div class=\"vc_separator wpb_content_element vc_separator_align_center vc_sep_width_100 vc_sep_border_width_2 vc_sep_pos_align_center vc_separator_no_text wpb_content_element  wpb_content_element\" ><span class=\"vc_sep_holder vc_sep_holder_l\"><span style=\"border-color:#a60200;\" class=\"vc_sep_line\"><\/span><\/span><span class=\"vc_sep_holder vc_sep_holder_r\"><span style=\"border-color:#a60200;\" class=\"vc_sep_line\"><\/span><\/span>\n<\/div>\n<div id=\"padding-22\" class=\"mk-padding-divider jupiter-donut-  jupiter-donut-clearfix\"><\/div>\n\n\n<h3 id=\"fancy-title-23\" class=\"mk-fancy-title  simple-style jupiter-donut- title_segnalibro color-single\">\n\t<span>\n\t\t\t\t<p><strong>Modalit\u00e0 d&#8217;iscrizione<\/strong><\/p>\n\t\t\t<\/span>\n<\/h3>\n<div class=\"clearboth\"><\/div>\n\n\n\n\t<div class=\"vc_custom_1759224111203\">\n\n<div id=\"text-block-24\" class=\"mk-text-block  jupiter-donut-\">\n\n\t\n\t<p>Per docenti di ruolo su <strong>piattaforma Sofia<\/strong>&gt; <strong>CODICE ID 100947<\/strong><\/p>\n<p>Per docenti <strong>non<\/strong> di ruolo compilare il <a href=\"https:\/\/teatrogiovaniteatropirata.it\/en\/download\/8734\/?tmstv=1759224063\">modulo di iscrizione <\/a>da inviare a <em>formazione@teatrogiovaniteatropirata.it<\/em><\/p>\n<div id=\"ag-popper-container-1758276294891\" class=\"ag-translate-popper-host\"><\/div>\n<div class=\"host-lopnbnfpjmgpbppclhclehhgafnifija\" style=\"position: relative; z-index: 2147483647;\"><\/div>\n<div class=\"host-lopnbnfpjmgpbppclhclehhgafnifija\" style=\"position: relative; z-index: 2147483647;\"><\/div>\n\n\t<div class=\"clearboth\"><\/div>\n<\/div>\n\n\t<\/div>\n\n<div id=\"padding-25\" class=\"mk-padding-divider jupiter-donut-  jupiter-donut-clearfix\"><\/div>\n\n\n<h3 id=\"fancy-title-26\" class=\"mk-fancy-title  simple-style jupiter-donut- title_segnalibro color-single\">\n\t<span>\n\t\t\t\t<p style=\"font-weight: bold;\"><span class=\"TextRun SCXW153512023 BCX0\" lang=\"IT-IT\" xml:lang=\"IT-IT\" data-contrast=\"auto\"><span class=\"NormalTextRun SCXW153512023 BCX0\">Contacts<\/span><\/span><\/p>\n\t\t\t<\/span>\n<\/h3>\n<div class=\"clearboth\"><\/div>\n\n\n\n\t<div class=\"vc_custom_1736762380827\">\n\n<div id=\"text-block-27\" class=\"mk-text-block  jupiter-donut-\">\n\n\t\n\t<p>Ufficio Formazione Tel 0731 56590<br \/>\nformazione@teatrogiovaniteatropirata.it<\/p>\n\n\t<div class=\"clearboth\"><\/div>\n<\/div>\n\n\t<\/div>\n<\/div><\/div><\/div>\t\t\t<\/div>\n\t<\/div>\n<\/div>\n<\/div>\n            <div class=\"clearboth\"><\/div>\n        <\/div>\n\n\n\t\t\t\n\t\t\t\n\t\t\t<div class=\"mk-shape-divider mk-shape-divider--stick jagged-rounded-bottom-style big-size mk-shape-divider--stick-bottom\" id=\"mk-shape-divider-28\">\n\t\t\t<div class=\"shape__container\">\n\t\t\t\t<div class=\"shape\">\n\t\t\t\t\n\t\t<svg width=\"100%\" height=\"6px\">\n\t\t\t<defs>\n\t\t\t    <pattern id=\"shapeDividerPattern-28\" preserveaspectratio=\"none\" style=\"background-repeat: none;\" patternunits=\"userSpaceOnUse\" x=\"0\" y=\"0\" width=\"18px\" height=\"60px\" viewbox=\"0 0 18 60\">\n\t\t\t        <path fill=\"transparent\" d=\"M5.944,3.146C4.415,1.213,2.174,0,0,0v6h18V0c-2.175,0-4.414,1.213-5.944,3.146C10.271,5.397,7.729,5.397,5.944,3.146\"><\/path>\n\t\t\t    <\/pattern>\n\t\t\t<\/defs>\n\n\t\t\t<!-- Background -->\n\t\t\t<rect x=\"0\" y=\"0\" width=\"100%\" height=\"6px\" fill=\"url(#shapeDividerPattern-28)\"><\/rect>\n\t\t<\/svg>\n\t<\/div>\n\t\t\t<\/div>\n\t\t<\/div>\n\t\t<div class=\"clearboth\"><\/div>\n\t<\/div>\n<\/div>\n<div class=\"vc_row-full-width vc_clearfix\"><\/div>\n\n\n<div  data-mk-full-width=\"true\" data-mk-full-width-init=\"false\" data-mk-stretch-content=\"true\" class=\"wpb_row vc_row vc_row-fluid jupiter-donut- mk-fullwidth-true add-padding-0 attched-true     equal-columns js-master-row  mk-full-content-true\">\n\t\t\t\t\n<div class=\"vc_col-sm-4 prefooter-column wpb_column column_container  jupiter-donut- _ jupiter-donut-height-full\">\n\t\n<div class=\"mk-custom-box jupiter-donut- prefooter-box hover-effect-image\" id=\"box-30\">\n\t<div class=\"box-holder\">\n<div id=\"padding-31\" class=\"mk-padding-divider jupiter-donut-  jupiter-donut-clearfix\"><\/div>\n\n\n<h2 id=\"fancy-title-32\" class=\"mk-fancy-title  simple-style jupiter-donut- prefooter-title color-single\">\n\t<span>\n\t\t\t\t<p>Help Us Keep Theatre Alive<\/p>\n\t\t\t<\/span>\n<\/h2>\n<div class=\"clearboth\"><\/div>\n\n\n\n\n<h2 id=\"fancy-title-33\" class=\"mk-fancy-title  simple-style jupiter-donut- prefooter-link color-single\">\n\t<span>\n\t\t\t\t<p><span style=\"color: #ffffff;\"><a style=\"color: #ffffff;\" href=\"https:\/\/teatrogiovaniteatropirata.it\/en\/sostieni-il-teatro\/\">Read more<\/a><\/span><\/p>\n\t\t\t<\/span>\n<\/h2>\n<div class=\"clearboth\"><\/div>\n\n\n\n\n<div id=\"padding-34\" class=\"mk-padding-divider jupiter-donut-  jupiter-donut-clearfix\"><\/div>\n\n\n\t\t<div class=\"jupiter-donut-clearfix\"><\/div>\n\t<div class=\"mk-custom-box--overlay\"><\/div>\n<\/div>\n<\/div>\n<\/div>\n\n<div class=\"vc_col-sm-4 prefooter-column wpb_column column_container vc_custom_1697186527018 jupiter-donut- _ jupiter-donut-height-full\">\n\t\n<div class=\"mk-custom-box jupiter-donut- prefooter-box hover-effect-image\" id=\"box-36\">\n\t<div class=\"box-holder\">\n<div id=\"padding-37\" class=\"mk-padding-divider jupiter-donut-  jupiter-donut-clearfix\"><\/div>\n\n\n<h2 id=\"fancy-title-38\" class=\"mk-fancy-title  simple-style jupiter-donut- prefooter-title color-single\">\n\t<span>\n\t\t\t\t<p>Subscribe to our Newsletter<\/p>\n\t\t\t<\/span>\n<\/h2>\n<div class=\"clearboth\"><\/div>\n\n\n\n\n<h2 id=\"fancy-title-39\" class=\"mk-fancy-title  simple-style jupiter-donut- prefooter-link color-single\">\n\t<span>\n\t\t\t\t<script>(function() {\n\twindow.mc4wp = window.mc4wp || {\n\t\tlisteners: [],\n\t\tforms: {\n\t\t\ton: function(evt, cb) {\n\t\t\t\twindow.mc4wp.listeners.push(\n\t\t\t\t\t{\n\t\t\t\t\t\tevent   : evt,\n\t\t\t\t\t\tcallback: cb\n\t\t\t\t\t}\n\t\t\t\t);\n\t\t\t}\n\t\t}\n\t}\n})();\n<\/script><!-- Mailchimp for WordPress v4.11.1 - https:\/\/wordpress.org\/plugins\/mailchimp-for-wp\/ --><form id=\"mc4wp-form-1\" class=\"mc4wp-form mc4wp-form-4843\" method=\"post\" data-id=\"4843\" data-name=\"Iscriviti alla newsletter\" action=\"\">\n<div class=\"mc4wp-form-fields\"><p>\r\n\t<label><input type=\"email\" name=\"EMAIL\" placeholder=\"Il tuo indirizzo email\" required>\r\n<p>     \r\n          <input type=\"submit\" value=\"Iscriviti\">\r\n<\/p>\n<p><\/p><\/label><\/p><\/div>\n<label style=\"display: none !important;\">Leave this field empty if you're human: <input type=\"text\" name=\"_mc4wp_honeypot\" value=\"\" tabindex=\"-1\" autocomplete=\"off\"><\/label><input type=\"hidden\" name=\"_mc4wp_timestamp\" value=\"1778770394\"><input type=\"hidden\" name=\"_mc4wp_form_id\" value=\"4843\"><input type=\"hidden\" name=\"_mc4wp_form_element_id\" value=\"mc4wp-form-1\"><div class=\"mc4wp-response\"><\/div>\n<input type=\"hidden\" name=\"trp-form-language\" value=\"en\"\/><\/form>\n<!-- \/ Mailchimp for WordPress Plugin -->\n\t\t\t<\/span>\n<\/h2>\n<div class=\"clearboth\"><\/div>\n\n\n\n\n<div id=\"padding-40\" class=\"mk-padding-divider jupiter-donut-  jupiter-donut-clearfix\"><\/div>\n\n\n\t\t<div class=\"jupiter-donut-clearfix\"><\/div>\n\t<\/div>\n<\/div>\n<\/div>\n\n<div class=\"vc_col-sm-4 prefooter-column wpb_column column_container  jupiter-donut- _ jupiter-donut-height-full\">\n\t\n<div class=\"mk-custom-box jupiter-donut- prefooter-box hover-effect-image\" id=\"box-42\">\n\t<div class=\"box-holder\">\n<div id=\"padding-43\" class=\"mk-padding-divider jupiter-donut-  jupiter-donut-clearfix\"><\/div>\n\n\n<div id=\"padding-44\" class=\"mk-padding-divider jupiter-donut-visible-dt-v2  jupiter-donut-clearfix\"><\/div>\n\n\n<h2 id=\"fancy-title-45\" class=\"mk-fancy-title  simple-style jupiter-donut- prefooter-title color-single\">\n\t<span>\n\t\t\t\t<p>Palazzo Menarini Residency<\/p>\n\t\t\t<\/span>\n<\/h2>\n<div class=\"clearboth\"><\/div>\n\n\n\n\n<h2 id=\"fancy-title-46\" class=\"mk-fancy-title  simple-style jupiter-donut- prefooter-link color-single\">\n\t<span>\n\t\t\t\t<p><span style=\"color: #ffffff;\"><a style=\"color: #ffffff;\" href=\"https:\/\/teatrogiovaniteatropirata.it\/en\/casa-menarini\/\">Read more<\/a><\/span><\/p>\n\t\t\t<\/span>\n<\/h2>\n<div class=\"clearboth\"><\/div>\n\n\n\n\n<div id=\"padding-47\" class=\"mk-padding-divider jupiter-donut-  jupiter-donut-clearfix\"><\/div>\n\n\n\t\t<div class=\"jupiter-donut-clearfix\"><\/div>\n\t<div class=\"mk-custom-box--overlay\"><\/div>\n<\/div>\n<\/div>\n<\/div>\n\t<\/div>\n<div class=\"vc_row-full-width vc_clearfix\"><\/div>\n<div  data-mk-stretch-content=\"true\" class=\"wpb_row vc_row vc_row-fluid jupiter-donut- mk-fullwidth-false  attched-false     js-master-row  mk-grid\">\n\t\t\t\t\n<div class=\"vc_col-sm-12 wpb_column column_container  jupiter-donut- _ jupiter-donut-height-full\">\n\t\n<div id=\"text-block-49\" class=\"mk-text-block  jupiter-donut-\">\n\n\t\n\t<div id=\"ag-popper-container-1758275941781\" class=\"ag-translate-popper-host\"><\/div>\n\n\t<div class=\"clearboth\"><\/div>\n<\/div>\n\n<\/div>\n\t<\/div>\n\n<div  data-mk-stretch-content=\"true\" class=\"wpb_row vc_row vc_row-fluid jupiter-donut- mk-fullwidth-false  attched-false     js-master-row  mk-grid\">\n\t\t\t\t\n<div class=\"vc_col-sm-12 wpb_column column_container  jupiter-donut- _ jupiter-donut-height-full\">\n\t\n<div id=\"text-block-51\" class=\"mk-text-block  jupiter-donut-\">\n\n\t\n\t<div id=\"ag-popper-container-1758276084927\" class=\"ag-translate-popper-host\"><\/div>\n\n\t<div class=\"clearboth\"><\/div>\n<\/div>\n\n<\/div>\n\t<\/div>\n\n<div  data-mk-stretch-content=\"true\" class=\"wpb_row vc_row vc_row-fluid jupiter-donut- mk-fullwidth-false  attched-false     js-master-row  mk-grid\">\n\t\t\t\t\n<div class=\"vc_col-sm-12 wpb_column column_container  jupiter-donut- _ jupiter-donut-height-full\">\n\t\n<div id=\"text-block-53\" class=\"mk-text-block  jupiter-donut-\">\n\n\t\n\t<div id=\"ag-popper-container-1758276310246\" class=\"ag-translate-popper-host\"><\/div>\n\n\t<div class=\"clearboth\"><\/div>\n<\/div>\n\n<\/div>\n\t<\/div>\n\n<\/div>","protected":false},"excerpt":{"rendered":"Home Le parole di chi Le parole di chi sta crescendo a cura di Silvia Vecchini Rivolta a insegnanti della scuola dell\u2019infanzia, primaria e secondaria I-II grado Un momento di formazione che \u00e8 anche il racconto di chi scrive poesia per ragazzi e insieme ai ragazzi. \u201cC\u2019\u00e8 una poesia che ti aspetta. Pensieri e pratiche [...]","protected":false},"author":5,"featured_media":8565,"parent":2937,"menu_order":0,"comment_status":"closed","ping_status":"closed","template":"","meta":{"footnotes":""},"class_list":["post-8568","page","type-page","status-publish","has-post-thumbnail","hentry"],"_links":{"self":[{"href":"https:\/\/teatrogiovaniteatropirata.it\/en\/wp-json\/wp\/v2\/pages\/8568","targetHints":{"allow":["GET"]}}],"collection":[{"href":"https:\/\/teatrogiovaniteatropirata.it\/en\/wp-json\/wp\/v2\/pages"}],"about":[{"href":"https:\/\/teatrogiovaniteatropirata.it\/en\/wp-json\/wp\/v2\/types\/page"}],"author":[{"embeddable":true,"href":"https:\/\/teatrogiovaniteatropirata.it\/en\/wp-json\/wp\/v2\/users\/5"}],"replies":[{"embeddable":true,"href":"https:\/\/teatrogiovaniteatropirata.it\/en\/wp-json\/wp\/v2\/comments?post=8568"}],"version-history":[{"count":10,"href":"https:\/\/teatrogiovaniteatropirata.it\/en\/wp-json\/wp\/v2\/pages\/8568\/revisions"}],"predecessor-version":[{"id":8570,"href":"https:\/\/teatrogiovaniteatropirata.it\/en\/wp-json\/wp\/v2\/pages\/8568\/revisions\/8570"}],"up":[{"embeddable":true,"href":"https:\/\/teatrogiovaniteatropirata.it\/en\/wp-json\/wp\/v2\/pages\/2937"}],"wp:featuredmedia":[{"embeddable":true,"href":"https:\/\/teatrogiovaniteatropirata.it\/en\/wp-json\/wp\/v2\/media\/8565"}],"wp:attachment":[{"href":"https:\/\/teatrogiovaniteatropirata.it\/en\/wp-json\/wp\/v2\/media?parent=8568"}],"curies":[{"name":"wp","href":"https:\/\/api.w.org\/{rel}","templated":true}]}}