{"id":7699,"date":"2025-03-21T10:29:08","date_gmt":"2025-03-21T10:29:08","guid":{"rendered":"https:\/\/teatrogiovaniteatropirata.it\/?page_id=7699"},"modified":"2025-04-14T07:29:54","modified_gmt":"2025-04-14T07:29:54","slug":"offerta-di-lavoro","status":"publish","type":"page","link":"https:\/\/teatrogiovaniteatropirata.it\/en\/offerta-di-lavoro\/","title":{"rendered":"OFFERTA DI LAVORO"},"content":{"rendered":"<h2 class=\"wp-block-heading\">ADDETTO ALLE SEGRETERIA ORGANIZZATIVA<\/h2>\r\n<h3>n. 1 Addetto alla Segreteria Organizzativa &#8211; Contratto di lavoro applicato \u201cCCNL per il personale artistico, tecnico e amministrativo scritturato dai Teatri Nazionali, dai Teatri di rilevante interesse culturale, dai centri di produzione e dalle compagnie teatrali professionali.\u201d<br \/>(sostituzione per maternit\u00e0)<\/h3>\r\n<p>Teatro Giovani Teatro Pirata \u2013 Impresa Sociale, realt\u00e0 che lavora nell\u2019ambito del teatro e della formazione<br \/><strong>CERCA<\/strong> &gt;\u00a0n.1 addetto da inserire nel suo organico come<br \/>Segreteria organizzativa e\u00a0di produzione con le seguenti mansioni:<br \/>&#8211; supporto nell\u2019attivit\u00e0 di vendita e distribuzione spettacoli<br \/>&#8211; supporto all\u2019organizzazione delle stagioni teatrali<br \/>&#8211; gestione pratiche amministrative relative al personale<br \/>&#8211; gestione ed utilizzo di piattaforme digitali<\/p>\r\n<p><strong>REQUISITI RICHIESTI\u00a0<\/strong><br \/>&#8211; Diploma di Istruzione Superiore \/ Laurea<br \/>&#8211; Attitudine e capacit\u00e0 di lavoro in team<br \/>&#8211; Buone competenze relazionali\u00a0<br \/>&#8211; Utilizzo applicativi di base (Pacchetto Office)<br \/>&#8211; Patente B e automunito<br \/>&#8211; Disponibilit\u00e0 a trasferte presso teatri della Regione Marche<br \/>&#8211; Buona conoscenza della lingua inglese<br \/>&#8211; Disponibilit\u00e0 da giugno 2025<\/p>\r\n<p><strong>CONDIZIONI CONTRATTUALI\/ECONOMICHE OFFERTE:<\/strong><br \/>Il ruolo prevede occupazione a tempo determinato per un totale di 33 ore settimanali, con i seguenti orari:<br \/><strong>da maggio a settembre<\/strong><br \/>&gt; dal luned\u00ec al venerd\u00ec dalle 8:30 alle 13.30;<br \/>&gt; luned\u00ec, gioved\u00ec e venerd\u00ec dalle 14.30 alle 17.30;<br \/><strong>da ottobre ad aprile<\/strong><br \/>&gt; dal luned\u00ec al venerd\u00ec dalle 8:30 alle 12.30;<br \/>&gt; luned\u00ec, mercoled\u00ec e venerd\u00ec dalle 14.00 alle 17.00;<br \/>Gli orari di cui sopra potranno subire delle variazioni settimanali in base alla programmazione che prevada<br \/>la necessit\u00e0 di festivi e\/o serali<\/p>\r\n<p><strong>DURATA: 6\/9 mesi per sostituzione maternit\u00e0.<\/strong><br \/><strong>SEDE DI LAVORO: JESI<\/strong><br \/><strong>PER CANDIDARSI:<\/strong>\u00a0Inviare curriculum vitae firmato entro e <strong>non oltre il\u00a015 maggio<\/strong><br \/><strong>2025\u00a0<\/strong>a\u00a0<strong>organizzazione@teatrogiovaniteatropirata.it.\u00a0e presidenza@teatrogiovaniteatropirata.it<\/strong><br \/>Le candidature che perverranno oltre questa data non verranno prese in considerazione<\/p>","protected":false},"excerpt":{"rendered":"<p>ADDETTO ALLE SEGRETERIA ORGANIZZATIVA n. 1 Addetto alla Segreteria Organizzativa &#8211; Contratto di lavoro applicato \u201cCCNL per il personale artistico, tecnico e amministrativo scritturato dai Teatri Nazionali, dai Teatri di rilevante interesse culturale, dai centri di produzione e dalle compagnie teatrali professionali.\u201d(sostituzione per maternit\u00e0) Teatro Giovani Teatro Pirata \u2013 Impresa Sociale, realt\u00e0 che lavora nell\u2019ambito [&hellip;]<\/p>\n","protected":false},"author":5,"featured_media":0,"parent":0,"menu_order":0,"comment_status":"closed","ping_status":"closed","template":"","meta":{"footnotes":""},"class_list":["post-7699","page","type-page","status-publish","hentry"],"_links":{"self":[{"href":"https:\/\/teatrogiovaniteatropirata.it\/en\/wp-json\/wp\/v2\/pages\/7699","targetHints":{"allow":["GET"]}}],"collection":[{"href":"https:\/\/teatrogiovaniteatropirata.it\/en\/wp-json\/wp\/v2\/pages"}],"about":[{"href":"https:\/\/teatrogiovaniteatropirata.it\/en\/wp-json\/wp\/v2\/types\/page"}],"author":[{"embeddable":true,"href":"https:\/\/teatrogiovaniteatropirata.it\/en\/wp-json\/wp\/v2\/users\/5"}],"replies":[{"embeddable":true,"href":"https:\/\/teatrogiovaniteatropirata.it\/en\/wp-json\/wp\/v2\/comments?post=7699"}],"version-history":[{"count":4,"href":"https:\/\/teatrogiovaniteatropirata.it\/en\/wp-json\/wp\/v2\/pages\/7699\/revisions"}],"predecessor-version":[{"id":7849,"href":"https:\/\/teatrogiovaniteatropirata.it\/en\/wp-json\/wp\/v2\/pages\/7699\/revisions\/7849"}],"wp:attachment":[{"href":"https:\/\/teatrogiovaniteatropirata.it\/en\/wp-json\/wp\/v2\/media?parent=7699"}],"curies":[{"name":"wp","href":"https:\/\/api.w.org\/{rel}","templated":true}]}}