{"id":7645,"date":"2025-03-12T13:00:29","date_gmt":"2025-03-12T13:00:29","guid":{"rendered":"https:\/\/teatrogiovaniteatropirata.it\/?page_id=7645"},"modified":"2025-03-12T13:10:17","modified_gmt":"2025-03-12T13:10:17","slug":"spazi-aperti-di-formazione","status":"publish","type":"page","link":"https:\/\/teatrogiovaniteatropirata.it\/en\/spazi-aperti-di-formazione\/","title":{"rendered":"SPAZI APERTI DI FORMAZIONE"},"content":{"rendered":"<h2 class=\"wp-block-heading\">SPAZI APERTI DI FORMAZIONE<\/h2>\r\n<h2 class=\"wp-block-heading\">Le Rassegne come luoghi di formazione e confronto per chi opera nell\u2019educazione e nel sociale, tramite il teatro<\/h2>\r\n\r\n\r\n\r\n<p>Spazi Aperti di Formazione \u00e8 un progetto che Teatro Giovani Teatro Pirata e AGITA Teatro ETS vogliono promuovere su tutto il territorio nazionale come offerta formativa per professionist* che operano nell\u2019intersezione fra il linguaggio artistico teatrale e quello educativo e pedagogico della Scuola e del Sociale.<\/p>\r\n<p><em style=\"font-size: revert; color: initial;\">Fra le tante isole nelle quali quotidianamente lavoriamo, pu\u00f2 esistere una terra dove incontrarsi, dove trovare e ritrovare vecchi e nuovi significati del nostro mestiere.<\/em><\/p>\r\n<p><strong>A chi \u00e8 rivolto? <\/strong>A Operator* e formator* teatrali<br \/>(non ci sar\u00e0 una selezione in base alle esperienze perch\u00e9 crediamo che nella diversit\u00e0 risieda<br \/>l\u2019essenza del nostro operare)<br \/><strong>Dove e quando? <\/strong>Serra San Quirico &#8211; Rassegna Teatro Scuola Educazione<br \/><strong>SABATO 5<\/strong> Aprile dalle ore 9:00 alle ore 21:00 e<br \/><strong>DOMENICA 6<\/strong> Aprile dalle ore 9:00 alle ore 18:00<\/p>\r\n<p>Cosa si fa?<br \/>Le due giornate di autoformazione prevedono: Gruppi di lavoro &#8211; Sessioni di co-conduzione di attivit\u00e0 laboratoriali &#8211; Visione di spettacoli &#8211; Confronto fra poetiche di lavoro<br \/><br \/><\/p>\r\n<p>Partecipazione gratuita<\/p>\r\n<p>1) <strong>Compila il modulo<\/strong> <a href=\"https:\/\/forms.gle\/9ZEqTA3WYspnGZLC8\">(qui il link)<\/a> entro il <strong>30 Marzo 2025<\/strong><br \/>2)In risposta riceverai il <strong>programma dettagliato delle due giornate<\/strong> e l\u2019<strong>elenco delle strutture <\/strong>pi\u00f9 comode per alloggiare nei pressi della Rassegna!<br \/>3) Non ti resta che organizzare i tuoi spostamenti come meglio credi<br \/><br \/><\/p>\r\n<p><em><strong>TI ASPETTIAMO!<\/strong><\/em><\/p>","protected":false},"excerpt":{"rendered":"<p>SPAZI APERTI DI FORMAZIONE Le Rassegne come luoghi di formazione e confronto per chi opera nell\u2019educazione e nel sociale, tramite il teatro Spazi Aperti di Formazione \u00e8 un progetto che Teatro Giovani Teatro Pirata e AGITA Teatro ETS vogliono promuovere su tutto il territorio nazionale come offerta formativa per professionist* che operano nell\u2019intersezione fra il [&hellip;]<\/p>\n","protected":false},"author":5,"featured_media":0,"parent":0,"menu_order":0,"comment_status":"closed","ping_status":"closed","template":"","meta":{"footnotes":""},"class_list":["post-7645","page","type-page","status-publish","hentry"],"_links":{"self":[{"href":"https:\/\/teatrogiovaniteatropirata.it\/en\/wp-json\/wp\/v2\/pages\/7645","targetHints":{"allow":["GET"]}}],"collection":[{"href":"https:\/\/teatrogiovaniteatropirata.it\/en\/wp-json\/wp\/v2\/pages"}],"about":[{"href":"https:\/\/teatrogiovaniteatropirata.it\/en\/wp-json\/wp\/v2\/types\/page"}],"author":[{"embeddable":true,"href":"https:\/\/teatrogiovaniteatropirata.it\/en\/wp-json\/wp\/v2\/users\/5"}],"replies":[{"embeddable":true,"href":"https:\/\/teatrogiovaniteatropirata.it\/en\/wp-json\/wp\/v2\/comments?post=7645"}],"version-history":[{"count":4,"href":"https:\/\/teatrogiovaniteatropirata.it\/en\/wp-json\/wp\/v2\/pages\/7645\/revisions"}],"predecessor-version":[{"id":7651,"href":"https:\/\/teatrogiovaniteatropirata.it\/en\/wp-json\/wp\/v2\/pages\/7645\/revisions\/7651"}],"wp:attachment":[{"href":"https:\/\/teatrogiovaniteatropirata.it\/en\/wp-json\/wp\/v2\/media?parent=7645"}],"curies":[{"name":"wp","href":"https:\/\/api.w.org\/{rel}","templated":true}]}}