{"id":7276,"date":"2024-11-28T15:55:56","date_gmt":"2024-11-28T15:55:56","guid":{"rendered":"https:\/\/teatrogiovaniteatropirata.it\/?page_id=7276"},"modified":"2024-11-28T15:58:27","modified_gmt":"2024-11-28T15:58:27","slug":"il-teatro-come-abito-della-comunita","status":"publish","type":"page","link":"https:\/\/teatrogiovaniteatropirata.it\/en\/formazione-e-laboratori\/formazione\/il-teatro-come-abito-della-comunita\/","title":{"rendered":"Il teatro come abito della comunit\u00e0"},"content":{"rendered":"<div class=\"wpb-content-wrapper\">\n<div class=\"mk-page-section-wrapper\" data-mk-full-width=\"true\" data-mk-full-width-init=\"true\" data-mk-stretch-content=\"true\">\n\t<div id=\"page-section-1\" class=\"mk-page-section self-hosted   full_layout full-width-1 js-el js-master-row jupiter-donut-\"    data-intro-effect=\"false\">\n\n\t\t\t\n\t\t\t<div class=\"mk-page-section-inner\">\n\t\t\t\t\n\n\n<div class=\"mk-video-color-mask\"><\/div>\n\n\t\t\t\t\n\t\t\t\t\t\t\t<\/div>\n\n\t\t\t\n        <div class=\"page-section-content vc_row-fluid mk-grid\" >\n            <div class=\"mk-padding-wrapper wpb_row\">\n<div class=\"vc_col-sm-12 wpb_column column_container  jupiter-donut- _ jupiter-donut-height-full\">\n\t\t<div class=\"vc_custom_1715780682824\">\n\n<div id=\"text-block-3\" class=\"mk-text-block  jupiter-donut-hidden-sm\">\n\n\t\n\t\t\t\t<!-- Flexy Breadcrumb -->\n\t\t\t<div class=\"fbc fbc-page\">\n\n\t\t\t\t<!-- Breadcrumb wrapper -->\n\t\t\t\t<div class=\"fbc-wrap\">\n\n\t\t\t\t\t<!-- Ordered list-->\n\t\t\t\t\t<ol class=\"fbc-items\" itemscope itemtype=\"https:\/\/schema.org\/BreadcrumbList\">\n\t\t\t\t\t\t            <li itemprop=\"itemListElement\" itemscope itemtype=\"https:\/\/schema.org\/ListItem\">\n                <span itemprop=\"name\">\n                    <!-- Home Link -->\n                    <a itemprop=\"item\" href=\"https:\/\/teatrogiovaniteatropirata.it\/en\/\">\n                    \n                        Home                    <\/a>\n                <\/span>\n                <meta itemprop=\"position\" content=\"1\" \/><!-- Meta Position-->\n             <\/li><li><span class=\"fbc-separator\"><\/span><\/li><li class=\"active\" itemprop=\"itemListElement\" itemscope itemtype=\"https:\/\/schema.org\/ListItem\"><span itemprop=\"name\" title=\"Il teatro come abito della comunit\u00e0\">Il teatro come abito<\/span><meta itemprop=\"position\" content=\"2\" \/><\/li>\t\t\t\t\t<\/ol>\n\t\t\t\t\t<div class=\"clearfix\"><\/div>\n\t\t\t\t<\/div>\n\t\t\t<\/div>\n\t\t\t\n\n\t<div class=\"clearboth\"><\/div>\n<\/div>\n\n\t<\/div>\n\n<div id=\"padding-4\" class=\"mk-padding-divider jupiter-donut-  jupiter-donut-clearfix\"><\/div>\n\n<\/div>\n<\/div>\n            <div class=\"clearboth\"><\/div>\n        <\/div>\n\n\n\t\t\t\n\t\t\t\n\t\t\t\n\t\t<div class=\"clearboth\"><\/div>\n\t<\/div>\n<\/div>\n<div class=\"vc_row-full-width vc_clearfix\"><\/div>\n\n\n<div class=\"mk-page-section-wrapper\" data-mk-full-width=\"true\" data-mk-full-width-init=\"true\" data-mk-stretch-content=\"true\">\n\t<div id=\"page-section-5\" class=\"mk-page-section self-hosted   full_layout full-width-5 js-el js-master-row jupiter-donut-   calendar_blck\"    data-intro-effect=\"false\">\n\n\t\t\t\n\t\t\t<div class=\"mk-page-section-inner\">\n\t\t\t\t\n\n\n<div style=\"background-color:#ffffff;opacity:0.2;\" class=\"mk-video-color-mask\"><\/div>\n\n\t\t\t\t\n\t\t\t\t\t\t\t<\/div>\n\n\t\t\t\n        <div class=\"page-section-content vc_row-fluid mk-grid\" >\n            <div class=\"mk-padding-wrapper wpb_row\">\n<div class=\"vc_col-sm-12 wpb_column column_container  jupiter-donut- _ jupiter-donut-height-full\">\n\t\n<h2 id=\"fancy-title-7\" class=\"mk-fancy-title  simple-style jupiter-donut-  color-single\">\n\t<span>\n\t\t\t\t<p>Il teatro come abito della comunit\u00e0<\/p>\n\t\t\t<\/span>\n<\/h2>\n<div class=\"clearboth\"><\/div>\n\n\n\n\n<h2 id=\"fancy-title-8\" class=\"mk-fancy-title  simple-style jupiter-donut-  color-single\">\n\t<span>\n\t\t\t\t<p>A cura di <strong>Alice Toccacieli <\/strong>con la partecipazione di <strong>Agata Sofia Toderi, Valentina <\/strong><strong>Damiani, Laura Storani e Adriana Lodovichetti<\/strong><\/p>\n\t\t\t<\/span>\n<\/h2>\n<div class=\"clearboth\"><\/div>\n\n\n\n<style>#fancy-title-8 {font-family: \"Open Sans\"}<\/style>\n<div id=\"padding-9\" class=\"mk-padding-divider jupiter-donut-  jupiter-donut-clearfix\"><\/div>\n\n\t<div class=\"vc_custom_1732809387278\">\n\n<div id=\"text-block-10\" class=\"mk-text-block  jupiter-donut-\">\n\n\t\n\t<h3>#FARE<\/h3>\n<p>L&#8217;intervento di formazione consiste in un incontro laboratoriale nel quale i momenti di gioco si alternano al racconto delle pratiche di lavoro e ricerca che Alice Toccacieli ha portato avanti negli ultimi 15 anni di attivit\u00e0 teatrale e performativa nei contesti di carcere, scuola, cittadinanza, fragilit\u00e0 mentale e fisica, luoghi della cura, della restrizione e della privazione della libert\u00e0.<br \/>\n<strong>Luoghi Comuni,<\/strong> l&#8217;associazione culturale cofondata a Fermignano (Pesaro-Urbino\/Marche) con <strong>Yuri Punzo<\/strong> nel 2014, \u00e8 la sintesi di queste pratiche, la mappa vivente degli incontri, degli scambi, della poetica di un fare che \u00e8 pi\u00f9 un fare con, che un fare per, la geografia di una costruzione dove ogni laboratorio o percorso non \u00e8 mai a s\u00e9, ma sempre situato in una costell-azione e concorre a realizzare l&#8217;idea di teatro come abito della comunit\u00e0<\/p>\n<hr \/>\n<p>Dove: Montemarciano, Ridotto Teatro Alfieri<\/p>\n<p>Quando: <strong>05 dicembre, ore 14.00\/17.00<\/strong><\/p>\n<p>Running time: <strong>3h<\/strong><\/p>\n<p>ISCRIZIONE OBBLIGATORIA &gt; max\u00a020\u00a0partecipanti<\/p>\n<hr \/>\n<p><a href=\"https:\/\/teatrogiovaniteatropirata.it\/en\/download\/7278\/?tmstv=1732809266\">Modulo di Iscrizione<\/a><\/p>\n\n\t<div class=\"clearboth\"><\/div>\n<\/div>\n\n\t<\/div>\n\n<div id=\"padding-11\" class=\"mk-padding-divider jupiter-donut-  jupiter-donut-clearfix\"><\/div>\n\n<\/div>\n<\/div>\n            <div class=\"clearboth\"><\/div>\n        <\/div>\n\n\n\t\t\t\n\t\t\t\n\t\t\t\n\t\t<div class=\"clearboth\"><\/div>\n\t<\/div>\n<\/div>\n<div class=\"vc_row-full-width vc_clearfix\"><\/div>\n\n\n<div class=\"mk-page-section-wrapper\" data-mk-full-width=\"true\" data-mk-full-width-init=\"true\" data-mk-stretch-content=\"true\">\n\t<div id=\"page-section-12\" class=\"mk-page-section self-hosted   full_layout full-width-12 js-el js-master-row jupiter-donut-   calendar_blck\"    data-intro-effect=\"false\">\n\n\t\t\t\n\t\t\t<div class=\"mk-page-section-inner\">\n\t\t\t\t\n\n\n<div style=\"background-color:#ffffff;opacity:0.2;\" class=\"mk-video-color-mask\"><\/div>\n\n\t\t\t\t\n\t\t\t\t\t\t\t<\/div>\n\n\t\t\t\n        <div class=\"page-section-content vc_row-fluid mk-grid\" >\n            <div class=\"mk-padding-wrapper wpb_row\">\n<div class=\"vc_col-sm-12 wpb_column column_container  jupiter-donut- _ jupiter-donut-height-full\">\n\t\n<h2 id=\"fancy-title-14\" class=\"mk-fancy-title  simple-style jupiter-donut-  color-single\">\n\t<span>\n\t\t\t\t<p>Spettacoli e Info<\/p>\n\t\t\t<\/span>\n<\/h2>\n<div class=\"clearboth\"><\/div>\n\n\n\n<\/div>\n<\/div>\n            <div class=\"clearboth\"><\/div>\n        <\/div>\n\n\n\t\t\t\n\t\t\t\n\t\t\t\n\t\t<div class=\"clearboth\"><\/div>\n\t<\/div>\n<\/div>\n<div class=\"vc_row-full-width vc_clearfix\"><\/div>\n\n\n<div class=\"mk-page-section-wrapper\" data-mk-full-width=\"true\" data-mk-full-width-init=\"true\" data-mk-stretch-content=\"true\">\n\t<div id=\"page-section-15\" class=\"mk-page-section self-hosted   full_layout full-width-15 js-el js-master-row jupiter-donut-   info\"    data-intro-effect=\"false\">\n\n\t\t\t\n\t\t\t<div class=\"mk-page-section-inner\">\n\t\t\t\t\n\n\n<div style=\"background-color:#ffffff;opacity:0.2;\" class=\"mk-video-color-mask\"><\/div>\n\n\t\t\t\t\n\t\t\t\t\n\t\n\t<div class=\"background-layer-holder\">\n\t\t<div id=\"background-layer--15\" data-mk-lazyload=\"false\" class=\"background-layer mk-background-stretch none-blend-effect js-el\"    data-mk-img-set='{\"landscape\":{\"desktop\":\"https:\/\/teatrogiovaniteatropirata.it\/wp-content\/uploads\/2022\/09\/back_logo.png\",\"tablet\":\"https:\/\/teatrogiovaniteatropirata.it\/wp-content\/uploads\/2022\/09\/back_logo-1024x768.png\",\"mobile\":\"https:\/\/teatrogiovaniteatropirata.it\/wp-content\/uploads\/2022\/09\/back_logo-736x414.png\"},\"responsive\":\"true\"}' >\n\t\t\t\t\t\t\t\t\t<div class=\"mk-color-layer\"><\/div>\n\t\t<\/div>\n\t<\/div>\n\n\t\t\t<\/div>\n\n\t\t\t\n        <div class=\"page-section-content vc_row-fluid mk-grid\" >\n            <div class=\"mk-padding-wrapper wpb_row\">\n<div class=\"vc_col-sm-12 wpb_column column_container  jupiter-donut- _ jupiter-donut-height-full\">\n\t\n<div id=\"padding-17\" class=\"mk-padding-divider jupiter-donut-  jupiter-donut-clearfix\"><\/div>\n\n\n\n<div id=\"dettagli-produzione\" class=\"wpb_row vc_inner vc_row vc_row-fluid jupiter-donut-  add-padding-3 attched-true   vc_custom_1673545953286\">\n\t\t\t\t<div class=\"mk-grid\">\n\t\t\t<div class=\"wpb_column vc_column_container vc_col-sm-6\"><div class=\"vc_column-inner\"><div class=\"wpb_wrapper\">\n<div id=\"padding-18\" class=\"mk-padding-divider jupiter-donut-  jupiter-donut-clearfix\"><\/div>\n\n\n<h3 id=\"fancy-title-19\" class=\"mk-fancy-title  simple-style jupiter-donut- title_segnalibro color-single\">\n\t<span>\n\t\t\t\t<p style=\"font-weight: bold;\">#PARLARE<\/p>\n\t\t\t<\/span>\n<\/h3>\n<div class=\"clearboth\"><\/div>\n\n\n\n\n<h3 id=\"fancy-title-20\" class=\"mk-fancy-title  simple-style jupiter-donut- title_segnalibro color-single\">\n\t<span>\n\t\t\t\t<p style=\"font-weight: bold;\"><span class=\"TextRun SCXW130150443 BCX0\" lang=\"IT-IT\" xml:lang=\"IT-IT\" data-contrast=\"auto\"><span class=\"NormalTextRun SCXW130150443 BCX0\">PRESENTAZIONE DEL LIBRO&gt;<\/span><\/span><\/p>\n<p style=\"font-weight: bold;\"><span class=\"TextRun SCXW130150443 BCX0\" lang=\"IT-IT\" xml:lang=\"IT-IT\" data-contrast=\"auto\"><span class=\"NormalTextRun SCXW130150443 BCX0\">La malattia che cura il teatro<\/span><\/span><\/p>\n\t\t\t<\/span>\n<\/h3>\n<div class=\"clearboth\"><\/div>\n\n\n\n\t<div class=\"vc_custom_1732808665667\">\n\n<div id=\"text-block-21\" class=\"mk-text-block  jupiter-donut-\">\n\n\t\n\t<p><span class=\"LineBreakBlob BlobObject DragDrop SCXW153512023 BCX0\"><span class=\"TextRun SCXW130150443 BCX0\" lang=\"IT-IT\" xml:lang=\"IT-IT\" data-contrast=\"auto\"><span class=\"NormalTextRun SCXW130150443 BCX0\">Venerd\u00ec 29 Novembre h. 18<\/span><\/span><span class=\"LineBreakBlob BlobObject DragDrop SCXW130150443 BCX0\"><br class=\"SCXW130150443 BCX0\" \/><\/span><span class=\"TextRun SCXW130150443 BCX0\" lang=\"IT-IT\" xml:lang=\"IT-IT\" data-contrast=\"auto\"><span class=\"NormalTextRun SCXW130150443 BCX0\">Salette Teatro Giacconi, Chiaravalle<\/span><\/span><br \/>\n<\/span><\/p>\n\n\t<div class=\"clearboth\"><\/div>\n<\/div>\n\n\t<\/div>\n\n<div id=\"padding-22\" class=\"mk-padding-divider jupiter-donut-  jupiter-donut-clearfix\"><\/div>\n\n\n<div id=\"padding-23\" class=\"mk-padding-divider jupiter-donut-  jupiter-donut-clearfix\"><\/div>\n\n<\/div><\/div><\/div><div class=\"wpb_column vc_column_container vc_col-sm-6\"><div class=\"vc_column-inner\"><div class=\"wpb_wrapper\">\n<div id=\"padding-24\" class=\"mk-padding-divider jupiter-donut-  jupiter-donut-clearfix\"><\/div>\n\n\n<h3 id=\"fancy-title-25\" class=\"mk-fancy-title  simple-style jupiter-donut- title_segnalibro color-single\">\n\t<span>\n\t\t\t\t<p style=\"font-weight: bold;\">#VEDERE<\/p>\n\t\t\t<\/span>\n<\/h3>\n<div class=\"clearboth\"><\/div>\n\n\n\n\n<div id=\"padding-26\" class=\"mk-padding-divider jupiter-donut-  jupiter-donut-clearfix\"><\/div>\n\n\n<h3 id=\"fancy-title-27\" class=\"mk-fancy-title  simple-style jupiter-donut- title_segnalibro color-single\">\n\t<span>\n\t\t\t\t<p style=\"font-weight: bold;\"><span class=\"TextRun SCXW130150443 BCX0\" lang=\"IT-IT\" xml:lang=\"IT-IT\" data-contrast=\"auto\"><span class=\"NormalTextRun SCXW130150443 BCX0\">FRATELLI<\/span><\/span><\/p>\n\t\t\t<\/span>\n<\/h3>\n<div class=\"clearboth\"><\/div>\n\n\n\n\t<div class=\"vc_custom_1732808506483\">\n\n<div id=\"text-block-28\" class=\"mk-text-block  jupiter-donut-\">\n\n\t\n\t<p><span class=\"LineBreakBlob BlobObject DragDrop SCXW153512023 BCX0\"><span class=\"TextRun SCXW130150443 BCX0\" lang=\"IT-IT\" xml:lang=\"IT-IT\" data-contrast=\"auto\"><span class=\"NormalTextRun SCXW130150443 BCX0\">Venerd\u00ec 29 Novembre h. 21<\/span><\/span><span class=\"LineBreakBlob BlobObject DragDrop SCXW130150443 BCX0\"><span class=\"SCXW130150443 BCX0\">\u00a0<\/span><br class=\"SCXW130150443 BCX0\" \/><\/span><span class=\"TextRun SCXW130150443 BCX0\" lang=\"IT-IT\" xml:lang=\"IT-IT\" data-contrast=\"auto\"><span class=\"NormalTextRun SCXW130150443 BCX0\">Teatro Giacconi, Chiaravalle<\/span><\/span><br \/>\n<\/span><\/p>\n\n\t<div class=\"clearboth\"><\/div>\n<\/div>\n\n\t<\/div>\n\n<div id=\"padding-29\" class=\"mk-padding-divider jupiter-donut-  jupiter-donut-clearfix\"><\/div>\n\n\n<h3 id=\"fancy-title-30\" class=\"mk-fancy-title  simple-style jupiter-donut- title_segnalibro color-single\">\n\t<span>\n\t\t\t\t<p style=\"font-weight: bold;\">ASPETTANDO &#8221; ASPETTANDO GODOT&#8221;<\/p>\n<p>in collaborazione con la Rete del Sollievo<\/p>\n\t\t\t<\/span>\n<\/h3>\n<div class=\"clearboth\"><\/div>\n\n\n\n\t<div class=\"vc_custom_1732808563657\">\n\n<div id=\"text-block-31\" class=\"mk-text-block  jupiter-donut-\">\n\n\t\n\t<p><span class=\"LineBreakBlob BlobObject DragDrop SCXW153512023 BCX0\"><span class=\"TextRun SCXW130150443 BCX0\" lang=\"IT-IT\" xml:lang=\"IT-IT\" data-contrast=\"auto\"><span class=\"NormalTextRun SCXW130150443 BCX0\">Venerd\u00ec 06 Dicembre h. 21<\/span><\/span><span class=\"LineBreakBlob BlobObject DragDrop SCXW130150443 BCX0\"><span class=\"SCXW130150443 BCX0\">\u00a0<\/span><br class=\"SCXW130150443 BCX0\" \/><\/span><span class=\"TextRun SCXW130150443 BCX0\" lang=\"IT-IT\" xml:lang=\"IT-IT\" data-contrast=\"auto\"><span class=\"NormalTextRun SCXW130150443 BCX0\">Teatro La Fortuna, Monte San Vito<\/span><\/span><\/span><\/p>\n\n\t<div class=\"clearboth\"><\/div>\n<\/div>\n\n\t<\/div>\n\n<div id=\"padding-32\" class=\"mk-padding-divider jupiter-donut-  jupiter-donut-clearfix\"><\/div>\n\n\n<h3 id=\"fancy-title-33\" class=\"mk-fancy-title  simple-style jupiter-donut- title_segnalibro color-single\">\n\t<span>\n\t\t\t\t<p style=\"font-weight: bold;\"><span class=\"TextRun SCXW162007763 BCX0\" lang=\"IT-IT\" xml:lang=\"IT-IT\" data-contrast=\"auto\"><span class=\"NormalTextRun SCXW162007763 BCX0\">YUME. NULLA SI SPEGNE<\/span><\/span><\/p>\n\t\t\t<\/span>\n<\/h3>\n<div class=\"clearboth\"><\/div>\n\n\n\n\t<div class=\"vc_custom_1732808594485\">\n\n<div id=\"text-block-34\" class=\"mk-text-block  jupiter-donut-\">\n\n\t\n\t<p><span class=\"LineBreakBlob BlobObject DragDrop SCXW153512023 BCX0\"><span class=\"TextRun SCXW130150443 BCX0\" lang=\"IT-IT\" xml:lang=\"IT-IT\" data-contrast=\"auto\"><span class=\"NormalTextRun SCXW130150443 BCX0\">Venerd\u00ec 06 Dicembre h. 21<\/span><\/span><span class=\"LineBreakBlob BlobObject DragDrop SCXW130150443 BCX0\"><span class=\"SCXW130150443 BCX0\">\u00a0<\/span><br class=\"SCXW130150443 BCX0\" \/><\/span><span class=\"TextRun SCXW130150443 BCX0\" lang=\"IT-IT\" xml:lang=\"IT-IT\" data-contrast=\"auto\"><span class=\"NormalTextRun SCXW130150443 BCX0\">Teatro Giacconi, Chiaravalle<\/span><\/span><\/span><\/p>\n\n\t<div class=\"clearboth\"><\/div>\n<\/div>\n\n\t<\/div>\n<\/div><\/div><\/div>\t\t\t<\/div>\n\t<\/div>\n\n\n<div class=\"wpb_row vc_inner vc_row vc_row-fluid jupiter-donut-  add-padding-3 attched-true   vc_custom_1732809450444 vc_hidden-lg vc_hidden-xs vc_hidden-sm vc_hidden-md\">\n\t\t\t\t<div class=\"mk-grid\">\n\t\t\t<div class=\"wpb_column vc_column_container vc_col-sm-12\"><div class=\"vc_column-inner\"><div class=\"wpb_wrapper\"><div class=\"vc_separator wpb_content_element vc_separator_align_center vc_sep_width_100 vc_sep_border_width_2 vc_sep_pos_align_center vc_separator_no_text wpb_content_element  wpb_content_element\" ><span class=\"vc_sep_holder vc_sep_holder_l\"><span style=\"border-color:#a60200;\" class=\"vc_sep_line\"><\/span><\/span><span class=\"vc_sep_holder vc_sep_holder_r\"><span style=\"border-color:#a60200;\" class=\"vc_sep_line\"><\/span><\/span>\n<\/div>\n<div id=\"padding-35\" class=\"mk-padding-divider jupiter-donut-  jupiter-donut-clearfix\"><\/div>\n\n\n<h3 id=\"fancy-title-36\" class=\"mk-fancy-title  simple-style jupiter-donut- title_segnalibro color-single\">\n\t<span>\n\t\t\t\t<p>Incontro conclusivo<\/p>\n\t\t\t<\/span>\n<\/h3>\n<div class=\"clearboth\"><\/div>\n\n\n\n\t<div class=\"vc_custom_1700219580537\">\n\n<div id=\"text-block-37\" class=\"mk-text-block  jupiter-donut-\">\n\n\t\n\t<p><span data-contrast=\"auto\">Incontro conclusivo h. 16-19, marzo 2024\u202f(data da definire)<\/span><br \/>\n<span data-contrast=\"auto\">Jesi\u202f(luogo da definire)<\/span><span data-ccp-props=\"{}\">\u00a0<\/span><\/p>\n\n\t<div class=\"clearboth\"><\/div>\n<\/div>\n\n\t<\/div>\n\n<div id=\"padding-38\" class=\"mk-padding-divider jupiter-donut-  jupiter-donut-clearfix\"><\/div>\n\n\n<h3 id=\"fancy-title-39\" class=\"mk-fancy-title  simple-style jupiter-donut- title_segnalibro color-single\">\n\t<span>\n\t\t\t\t<p style=\"font-weight: bold;\"><span data-contrast=\"auto\">Numero ore<\/span><\/p>\n\t\t\t<\/span>\n<\/h3>\n<div class=\"clearboth\"><\/div>\n\n\n\n\t<div class=\"vc_custom_1700219623543\">\n\n<div id=\"text-block-40\" class=\"mk-text-block  jupiter-donut-\">\n\n\t\n\t<p><span data-contrast=\"auto\">\u202f12\u202f(presenza ad almeno 3 appuntamenti a teatro)<\/span><\/p>\n\n\t<div class=\"clearboth\"><\/div>\n<\/div>\n\n\t<\/div>\n\n<div id=\"padding-41\" class=\"mk-padding-divider jupiter-donut-  jupiter-donut-clearfix\"><\/div>\n\n\n<h3 id=\"fancy-title-42\" class=\"mk-fancy-title  simple-style jupiter-donut- title_segnalibro color-single\">\n\t<span>\n\t\t\t\t<p style=\"font-weight: bold;\"><span class=\"TextRun SCXW153512023 BCX0\" lang=\"IT-IT\" xml:lang=\"IT-IT\" data-contrast=\"auto\"><span class=\"NormalTextRun SCXW153512023 BCX0\">Costo<\/span><\/span><\/p>\n\t\t\t<\/span>\n<\/h3>\n<div class=\"clearboth\"><\/div>\n\n\n\n\t<div class=\"vc_custom_1700219616636\">\n\n<div id=\"text-block-43\" class=\"mk-text-block  jupiter-donut-\">\n\n\t\n\t<p><span data-contrast=\"auto\">biglietti d\u2019ingresso a teatro\u202f(tariffa ridotta)<\/span><\/p>\n\n\t<div class=\"clearboth\"><\/div>\n<\/div>\n\n\t<\/div>\n\t<div class=\"vc_custom_1700219633070\">\n\n<div id=\"text-block-44\" class=\"mk-text-block  jupiter-donut-\">\n\n\t\n\t<p><span data-contrast=\"auto\">incontri pre e post\u202f visione gratuiti<\/span><span data-ccp-props=\"{}\">\u00a0<\/span><\/p>\n\n\t<div class=\"clearboth\"><\/div>\n<\/div>\n\n\t<\/div>\n<\/div><\/div><\/div>\t\t\t<\/div>\n\t<\/div>\n<\/div>\n<\/div>\n            <div class=\"clearboth\"><\/div>\n        <\/div>\n\n\n\t\t\t\n\t\t\t\n\t\t\t<div class=\"mk-shape-divider mk-shape-divider--stick jagged-rounded-bottom-style big-size mk-shape-divider--stick-bottom\" id=\"mk-shape-divider-45\">\n\t\t\t<div class=\"shape__container\">\n\t\t\t\t<div class=\"shape\">\n\t\t\t\t\n\t\t<svg width=\"100%\" height=\"6px\">\n\t\t\t<defs>\n\t\t\t    <pattern id=\"shapeDividerPattern-45\" preserveaspectratio=\"none\" style=\"background-repeat: none;\" patternunits=\"userSpaceOnUse\" x=\"0\" y=\"0\" width=\"18px\" height=\"60px\" viewbox=\"0 0 18 60\">\n\t\t\t        <path fill=\"transparent\" d=\"M5.944,3.146C4.415,1.213,2.174,0,0,0v6h18V0c-2.175,0-4.414,1.213-5.944,3.146C10.271,5.397,7.729,5.397,5.944,3.146\"><\/path>\n\t\t\t    <\/pattern>\n\t\t\t<\/defs>\n\n\t\t\t<!-- Background -->\n\t\t\t<rect x=\"0\" y=\"0\" width=\"100%\" height=\"6px\" fill=\"url(#shapeDividerPattern-45)\"><\/rect>\n\t\t<\/svg>\n\t<\/div>\n\t\t\t<\/div>\n\t\t<\/div>\n\t\t<div class=\"clearboth\"><\/div>\n\t<\/div>\n<\/div>\n<div class=\"vc_row-full-width vc_clearfix\"><\/div>\n\n\n<div  data-mk-full-width=\"true\" data-mk-full-width-init=\"false\" data-mk-stretch-content=\"true\" class=\"wpb_row vc_row vc_row-fluid jupiter-donut- mk-fullwidth-true add-padding-0 attched-true     equal-columns js-master-row  mk-full-content-true\">\n\t\t\t\t\n<div class=\"vc_col-sm-4 prefooter-column wpb_column column_container  jupiter-donut- _ jupiter-donut-height-full\">\n\t\n<div class=\"mk-custom-box jupiter-donut- prefooter-box hover-effect-image\" id=\"box-47\">\n\t<div class=\"box-holder\">\n<div id=\"padding-48\" class=\"mk-padding-divider jupiter-donut-  jupiter-donut-clearfix\"><\/div>\n\n\n<h2 id=\"fancy-title-49\" class=\"mk-fancy-title  simple-style jupiter-donut- prefooter-title color-single\">\n\t<span>\n\t\t\t\t<p>Help Us Keep Theatre Alive<\/p>\n\t\t\t<\/span>\n<\/h2>\n<div class=\"clearboth\"><\/div>\n\n\n\n\n<h2 id=\"fancy-title-50\" class=\"mk-fancy-title  simple-style jupiter-donut- prefooter-link color-single\">\n\t<span>\n\t\t\t\t<p><span style=\"color: #ffffff;\"><a style=\"color: #ffffff;\" href=\"https:\/\/teatrogiovaniteatropirata.it\/en\/sostieni-il-teatro\/\">Read more<\/a><\/span><\/p>\n\t\t\t<\/span>\n<\/h2>\n<div class=\"clearboth\"><\/div>\n\n\n\n\n<div id=\"padding-51\" class=\"mk-padding-divider jupiter-donut-  jupiter-donut-clearfix\"><\/div>\n\n\n\t\t<div class=\"jupiter-donut-clearfix\"><\/div>\n\t<div class=\"mk-custom-box--overlay\"><\/div>\n<\/div>\n<\/div>\n<\/div>\n\n<div class=\"vc_col-sm-4 prefooter-column wpb_column column_container vc_custom_1697186527018 jupiter-donut- _ jupiter-donut-height-full\">\n\t\n<div class=\"mk-custom-box jupiter-donut- prefooter-box hover-effect-image\" id=\"box-53\">\n\t<div class=\"box-holder\">\n<div id=\"padding-54\" class=\"mk-padding-divider jupiter-donut-  jupiter-donut-clearfix\"><\/div>\n\n\n<h2 id=\"fancy-title-55\" class=\"mk-fancy-title  simple-style jupiter-donut- prefooter-title color-single\">\n\t<span>\n\t\t\t\t<p>Subscribe to our Newsletter<\/p>\n\t\t\t<\/span>\n<\/h2>\n<div class=\"clearboth\"><\/div>\n\n\n\n\n<h2 id=\"fancy-title-56\" class=\"mk-fancy-title  simple-style jupiter-donut- prefooter-link color-single\">\n\t<span>\n\t\t\t\t<script>(function() {\n\twindow.mc4wp = window.mc4wp || {\n\t\tlisteners: [],\n\t\tforms: {\n\t\t\ton: function(evt, cb) {\n\t\t\t\twindow.mc4wp.listeners.push(\n\t\t\t\t\t{\n\t\t\t\t\t\tevent   : evt,\n\t\t\t\t\t\tcallback: cb\n\t\t\t\t\t}\n\t\t\t\t);\n\t\t\t}\n\t\t}\n\t}\n})();\n<\/script><!-- Mailchimp for WordPress v4.11.1 - https:\/\/wordpress.org\/plugins\/mailchimp-for-wp\/ --><form id=\"mc4wp-form-1\" class=\"mc4wp-form mc4wp-form-4843\" method=\"post\" data-id=\"4843\" data-name=\"Iscriviti alla newsletter\" action=\"\">\n<div class=\"mc4wp-form-fields\"><p>\r\n\t<label><input type=\"email\" name=\"EMAIL\" placeholder=\"Il tuo indirizzo email\" required>\r\n<p>     \r\n          <input type=\"submit\" value=\"Iscriviti\">\r\n<\/p>\n<p><\/p><\/label><\/p><\/div>\n<label style=\"display: none !important;\">Leave this field empty if you're human: <input type=\"text\" name=\"_mc4wp_honeypot\" value=\"\" tabindex=\"-1\" autocomplete=\"off\"><\/label><input type=\"hidden\" name=\"_mc4wp_timestamp\" value=\"1778769937\"><input type=\"hidden\" name=\"_mc4wp_form_id\" value=\"4843\"><input type=\"hidden\" name=\"_mc4wp_form_element_id\" value=\"mc4wp-form-1\"><div class=\"mc4wp-response\"><\/div>\n<input type=\"hidden\" name=\"trp-form-language\" value=\"en\"\/><\/form>\n<!-- \/ Mailchimp for WordPress Plugin -->\n\t\t\t<\/span>\n<\/h2>\n<div class=\"clearboth\"><\/div>\n\n\n\n\n<div id=\"padding-57\" class=\"mk-padding-divider jupiter-donut-  jupiter-donut-clearfix\"><\/div>\n\n\n\t\t<div class=\"jupiter-donut-clearfix\"><\/div>\n\t<\/div>\n<\/div>\n<\/div>\n\n<div class=\"vc_col-sm-4 prefooter-column wpb_column column_container  jupiter-donut- _ jupiter-donut-height-full\">\n\t\n<div class=\"mk-custom-box jupiter-donut- prefooter-box hover-effect-image\" id=\"box-59\">\n\t<div class=\"box-holder\">\n<div id=\"padding-60\" class=\"mk-padding-divider jupiter-donut-  jupiter-donut-clearfix\"><\/div>\n\n\n<div id=\"padding-61\" class=\"mk-padding-divider jupiter-donut-visible-dt-v2  jupiter-donut-clearfix\"><\/div>\n\n\n<h2 id=\"fancy-title-62\" class=\"mk-fancy-title  simple-style jupiter-donut- prefooter-title color-single\">\n\t<span>\n\t\t\t\t<p>Palazzo Menarini Residency<\/p>\n\t\t\t<\/span>\n<\/h2>\n<div class=\"clearboth\"><\/div>\n\n\n\n\n<h2 id=\"fancy-title-63\" class=\"mk-fancy-title  simple-style jupiter-donut- prefooter-link color-single\">\n\t<span>\n\t\t\t\t<p><span style=\"color: #ffffff;\"><a style=\"color: #ffffff;\" href=\"https:\/\/teatrogiovaniteatropirata.it\/en\/casa-menarini\/\">Read more<\/a><\/span><\/p>\n\t\t\t<\/span>\n<\/h2>\n<div class=\"clearboth\"><\/div>\n\n\n\n\n<div id=\"padding-64\" class=\"mk-padding-divider jupiter-donut-  jupiter-donut-clearfix\"><\/div>\n\n\n\t\t<div class=\"jupiter-donut-clearfix\"><\/div>\n\t<div class=\"mk-custom-box--overlay\"><\/div>\n<\/div>\n<\/div>\n<\/div>\n\t<\/div>\n<div class=\"vc_row-full-width vc_clearfix\"><\/div>\n<\/div>","protected":false},"excerpt":{"rendered":"Home Il teatro come abito Il teatro come abito della comunit\u00e0 A cura di Alice Toccacieli con la partecipazione di Agata Sofia Toderi, Valentina Damiani, Laura Storani e Adriana Lodovichetti #FARE L'intervento di formazione consiste in un incontro laboratoriale nel quale i momenti di gioco si alternano al racconto delle pratiche di lavoro e ricerca [...]","protected":false},"author":5,"featured_media":0,"parent":2937,"menu_order":0,"comment_status":"closed","ping_status":"closed","template":"","meta":{"footnotes":""},"class_list":["post-7276","page","type-page","status-publish","hentry"],"_links":{"self":[{"href":"https:\/\/teatrogiovaniteatropirata.it\/en\/wp-json\/wp\/v2\/pages\/7276","targetHints":{"allow":["GET"]}}],"collection":[{"href":"https:\/\/teatrogiovaniteatropirata.it\/en\/wp-json\/wp\/v2\/pages"}],"about":[{"href":"https:\/\/teatrogiovaniteatropirata.it\/en\/wp-json\/wp\/v2\/types\/page"}],"author":[{"embeddable":true,"href":"https:\/\/teatrogiovaniteatropirata.it\/en\/wp-json\/wp\/v2\/users\/5"}],"replies":[{"embeddable":true,"href":"https:\/\/teatrogiovaniteatropirata.it\/en\/wp-json\/wp\/v2\/comments?post=7276"}],"version-history":[{"count":5,"href":"https:\/\/teatrogiovaniteatropirata.it\/en\/wp-json\/wp\/v2\/pages\/7276\/revisions"}],"predecessor-version":[{"id":7284,"href":"https:\/\/teatrogiovaniteatropirata.it\/en\/wp-json\/wp\/v2\/pages\/7276\/revisions\/7284"}],"up":[{"embeddable":true,"href":"https:\/\/teatrogiovaniteatropirata.it\/en\/wp-json\/wp\/v2\/pages\/2937"}],"wp:attachment":[{"href":"https:\/\/teatrogiovaniteatropirata.it\/en\/wp-json\/wp\/v2\/media?parent=7276"}],"curies":[{"name":"wp","href":"https:\/\/api.w.org\/{rel}","templated":true}]}}