{"id":6864,"date":"2024-10-16T09:13:56","date_gmt":"2024-10-16T09:13:56","guid":{"rendered":"https:\/\/teatrogiovaniteatropirata.it\/?page_id=6864"},"modified":"2026-01-26T12:20:19","modified_gmt":"2026-01-26T12:20:19","slug":"vieni-a-teatro","status":"publish","type":"page","link":"https:\/\/teatrogiovaniteatropirata.it\/en\/vieni-a-teatro\/","title":{"rendered":"Come to the theater"},"content":{"rendered":"<div class=\"wpb-content-wrapper\">\n<div  data-mk-full-width=\"true\" data-mk-full-width-init=\"false\" class=\"wpb_row vc_row vc_row-fluid jupiter-donut- mk-fullwidth-true  attched-false    vc_custom_1717401032944  js-master-row\">\n\t\t\t<div class=\"mk-grid\">\n\t\t\t\t\n<div class=\"vc_col-sm-12 wpb_column column_container  jupiter-donut- _ jupiter-donut-height-full\">\n\t\n<div id=\"padding-2\" class=\"mk-padding-divider jupiter-donut-hidden-sm  jupiter-donut-clearfix\"><\/div>\n\n\n<div id=\"padding-3\" class=\"mk-padding-divider jupiter-donut-visible-sm  jupiter-donut-clearfix\"><\/div>\n\n\n<h2 id=\"fancy-title-4\" class=\"mk-fancy-title  simple-style jupiter-donut-  color-single\">\n\t<span>\n\t\t\t\t<p>Stagioni<\/p>\n\t\t\t<\/span>\n<\/h2>\n<div class=\"clearboth\"><\/div>\n\n\n\n\n<div id=\"padding-5\" class=\"mk-padding-divider jupiter-donut-hidden-sm  jupiter-donut-clearfix\"><\/div>\n\n\n<div id=\"padding-6\" class=\"mk-padding-divider jupiter-donut-visible-sm  jupiter-donut-clearfix\"><\/div>\n\n<\/div>\n\t\t\t<\/div>\n\t<\/div>\n<div class=\"vc_row-full-width vc_clearfix\"><\/div>\n<div  data-mk-stretch-content=\"true\" class=\"wpb_row vc_row vc_row-fluid jupiter-donut- mk-fullwidth-false  attched-false     js-master-row  mk-grid\">\n\t\t\t\t\n<div class=\"vc_col-sm-12 wpb_column column_container  jupiter-donut- _ jupiter-donut-height-full\">\n\t\n<div id=\"padding-8\" class=\"mk-padding-divider jupiter-donut-  jupiter-donut-clearfix\"><\/div>\n\n<\/div>\n\t<\/div>\n\n<div  data-mk-stretch-content=\"true\" class=\"wpb_row vc_row vc_row-fluid jupiter-donut- mk-fullwidth-false  attched-false     js-master-row  mk-grid\">\n\t\t\t\t\n<div class=\"vc_col-sm-6 wpb_column column_container  jupiter-donut- _ jupiter-donut-height-full\">\n\t\n<div id=\"padding-10\" class=\"mk-padding-divider jupiter-donut-  jupiter-donut-clearfix\"><\/div>\n\n\n<div class=\"mk-custom-box jupiter-donut- hover-effect-image\" id=\"box-11\">\n\t<div class=\"box-holder\">\n<div id=\"padding-12\" class=\"mk-padding-divider jupiter-donut-  jupiter-donut-clearfix\"><\/div>\n\n\n<h3 id=\"fancy-title-13\" class=\"mk-fancy-title  simple-style jupiter-donut-  color-single\">\n\t<span>\n\t\t\t\t<p>Stagione Teatro Moriconi Jesi<\/p>\n\t\t\t<\/span>\n<\/h3>\n<div class=\"clearboth\"><\/div>\n\n\n\n\n<h2 id=\"fancy-title-14\" class=\"mk-fancy-title  simple-style jupiter-donut- prefooter-link color-single\">\n\t<span>\n\t\t\t\t<p><span style=\"color: #ffffff;\"><a style=\"color: #ffffff;\" href=\"https:\/\/teatrogiovaniteatropirata.it\/en\/fairplay\/\">&gt;Scopri di pi\u00f9<\/a><\/span><\/p>\n\t\t\t<\/span>\n<\/h2>\n<div class=\"clearboth\"><\/div>\n\n\n\n\n\t\t<div class=\"jupiter-donut-clearfix\"><\/div>\n\t<div class=\"mk-custom-box--overlay\"><\/div>\n<\/div>\n<\/div>\n\n<div id=\"padding-15\" class=\"mk-padding-divider jupiter-donut-  jupiter-donut-clearfix\"><\/div>\n\n\n<div class=\"mk-custom-box jupiter-donut- hover-effect-image\" id=\"box-16\">\n\t<div class=\"box-holder\">\n<div id=\"padding-17\" class=\"mk-padding-divider jupiter-donut-  jupiter-donut-clearfix\"><\/div>\n\n\n<h3 id=\"fancy-title-18\" class=\"mk-fancy-title  simple-style jupiter-donut-  color-single\">\n\t<span>\n\t\t\t\t<p>Stagione Teatrale Montecarotto<\/p>\n\t\t\t<\/span>\n<\/h3>\n<div class=\"clearboth\"><\/div>\n\n\n\n\n<h2 id=\"fancy-title-19\" class=\"mk-fancy-title  simple-style jupiter-donut- prefooter-link color-single\">\n\t<span>\n\t\t\t\t<p><span style=\"color: #ffffff;\"><a style=\"color: #ffffff;\" href=\"https:\/\/teatrogiovaniteatropirata.it\/en\/stagione-montecarotto\/\">&gt;Scopri di pi\u00f9<\/a><\/span><\/p>\n\t\t\t<\/span>\n<\/h2>\n<div class=\"clearboth\"><\/div>\n\n\n\n\n\t\t<div class=\"jupiter-donut-clearfix\"><\/div>\n\t<div class=\"mk-custom-box--overlay\"><\/div>\n<\/div>\n<\/div>\n\n<div id=\"padding-20\" class=\"mk-padding-divider jupiter-donut-  jupiter-donut-clearfix\"><\/div>\n\n\n<div class=\"mk-custom-box jupiter-donut- hover-effect-image\" id=\"box-21\">\n\t<div class=\"box-holder\">\n<div id=\"padding-22\" class=\"mk-padding-divider jupiter-donut-  jupiter-donut-clearfix\"><\/div>\n\n\n<h3 id=\"fancy-title-23\" class=\"mk-fancy-title  simple-style jupiter-donut-  color-single\">\n\t<span>\n\t\t\t\t<p>Officine TeatraAbili<\/p>\n\t\t\t<\/span>\n<\/h3>\n<div class=\"clearboth\"><\/div>\n\n\n\n\n<h2 id=\"fancy-title-24\" class=\"mk-fancy-title  simple-style jupiter-donut- prefooter-link color-single\">\n\t<span>\n\t\t\t\t<p><span style=\"color: #ffffff;\"><a style=\"color: #ffffff;\" href=\"https:\/\/teatrogiovaniteatropirata.it\/en\/officine-teatrali\/\">&gt;Scopri di pi\u00f9<\/a><\/span><\/p>\n\t\t\t<\/span>\n<\/h2>\n<div class=\"clearboth\"><\/div>\n\n\n\n\n\t\t<div class=\"jupiter-donut-clearfix\"><\/div>\n\t<div class=\"mk-custom-box--overlay\"><\/div>\n<\/div>\n<\/div>\n\n<div id=\"padding-25\" class=\"mk-padding-divider jupiter-donut-  jupiter-donut-clearfix\"><\/div>\n\n<\/div>\n\n<div class=\"vc_col-sm-6 wpb_column column_container  jupiter-donut- _ jupiter-donut-height-full\">\n\t\n<div id=\"padding-27\" class=\"mk-padding-divider jupiter-donut-  jupiter-donut-clearfix\"><\/div>\n\n\n<div class=\"mk-custom-box jupiter-donut- hover-effect-image\" id=\"box-28\">\n\t<div class=\"box-holder\">\n<div id=\"padding-29\" class=\"mk-padding-divider jupiter-donut-  jupiter-donut-clearfix\"><\/div>\n\n\n<h3 id=\"fancy-title-30\" class=\"mk-fancy-title  simple-style jupiter-donut-  color-single\">\n\t<span>\n\t\t\t\t<p>Stagione Teatrale Arcevia<\/p>\n\t\t\t<\/span>\n<\/h3>\n<div class=\"clearboth\"><\/div>\n\n\n\n\n<h2 id=\"fancy-title-31\" class=\"mk-fancy-title  simple-style jupiter-donut- prefooter-link color-single\">\n\t<span>\n\t\t\t\t<p><span style=\"color: #ffffff;\"><a style=\"color: #ffffff;\" href=\"https:\/\/teatrogiovaniteatropirata.it\/en\/stagione-teatro-misa\/\">&gt;Scopri di pi\u00f9<\/a><\/span><\/p>\n\t\t\t<\/span>\n<\/h2>\n<div class=\"clearboth\"><\/div>\n\n\n\n\n\t\t<div class=\"jupiter-donut-clearfix\"><\/div>\n\t<div class=\"mk-custom-box--overlay\"><\/div>\n<\/div>\n<\/div>\n\n<div id=\"padding-32\" class=\"mk-padding-divider jupiter-donut-  jupiter-donut-clearfix\"><\/div>\n\n\n<div class=\"mk-custom-box jupiter-donut- hover-effect-image\" id=\"box-33\">\n\t<div class=\"box-holder\">\n<div id=\"padding-34\" class=\"mk-padding-divider jupiter-donut-  jupiter-donut-clearfix\"><\/div>\n\n\n<h3 id=\"fancy-title-35\" class=\"mk-fancy-title  simple-style jupiter-donut-  color-single\">\n\t<span>\n\t\t\t\t<p>Stagione Teatro Ragazzi<\/p>\n\t\t\t<\/span>\n<\/h3>\n<div class=\"clearboth\"><\/div>\n\n\n\n\n<h2 id=\"fancy-title-36\" class=\"mk-fancy-title  simple-style jupiter-donut- prefooter-link color-single\">\n\t<span>\n\t\t\t\t<p><span style=\"color: #ffffff;\"><a style=\"color: #ffffff;\" href=\"https:\/\/teatrogiovaniteatropirata.it\/en\/stagione-teatro-ragazzi\/\">&gt;Scopri di pi\u00f9<\/a><\/span><\/p>\n\t\t\t<\/span>\n<\/h2>\n<div class=\"clearboth\"><\/div>\n\n\n\n\n\t\t<div class=\"jupiter-donut-clearfix\"><\/div>\n\t<div class=\"mk-custom-box--overlay\"><\/div>\n<\/div>\n<\/div>\n\n<div id=\"padding-37\" class=\"mk-padding-divider jupiter-donut-  jupiter-donut-clearfix\"><\/div>\n\n\n<div class=\"mk-custom-box jupiter-donut- hover-effect-image\" id=\"box-38\">\n\t<div class=\"box-holder\">\n<div id=\"padding-39\" class=\"mk-padding-divider jupiter-donut-  jupiter-donut-clearfix\"><\/div>\n\n\n<h3 id=\"fancy-title-40\" class=\"mk-fancy-title  simple-style jupiter-donut-  color-single\">\n\t<span>\n\t\t\t\t<p>Young Adult 2025<\/p>\n\t\t\t<\/span>\n<\/h3>\n<div class=\"clearboth\"><\/div>\n\n\n\n\n<h2 id=\"fancy-title-41\" class=\"mk-fancy-title  simple-style jupiter-donut- prefooter-link color-single\">\n\t<span>\n\t\t\t\t<p><span style=\"color: #ffffff;\"><a style=\"color: #ffffff;\" href=\"https:\/\/teatrogiovaniteatropirata.it\/en\/young-adult\/\">&gt;Scopri di pi\u00f9<\/a><\/span><\/p>\n\t\t\t<\/span>\n<\/h2>\n<div class=\"clearboth\"><\/div>\n\n\n\n\n\t\t<div class=\"jupiter-donut-clearfix\"><\/div>\n\t<div class=\"mk-custom-box--overlay\"><\/div>\n<\/div>\n<\/div>\n\n<div id=\"padding-42\" class=\"mk-padding-divider jupiter-donut-  jupiter-donut-clearfix\"><\/div>\n\n<\/div>\n\t<\/div>\n\n<div  data-mk-full-width=\"true\" data-mk-full-width-init=\"false\" class=\"wpb_row vc_row vc_row-fluid jupiter-donut- mk-fullwidth-true  attched-false     js-master-row vc_hidden-lg vc_hidden-xs vc_hidden-sm vc_hidden-md\">\n\t\t\t<div class=\"mk-grid\">\n\t\t\t\t\n<div class=\"vc_col-sm-6 wpb_column column_container  jupiter-donut- _ jupiter-donut-height-full\">\n\t\n<div id=\"padding-44\" class=\"mk-padding-divider jupiter-donut-  jupiter-donut-clearfix\"><\/div>\n\n\n<div class=\"mk-custom-box jupiter-donut- hover-effect-image\" id=\"box-45\">\n\t<div class=\"box-holder\">\n<div id=\"padding-46\" class=\"mk-padding-divider jupiter-donut-  jupiter-donut-clearfix\"><\/div>\n\n\n<h3 id=\"fancy-title-47\" class=\"mk-fancy-title  simple-style jupiter-donut-  color-single\">\n\t<span>\n\t\t\t\t<p>Stagione Teatrale per le Scuole 2025\/2026<\/p>\n\t\t\t<\/span>\n<\/h3>\n<div class=\"clearboth\"><\/div>\n\n\n\n\n<h2 id=\"fancy-title-48\" class=\"mk-fancy-title  simple-style jupiter-donut- prefooter-link color-single\">\n\t<span>\n\t\t\t\t<p><span style=\"color: #ffffff;\"><a style=\"color: #ffffff;\" href=\"https:\/\/teatrogiovaniteatropirata.it\/en\/stagione-teatrale-per-le-scuole\/\">&gt;Scopri di pi\u00f9<\/a><\/span><\/p>\n\t\t\t<\/span>\n<\/h2>\n<div class=\"clearboth\"><\/div>\n\n\n\n\n\t\t<div class=\"jupiter-donut-clearfix\"><\/div>\n\t<div class=\"mk-custom-box--overlay\"><\/div>\n<\/div>\n<\/div>\n\t<div class=\"vc_custom_1759765230763\">\n\n<div id=\"text-block-49\" class=\"mk-text-block  jupiter-donut-\">\n\n\t\n\t<p><a style=\"display: block;\" href=\"https:\/\/teatrogiovaniteatropirata.it\/en\/stagione-teatro-ragazzi\/\">\n<div class=\"mk-custom-box jupiter-donut- box_clickable hover-effect-image\" id=\"box-50\">\n\t<div class=\"box-holder\">\n<br>\n\n<h3 id=\"fancy-title-51\" class=\"mk-fancy-title  simple-style jupiter-donut-  color-single\">\n\t<span>\n\t\t\t\t<p>\n<span style=\"color: #ffffff;\">Stagione teatro ragazzi<\/span><br>\n<span style=\"color: #fff; font-size: 20px; font-weight: 500;\">Read more<\/span><\/p>\n\t\t\t<\/span>\n<\/h3>\n<div class=\"clearboth\"><\/div>\n\n\n\n<br>\n\n\t\t<div class=\"jupiter-donut-clearfix\"><\/div>\n\t<div class=\"mk-custom-box--overlay\"><\/div>\n<\/div>\n<\/div>\n<\/a><\/p>\n<div class=\"host-lopnbnfpjmgpbppclhclehhgafnifija\" style=\"position: relative; z-index: 2147483647;\"><\/div>\n\n\t<div class=\"clearboth\"><\/div>\n<\/div>\n\n\t<\/div>\n\n<div id=\"padding-52\" class=\"mk-padding-divider jupiter-donut-  jupiter-donut-clearfix\"><\/div>\n\n<\/div>\n\n<div class=\"vc_col-sm-6 wpb_column column_container  jupiter-donut- _ jupiter-donut-height-full\">\n\t\t<div class=\"vc_custom_1762172151745\">\n\n<div id=\"text-block-54\" class=\"mk-text-block  jupiter-donut-\">\n\n\t\n\t<p><a style=\"display: block;\" href=\"https:\/\/teatrogiovaniteatropirata.it\/en\/young-adult\/\">\n<div class=\"mk-custom-box jupiter-donut- box_clickable hover-effect-image\" id=\"box-55\">\n\t<div class=\"box-holder\">\n<br>\n\n<h3 id=\"fancy-title-56\" class=\"mk-fancy-title  simple-style jupiter-donut-  color-single\">\n\t<span>\n\t\t\t\t<p>\n<span style=\"color: #ffffff;\">Young Adult 2025<\/span><br>\n<span style=\"color: #fff; font-size: 20px; font-weight: 500;\">Read more<\/span><\/p>\n\t\t\t<\/span>\n<\/h3>\n<div class=\"clearboth\"><\/div>\n\n\n\n<br>\n\n\t\t<div class=\"jupiter-donut-clearfix\"><\/div>\n\t<div class=\"mk-custom-box--overlay\"><\/div>\n<\/div>\n<\/div>\n<\/a><\/p>\n<div class=\"host-lopnbnfpjmgpbppclhclehhgafnifija\" style=\"position: relative; z-index: 2147483647;\"><\/div>\n\n\t<div class=\"clearboth\"><\/div>\n<\/div>\n\n\t<\/div>\n\n<div id=\"padding-57\" class=\"mk-padding-divider jupiter-donut-  jupiter-donut-clearfix\"><\/div>\n\n<\/div>\n\t\t\t<\/div>\n\t<\/div>\n<div class=\"vc_row-full-width vc_clearfix\"><\/div>\n<div  data-mk-full-width=\"true\" data-mk-full-width-init=\"false\" class=\"wpb_row vc_row vc_row-fluid jupiter-donut- mk-fullwidth-true  attched-false     js-master-row vc_hidden-lg vc_hidden-xs vc_hidden-sm vc_hidden-md\">\n\t\t\t<div class=\"mk-grid\">\n\t\t\t\t\n<div class=\"vc_col-sm-6 wpb_column column_container  jupiter-donut- _ jupiter-donut-height-full\">\n\t\t<div class=\"vc_custom_1759765276674\">\n\n<div id=\"text-block-59\" class=\"mk-text-block  jupiter-donut-\">\n\n\t\n\t<p><a style=\"display: block;\" href=\"https:\/\/teatrogiovaniteatropirata.it\/en\/stagione-teatrale-per-le-scuole\/\">\n<div class=\"mk-custom-box jupiter-donut- box_clickable hover-effect-image\" id=\"box-60\">\n\t<div class=\"box-holder\">\n<br>\n\n<h3 id=\"fancy-title-61\" class=\"mk-fancy-title  simple-style jupiter-donut-  color-single\">\n\t<span>\n\t\t\t\t<p>\n<span style=\"color: #ffffff;\">Stagione per le scuole<\/span><br>\n<span style=\"color: #fff; font-size: 20px; font-weight: 500;\">Read more<\/span><\/p>\n\t\t\t<\/span>\n<\/h3>\n<div class=\"clearboth\"><\/div>\n\n\n\n<br>\n\n\t\t<div class=\"jupiter-donut-clearfix\"><\/div>\n\t<div class=\"mk-custom-box--overlay\"><\/div>\n<\/div>\n<\/div>\n<\/a><\/p>\n<div class=\"host-lopnbnfpjmgpbppclhclehhgafnifija\" style=\"position: relative; z-index: 2147483647;\"><\/div>\n\n\t<div class=\"clearboth\"><\/div>\n<\/div>\n\n\t<\/div>\n\n<div id=\"padding-62\" class=\"mk-padding-divider jupiter-donut-  jupiter-donut-clearfix\"><\/div>\n\n\t<div class=\"vc_custom_1759765186469\">\n\n<div id=\"text-block-63\" class=\"mk-text-block  jupiter-donut-\">\n\n\t\n\t<p><a style=\"display: block;\" href=\"https:\/\/teatrogiovaniteatropirata.it\/en\/vieni-a-teatro\/ambaraba\/\">\n<div class=\"mk-custom-box jupiter-donut- box_clickable hover-effect-image\" id=\"box-64\">\n\t<div class=\"box-holder\">\n<br>\n\n<h3 id=\"fancy-title-65\" class=\"mk-fancy-title  simple-style jupiter-donut-  color-single\">\n\t<span>\n\t\t\t\t<p>\n<span style=\"color: #ffffff;\">Stagione estiva<\/span><br>\n<span style=\"color: #fff; font-size: 20px; font-weight: 500;\">Read more<\/span><\/p>\n\t\t\t<\/span>\n<\/h3>\n<div class=\"clearboth\"><\/div>\n\n\n\n<br>\n\n\t\t<div class=\"jupiter-donut-clearfix\"><\/div>\n\t<div class=\"mk-custom-box--overlay\"><\/div>\n<\/div>\n<\/div>\n<\/a><\/p>\n<div class=\"host-lopnbnfpjmgpbppclhclehhgafnifija\" style=\"position: relative; z-index: 2147483647;\"><\/div>\n\n\t<div class=\"clearboth\"><\/div>\n<\/div>\n\n\t<\/div>\n<\/div>\n\n<div class=\"vc_col-sm-6 wpb_column column_container  jupiter-donut- _ jupiter-donut-height-full\">\n\t\t<div class=\"vc_custom_1763716043602\">\n\n<div id=\"text-block-67\" class=\"mk-text-block  jupiter-donut-\">\n\n\t\n\t<p><a style=\"display: block;\" href=\"https:\/\/teatrogiovaniteatropirata.it\/en\/stagione-di-prosa\/\">\n<div class=\"mk-custom-box jupiter-donut- box_clickable hover-effect-image\" id=\"box-68\">\n\t<div class=\"box-holder\">\n<br>\n\n<h3 id=\"fancy-title-69\" class=\"mk-fancy-title  simple-style jupiter-donut-  color-single\">\n\t<span>\n\t\t\t\t<p>\n<span style=\"color: #ffffff;\">Stagione Teatrale<\/span><br>\n<span style=\"color: #fff; font-size: 20px; font-weight: 500;\">Read more<\/span><\/p>\n\t\t\t<\/span>\n<\/h3>\n<div class=\"clearboth\"><\/div>\n\n\n\n<br>\n\n\t\t<div class=\"jupiter-donut-clearfix\"><\/div>\n\t<div class=\"mk-custom-box--overlay\"><\/div>\n<\/div>\n<\/div>\n<br \/>\n<\/a><\/p>\n<div class=\"host-lopnbnfpjmgpbppclhclehhgafnifija\" style=\"position: relative; z-index: 2147483647;\"><\/div>\n\n\t<div class=\"clearboth\"><\/div>\n<\/div>\n\n\t<\/div>\n\n<div id=\"padding-70\" class=\"mk-padding-divider jupiter-donut-  jupiter-donut-clearfix\"><\/div>\n\n\t<div class=\"vc_custom_1759765173719\">\n\n<div id=\"text-block-71\" class=\"mk-text-block  jupiter-donut-\">\n\n\t\n\t<p><a style=\"display: block;\" href=\"https:\/\/teatrogiovaniteatropirata.it\/en\/il-paese-dei-balocchi\/\">\n<div class=\"mk-custom-box jupiter-donut- box_clickable hover-effect-image\" id=\"box-72\">\n\t<div class=\"box-holder\">\n<br>\n\n<h3 id=\"fancy-title-73\" class=\"mk-fancy-title  simple-style jupiter-donut-  color-single\">\n\t<span>\n\t\t\t\t<p>\n<span style=\"color: #ffffff;\">IL paese dei balocchi<\/span><br>\n<span style=\"color: #fff; font-size: 20px; font-weight: 500;\">Read more<\/span><\/p>\n\t\t\t<\/span>\n<\/h3>\n<div class=\"clearboth\"><\/div>\n\n\n\n<br>\n\n\t\t<div class=\"jupiter-donut-clearfix\"><\/div>\n\t<div class=\"mk-custom-box--overlay\"><\/div>\n<\/div>\n<\/div>\n<\/a><\/p>\n\n\t<div class=\"clearboth\"><\/div>\n<\/div>\n\n\t<\/div>\n<\/div>\n\t\t\t<\/div>\n\t<\/div>\n<div class=\"vc_row-full-width vc_clearfix\"><\/div>\n<div  data-mk-stretch-content=\"true\" class=\"wpb_row vc_row vc_row-fluid jupiter-donut- mk-fullwidth-false  attched-false     js-master-row  mk-grid\">\n\t\t\t\t\n<div class=\"vc_col-sm-12 wpb_column column_container  jupiter-donut- _ jupiter-donut-height-full\">\n\t\n<div id=\"padding-75\" class=\"mk-padding-divider jupiter-donut-  jupiter-donut-clearfix\"><\/div>\n\n<\/div>\n\t<\/div>\n\n<\/div>","protected":false},"excerpt":{"rendered":"Stagioni Stagione Teatro Moriconi Jesi &gt;Scopri di pi\u00f9 Stagione Teatrale Montecarotto &gt;Scopri di pi\u00f9 Officine TeatraAbili &gt;Scopri di pi\u00f9 Stagione Teatrale Arcevia &gt;Scopri di pi\u00f9 Stagione Teatro Ragazzi &gt;Scopri di pi\u00f9 Young Adult 2025 &gt;Scopri di pi\u00f9 Stagione Teatrale per le Scuole 2025\/2026 &gt;Scopri di pi\u00f9 Stagione teatro ragazzi &gt; Scopri di pi\u00f9 Young Adult [...]","protected":false},"author":1,"featured_media":0,"parent":0,"menu_order":0,"comment_status":"closed","ping_status":"closed","template":"","meta":{"footnotes":""},"class_list":["post-6864","page","type-page","status-publish","hentry"],"_links":{"self":[{"href":"https:\/\/teatrogiovaniteatropirata.it\/en\/wp-json\/wp\/v2\/pages\/6864","targetHints":{"allow":["GET"]}}],"collection":[{"href":"https:\/\/teatrogiovaniteatropirata.it\/en\/wp-json\/wp\/v2\/pages"}],"about":[{"href":"https:\/\/teatrogiovaniteatropirata.it\/en\/wp-json\/wp\/v2\/types\/page"}],"author":[{"embeddable":true,"href":"https:\/\/teatrogiovaniteatropirata.it\/en\/wp-json\/wp\/v2\/users\/1"}],"replies":[{"embeddable":true,"href":"https:\/\/teatrogiovaniteatropirata.it\/en\/wp-json\/wp\/v2\/comments?post=6864"}],"version-history":[{"count":155,"href":"https:\/\/teatrogiovaniteatropirata.it\/en\/wp-json\/wp\/v2\/pages\/6864\/revisions"}],"predecessor-version":[{"id":9410,"href":"https:\/\/teatrogiovaniteatropirata.it\/en\/wp-json\/wp\/v2\/pages\/6864\/revisions\/9410"}],"wp:attachment":[{"href":"https:\/\/teatrogiovaniteatropirata.it\/en\/wp-json\/wp\/v2\/media?parent=6864"}],"curies":[{"name":"wp","href":"https:\/\/api.w.org\/{rel}","templated":true}]}}