{"id":3250,"date":"2023-06-21T09:08:10","date_gmt":"2023-06-21T09:08:10","guid":{"rendered":"https:\/\/teatrogiovaniteatropirata.it\/?page_id=3250"},"modified":"2024-04-17T10:47:02","modified_gmt":"2024-04-17T10:47:02","slug":"maestro-di-scena","status":"publish","type":"page","link":"https:\/\/teatrogiovaniteatropirata.it\/en\/formazione-e-laboratori\/sete\/maestro-di-scena\/","title":{"rendered":"Maestro di scena"},"content":{"rendered":"<div class=\"wpb-content-wrapper\">\n<div class=\"mk-page-section-wrapper\" data-mk-full-width=\"true\" data-mk-full-width-init=\"true\" data-mk-stretch-content=\"true\">\n\t<div id=\"page-section-1\" class=\"mk-page-section self-hosted   full_layout full-width-1 js-el js-master-row jupiter-donut-\"    data-intro-effect=\"false\">\n\n\t\t\t\n\t\t\t<div class=\"mk-page-section-inner\">\n\t\t\t\t\n\n\n<div class=\"mk-video-color-mask\"><\/div>\n\n\t\t\t\t\n\t\t\t\t\t\t\t<\/div>\n\n\t\t\t\n        <div class=\"page-section-content vc_row-fluid mk-grid\" >\n            <div class=\"mk-padding-wrapper wpb_row\">\n<div class=\"vc_col-sm-12 wpb_column column_container  jupiter-donut- _ jupiter-donut-height-full\">\n\t\t<div class=\"vc_custom_1713350714246\">\n\n<div id=\"text-block-3\" class=\"mk-text-block  jupiter-donut-\">\n\n\t\n\t\t\t\t<!-- Flexy Breadcrumb -->\n\t\t\t<div class=\"fbc fbc-page\">\n\n\t\t\t\t<!-- Breadcrumb wrapper -->\n\t\t\t\t<div class=\"fbc-wrap\">\n\n\t\t\t\t\t<!-- Ordered list-->\n\t\t\t\t\t<ol class=\"fbc-items\" itemscope itemtype=\"https:\/\/schema.org\/BreadcrumbList\">\n\t\t\t\t\t\t            <li itemprop=\"itemListElement\" itemscope itemtype=\"https:\/\/schema.org\/ListItem\">\n                <span itemprop=\"name\">\n                    <!-- Home Link -->\n                    <a itemprop=\"item\" href=\"https:\/\/teatrogiovaniteatropirata.it\/en\/\">\n                    \n                        Home                    <\/a>\n                <\/span>\n                <meta itemprop=\"position\" content=\"1\" \/><!-- Meta Position-->\n             <\/li><li><span class=\"fbc-separator\"><\/span><\/li><li class=\"active\" itemprop=\"itemListElement\" itemscope itemtype=\"https:\/\/schema.org\/ListItem\"><span itemprop=\"name\" title=\"Maestro di scena\">Maestro di scena<\/span><meta itemprop=\"position\" content=\"2\" \/><\/li>\t\t\t\t\t<\/ol>\n\t\t\t\t\t<div class=\"clearfix\"><\/div>\n\t\t\t\t<\/div>\n\t\t\t<\/div>\n\t\t\t\n\n\t<div class=\"clearboth\"><\/div>\n<\/div>\n\n\t<\/div>\n\n<div class=\"mk-custom-box jupiter-donut- hover-effect-image\" id=\"box-4\">\n\t<div class=\"box-holder\">\n\t\t<div class=\"jupiter-donut-clearfix\"><\/div>\n\t<\/div>\n<\/div>\n\n<div id=\"padding-5\" class=\"mk-padding-divider jupiter-donut-  jupiter-donut-clearfix\"><\/div>\n\n<\/div>\n<\/div>\n            <div class=\"clearboth\"><\/div>\n        <\/div>\n\n\n\t\t\t\n\t\t\t\n\t\t\t\n\t\t<div class=\"clearboth\"><\/div>\n\t<\/div>\n<\/div>\n<div class=\"vc_row-full-width vc_clearfix\"><\/div>\n\n\n<div class=\"mk-page-section-wrapper\" data-mk-full-width=\"true\" data-mk-full-width-init=\"true\" data-mk-stretch-content=\"true\">\n\t<div id=\"page-section-6\" class=\"mk-page-section self-hosted   full_layout full-width-6 js-el js-master-row jupiter-donut-\"    data-intro-effect=\"false\">\n\n\t\t\t\n\t\t\t<div class=\"mk-page-section-inner\">\n\t\t\t\t\n\n\n<div style=\"background-color:#ffffff;opacity:0.2;\" class=\"mk-video-color-mask\"><\/div>\n\n\t\t\t\t\n\t\t\t\t\t\t\t<\/div>\n\n\t\t\t\n        <div class=\"page-section-content vc_row-fluid mk-grid\" >\n            <div class=\"mk-padding-wrapper wpb_row\">\n<div class=\"vc_col-sm-12 wpb_column column_container  jupiter-donut- _ jupiter-donut-height-full\">\n\t\n<h2 id=\"fancy-title-8\" class=\"mk-fancy-title  simple-style jupiter-donut-  color-single\">\n\t<span>\n\t\t\t\t<p>Maestro di scena<\/p>\n\t\t\t<\/span>\n<\/h2>\n<div class=\"clearboth\"><\/div>\n\n\n\n\t<div class=\"vc_custom_1687338488366\">\n\n<div id=\"text-block-9\" class=\"mk-text-block  jupiter-donut-\">\n\n\t\n\t<p><span class=\"s1\">Il corso del terzo anno della SETE \u00e8 interamente dedicato alla messa in scena e al linguaggio teatrale. Verr\u00e0 condotto dal direttore artistico e dalla direttrice organizzativa di una delle compagnie pi\u00f9 importanti del teatro ragazzi italiano: La Luna Nel Letto di Ruvo di Puglia (BA), nelle persone del regista Michelangelo Campanale e Katia Scaribolo.\u00a0<\/span><span class=\"s1\">Il pensiero che anima il corso \u00e8 che anche se il percorso \u00e8 senz\u2019altro il nodo principale dell\u2019esperienza nel teatro educativo, l\u2019atto di portare in scena un gruppo porta necessariamente a confrontarsi con l\u2019aspetto artistico e scenico. Non si pu\u00f2 prescindere dal fatto che nell\u2019evento conclusivo di un percorso, sul palco si \u00e8 attori e davanti si ha un pubblico. L\u2019operatore di teatro educazione diventa anche regista, drammaturgo, artista. Quanto pi\u00f9 possiede il linguaggio teatrale tanto pi\u00f9 l\u2019esito finale del percorso potr\u00e0 \u201cfar brillare\u201d le scoperte fatte durante il percorso, negli attori e negli spettatori. <\/span><span class=\"s1\">Si partir\u00e0 dal gioco con dispositivi creati dalla compagnia e sperimentati in numerosi laboratori nelle classi delle scuole\u00a0 per arrivare alla messa in scena vera e propria, studiando e confrontandosi sui temi della scrittura, della regia, della drammaturgia, dell\u2019uso delle luci e delle musiche. Gli allievi prenderanno parte al percorso creativo partecipando alla messa in scena e potendosi confrontare con i docenti sulle tematiche del corso. \u00c8 richiesta la disponibilit\u00e0 a mettersi in gioco, si salir\u00e0 sul palco per capire cosa significa essere attori in un percorso di teatro educazione, farsi guidare per poter guidare meglio!<\/span><\/p>\n\n\t<div class=\"clearboth\"><\/div>\n<\/div>\n\n\t<\/div>\n\n<div id=\"padding-10\" class=\"mk-padding-divider jupiter-donut-  jupiter-donut-clearfix\"><\/div>\n\n<\/div>\n<\/div>\n            <div class=\"clearboth\"><\/div>\n        <\/div>\n\n\n\t\t\t\n\t\t\t\n\t\t\t\n\t\t<div class=\"clearboth\"><\/div>\n\t<\/div>\n<\/div>\n<div class=\"vc_row-full-width vc_clearfix\"><\/div>\n\n\n<div class=\"mk-page-section-wrapper\" data-mk-full-width=\"true\" data-mk-full-width-init=\"true\" data-mk-stretch-content=\"true\">\n\t<div id=\"page-section-11\" class=\"mk-page-section self-hosted   full_layout full-width-11 js-el js-master-row jupiter-donut-   calendar_blck\"    data-intro-effect=\"false\">\n\n\t\t\t\n\t\t\t<div class=\"mk-page-section-inner\">\n\t\t\t\t\n\n\n<div style=\"background-color:#ffffff;opacity:0.2;\" class=\"mk-video-color-mask\"><\/div>\n\n\t\t\t\t\n\t\t\t\t\t\t\t<\/div>\n\n\t\t\t\n        <div class=\"page-section-content vc_row-fluid mk-grid\" >\n            <div class=\"mk-padding-wrapper wpb_row\">\n<div class=\"vc_col-sm-12 wpb_column column_container  jupiter-donut- _ jupiter-donut-height-full\">\n\t\n<h2 id=\"fancy-title-13\" class=\"mk-fancy-title  simple-style jupiter-donut-  color-single\">\n\t<span>\n\t\t\t\t<p>Info corso<\/p>\n\t\t\t<\/span>\n<\/h2>\n<div class=\"clearboth\"><\/div>\n\n\n\n<\/div>\n<\/div>\n            <div class=\"clearboth\"><\/div>\n        <\/div>\n\n\n\t\t\t\n\t\t\t\n\t\t\t\n\t\t<div class=\"clearboth\"><\/div>\n\t<\/div>\n<\/div>\n<div class=\"vc_row-full-width vc_clearfix\"><\/div>\n\n\n<div class=\"mk-page-section-wrapper\" data-mk-full-width=\"true\" data-mk-full-width-init=\"true\" data-mk-stretch-content=\"true\">\n\t<div id=\"page-section-14\" class=\"mk-page-section self-hosted   full_layout full-width-14 js-el js-master-row jupiter-donut-   info\"    data-intro-effect=\"false\">\n\n\t\t\t\n\t\t\t<div class=\"mk-page-section-inner\">\n\t\t\t\t\n\n\n<div style=\"background-color:#ffffff;opacity:0.2;\" class=\"mk-video-color-mask\"><\/div>\n\n\t\t\t\t\n\t\t\t\t\n\t\n\t<div class=\"background-layer-holder\">\n\t\t<div id=\"background-layer--14\" data-mk-lazyload=\"false\" class=\"background-layer mk-background-stretch none-blend-effect js-el\"    data-mk-img-set='{\"landscape\":{\"desktop\":\"https:\/\/teatrogiovaniteatropirata.it\/wp-content\/uploads\/2022\/09\/back_logo.png\",\"tablet\":\"https:\/\/teatrogiovaniteatropirata.it\/wp-content\/uploads\/2022\/09\/back_logo-1024x768.png\",\"mobile\":\"https:\/\/teatrogiovaniteatropirata.it\/wp-content\/uploads\/2022\/09\/back_logo-736x414.png\"},\"responsive\":\"true\"}' >\n\t\t\t\t\t\t\t\t\t<div class=\"mk-color-layer\"><\/div>\n\t\t<\/div>\n\t<\/div>\n\n\t\t\t<\/div>\n\n\t\t\t\n        <div class=\"page-section-content vc_row-fluid mk-grid\" >\n            <div class=\"mk-padding-wrapper wpb_row\">\n<div class=\"vc_col-sm-12 wpb_column column_container  jupiter-donut- _ jupiter-donut-height-full\">\n\t\n<div id=\"padding-16\" class=\"mk-padding-divider jupiter-donut-  jupiter-donut-clearfix\"><\/div>\n\n\n\n<div id=\"dettagli-produzione\" class=\"wpb_row vc_inner vc_row vc_row-fluid jupiter-donut-  add-padding-3 attched-true   vc_custom_1673545953286\">\n\t\t\t\t<div class=\"mk-grid\">\n\t\t\t<div class=\"wpb_column vc_column_container vc_col-sm-6\"><div class=\"vc_column-inner\"><div class=\"wpb_wrapper\">\n<div id=\"padding-17\" class=\"mk-padding-divider jupiter-donut-  jupiter-donut-clearfix\"><\/div>\n\n\n<h3 id=\"fancy-title-18\" class=\"mk-fancy-title  simple-style jupiter-donut- title_segnalibro color-single\">\n\t<span>\n\t\t\t\t<p style=\"font-weight: bold;\">Docenti di riferimento<\/p>\n\t\t\t<\/span>\n<\/h3>\n<div class=\"clearboth\"><\/div>\n\n\n\n\t<div class=\"vc_custom_1687338834736\">\n\n<div id=\"text-block-19\" class=\"mk-text-block  jupiter-donut-\">\n\n\t\n\t<p><a href=\"https:\/\/teatrogiovaniteatropirata.it\/wp-content\/uploads\/2023\/06\/curriculum-vitae-michelangelo-campanale.pdf\">&gt; Michelangelo Campanale &#8211; La Luna nel Letto (BA)<\/a><br \/>\n<a href=\"https:\/\/teatrogiovaniteatropirata.it\/wp-content\/uploads\/2023\/06\/curriculum-caterina-scarimbolo.pdf\">&gt; Caterina Scarimbolo &#8211; La Luna nel Letto\u00a0 (BA)<\/a><\/p>\n\n\t<div class=\"clearboth\"><\/div>\n<\/div>\n\n\t<\/div>\n\n<div id=\"padding-20\" class=\"mk-padding-divider jupiter-donut-  jupiter-donut-clearfix\"><\/div>\n\n\n<h3 id=\"fancy-title-21\" class=\"mk-fancy-title  simple-style jupiter-donut- title_segnalibro color-single\">\n\t<span>\n\t\t\t\t<p style=\"font-weight: bold;\">Costi d&#8217;iscrizioni<\/p>\n\t\t\t<\/span>\n<\/h3>\n<div class=\"clearboth\"><\/div>\n\n\n\n\t<div class=\"vc_custom_1687337607902\">\n\n<div id=\"text-block-22\" class=\"mk-text-block  jupiter-donut-\">\n\n\t\n\t<p><span class=\"s2\"><b>Quota iscrizione COMPLETA\u00a0\u00a0\u00a0\u00a0\u00a0\u00a0\u00a0\u00a0\u00a0\u00a0\u00a0\u00a0\u00a0\u00a0 \u20ac 671,00 (iva inclusa)<\/b><\/span><span class=\"s1\"><b><br \/>\n<\/b><\/span><span class=\"s2\">(con ospitalit\u00e0 in mezza pensione*)<\/span><span class=\"s1\"><br \/>\n<\/span><span class=\"s1\"><b>Quota iscrizione SOLO DOCENZA\u00a0\u00a0\u00a0\u00a0\u00a0\u00a0 \u20ac 488,00 (iva inclusa)<\/b><\/span><\/p>\n\n\t<div class=\"clearboth\"><\/div>\n<\/div>\n\n\t<\/div>\n\n<div id=\"padding-23\" class=\"mk-padding-divider jupiter-donut-  jupiter-donut-clearfix\"><\/div>\n\n\n<h3 id=\"fancy-title-24\" class=\"mk-fancy-title  simple-style jupiter-donut- title_segnalibro color-single\">\n\t<span>\n\t\t\t\t<p style=\"font-weight: bold;\">Iscrizioni<\/p>\n\t\t\t<\/span>\n<\/h3>\n<div class=\"clearboth\"><\/div>\n\n\n\n\t<div class=\"vc_custom_1687337623269\">\n\n<div id=\"text-block-25\" class=\"mk-text-block  jupiter-donut-\">\n\n\t\n\t<p>Posti limitati<\/p>\n\n\t<div class=\"clearboth\"><\/div>\n<\/div>\n\n\t<\/div>\n<\/div><\/div><\/div><div class=\"wpb_column vc_column_container vc_col-sm-6\"><div class=\"vc_column-inner\"><div class=\"wpb_wrapper\">\n<div id=\"padding-26\" class=\"mk-padding-divider jupiter-donut-  jupiter-donut-clearfix\"><\/div>\n\n\n<h3 id=\"fancy-title-27\" class=\"mk-fancy-title  simple-style jupiter-donut- title_segnalibro color-single\">\n\t<span>\n\t\t\t\t<p style=\"font-weight: bold;\">Per docenti di ruolo<\/p>\n\t\t\t<\/span>\n<\/h3>\n<div class=\"clearboth\"><\/div>\n\n\n\n\t<div class=\"vc_custom_1687338205193\">\n\n<div id=\"text-block-28\" class=\"mk-text-block  jupiter-donut-\">\n\n\t\n\t<p><span class=\"s2\"><b>PIATTAFORMA SOFIA COD. ID. a breve verr\u00e0 inserito<br \/>\n<\/b><\/span><span class=\"s2\">Dopo aver effettuato l&#8217;iscrizione sul portale scaricare e compilare il modulo d&#8217;iscrizione corrispondente all&#8217;anno di frequenza e inviarlo alla mail\u00a0<a href=\"mailto:organizzazione2@atgtp.it\"><b>organizzazione2@atgtp.it\u00a0<\/b><\/a><\/span><\/p>\n\n\t<div class=\"clearboth\"><\/div>\n<\/div>\n\n\t<\/div>\n\n<div id=\"padding-29\" class=\"mk-padding-divider jupiter-donut-  jupiter-donut-clearfix\"><\/div>\n\n\n<h3 id=\"fancy-title-30\" class=\"mk-fancy-title  simple-style jupiter-donut- title_segnalibro color-single\">\n\t<span>\n\t\t\t\t<p style=\"font-weight: bold;\">Iscrizione<\/p>\n\t\t\t<\/span>\n<\/h3>\n<div class=\"clearboth\"><\/div>\n\n\n\n\t<div class=\"vc_custom_1687339514251\">\n\n<div id=\"text-block-31\" class=\"mk-text-block  jupiter-donut-\">\n\n\t\n\t<p>Scaricare il\u00a0<b><a href=\"https:\/\/teatrogiovaniteatropirata.it\/wp-content\/uploads\/2023\/06\/modulo-iscrizione-maestro-di-scena.doc\">&gt; MODULO DI ISCRIZIONE<\/a>\u00a0<\/b>e inviare ad <span class=\"s4\"><b><a href=\"mailto:organizzazione2@atgtp.it\">organizzazione2@atgtp.it<\/a><br \/>\n<\/b>PER CHI NON HAI MAI PARTECIPATO negli scorsi anni: inviare CV e lettera motivazionale per essere ricontattati!<\/span><\/p>\n\n\t<div class=\"clearboth\"><\/div>\n<\/div>\n\n\t<\/div>\n\n<div id=\"padding-32\" class=\"mk-padding-divider jupiter-donut-  jupiter-donut-clearfix\"><\/div>\n\n<\/div><\/div><\/div>\t\t\t<\/div>\n\t<\/div>\n<\/div>\n<\/div>\n            <div class=\"clearboth\"><\/div>\n        <\/div>\n\n\n\t\t\t\n\t\t\t\n\t\t\t<div class=\"mk-shape-divider mk-shape-divider--stick jagged-rounded-bottom-style big-size mk-shape-divider--stick-bottom\" id=\"mk-shape-divider-33\">\n\t\t\t<div class=\"shape__container\">\n\t\t\t\t<div class=\"shape\">\n\t\t\t\t\n\t\t<svg width=\"100%\" height=\"6px\">\n\t\t\t<defs>\n\t\t\t    <pattern id=\"shapeDividerPattern-33\" preserveaspectratio=\"none\" style=\"background-repeat: none;\" patternunits=\"userSpaceOnUse\" x=\"0\" y=\"0\" width=\"18px\" height=\"60px\" viewbox=\"0 0 18 60\">\n\t\t\t        <path fill=\"transparent\" d=\"M5.944,3.146C4.415,1.213,2.174,0,0,0v6h18V0c-2.175,0-4.414,1.213-5.944,3.146C10.271,5.397,7.729,5.397,5.944,3.146\"><\/path>\n\t\t\t    <\/pattern>\n\t\t\t<\/defs>\n\n\t\t\t<!-- Background -->\n\t\t\t<rect x=\"0\" y=\"0\" width=\"100%\" height=\"6px\" fill=\"url(#shapeDividerPattern-33)\"><\/rect>\n\t\t<\/svg>\n\t<\/div>\n\t\t\t<\/div>\n\t\t<\/div>\n\t\t<div class=\"clearboth\"><\/div>\n\t<\/div>\n<\/div>\n<div class=\"vc_row-full-width vc_clearfix\"><\/div>\n\n\n<div  data-mk-full-width=\"true\" data-mk-full-width-init=\"false\" data-mk-stretch-content=\"true\" class=\"wpb_row vc_row vc_row-fluid jupiter-donut- mk-fullwidth-true add-padding-0 attched-true     equal-columns js-master-row  mk-full-content-true\">\n\t\t\t\t\n<div class=\"vc_col-sm-4 prefooter-column wpb_column column_container  jupiter-donut- _ jupiter-donut-height-full\">\n\t\n<div class=\"mk-custom-box jupiter-donut- prefooter-box hover-effect-image\" id=\"box-35\">\n\t<div class=\"box-holder\">\n<div id=\"padding-36\" class=\"mk-padding-divider jupiter-donut-  jupiter-donut-clearfix\"><\/div>\n\n\n<h2 id=\"fancy-title-37\" class=\"mk-fancy-title  simple-style jupiter-donut- prefooter-title color-single\">\n\t<span>\n\t\t\t\t<p>Help Us Keep Theatre Alive<\/p>\n\t\t\t<\/span>\n<\/h2>\n<div class=\"clearboth\"><\/div>\n\n\n\n\n<h2 id=\"fancy-title-38\" class=\"mk-fancy-title  simple-style jupiter-donut- prefooter-link color-single\">\n\t<span>\n\t\t\t\t<p><span style=\"color: #ffffff;\"><a style=\"color: #ffffff;\" href=\"https:\/\/teatrogiovaniteatropirata.it\/en\/sostieni-il-teatro\/\">Read more<\/a><\/span><\/p>\n\t\t\t<\/span>\n<\/h2>\n<div class=\"clearboth\"><\/div>\n\n\n\n\n<div id=\"padding-39\" class=\"mk-padding-divider jupiter-donut-  jupiter-donut-clearfix\"><\/div>\n\n\n\t\t<div class=\"jupiter-donut-clearfix\"><\/div>\n\t<div class=\"mk-custom-box--overlay\"><\/div>\n<\/div>\n<\/div>\n<\/div>\n\n<div class=\"vc_col-sm-4 prefooter-column wpb_column column_container vc_custom_1697186527018 jupiter-donut- _ jupiter-donut-height-full\">\n\t\n<div class=\"mk-custom-box jupiter-donut- prefooter-box hover-effect-image\" id=\"box-41\">\n\t<div class=\"box-holder\">\n<div id=\"padding-42\" class=\"mk-padding-divider jupiter-donut-  jupiter-donut-clearfix\"><\/div>\n\n\n<h2 id=\"fancy-title-43\" class=\"mk-fancy-title  simple-style jupiter-donut- prefooter-title color-single\">\n\t<span>\n\t\t\t\t<p>Subscribe to our Newsletter<\/p>\n\t\t\t<\/span>\n<\/h2>\n<div class=\"clearboth\"><\/div>\n\n\n\n\n<h2 id=\"fancy-title-44\" class=\"mk-fancy-title  simple-style jupiter-donut- prefooter-link color-single\">\n\t<span>\n\t\t\t\t<script>(function() {\n\twindow.mc4wp = window.mc4wp || {\n\t\tlisteners: [],\n\t\tforms: {\n\t\t\ton: function(evt, cb) {\n\t\t\t\twindow.mc4wp.listeners.push(\n\t\t\t\t\t{\n\t\t\t\t\t\tevent   : evt,\n\t\t\t\t\t\tcallback: cb\n\t\t\t\t\t}\n\t\t\t\t);\n\t\t\t}\n\t\t}\n\t}\n})();\n<\/script><!-- Mailchimp for WordPress v4.11.1 - https:\/\/wordpress.org\/plugins\/mailchimp-for-wp\/ --><form id=\"mc4wp-form-1\" class=\"mc4wp-form mc4wp-form-4843\" method=\"post\" data-id=\"4843\" data-name=\"Iscriviti alla newsletter\" action=\"\">\n<div class=\"mc4wp-form-fields\"><p>\r\n\t<label><input type=\"email\" name=\"EMAIL\" placeholder=\"Il tuo indirizzo email\" required>\r\n<p>     \r\n          <input type=\"submit\" value=\"Iscriviti\">\r\n<\/p>\n<p><\/p><\/label><\/p><\/div>\n<label style=\"display: none !important;\">Leave this field empty if you're human: <input type=\"text\" name=\"_mc4wp_honeypot\" value=\"\" tabindex=\"-1\" autocomplete=\"off\"><\/label><input type=\"hidden\" name=\"_mc4wp_timestamp\" value=\"1778774207\"><input type=\"hidden\" name=\"_mc4wp_form_id\" value=\"4843\"><input type=\"hidden\" name=\"_mc4wp_form_element_id\" value=\"mc4wp-form-1\"><div class=\"mc4wp-response\"><\/div>\n<input type=\"hidden\" name=\"trp-form-language\" value=\"en\"\/><\/form>\n<!-- \/ Mailchimp for WordPress Plugin -->\n\t\t\t<\/span>\n<\/h2>\n<div class=\"clearboth\"><\/div>\n\n\n\n\n<div id=\"padding-45\" class=\"mk-padding-divider jupiter-donut-  jupiter-donut-clearfix\"><\/div>\n\n\n\t\t<div class=\"jupiter-donut-clearfix\"><\/div>\n\t<\/div>\n<\/div>\n<\/div>\n\n<div class=\"vc_col-sm-4 prefooter-column wpb_column column_container  jupiter-donut- _ jupiter-donut-height-full\">\n\t\n<div class=\"mk-custom-box jupiter-donut- prefooter-box hover-effect-image\" id=\"box-47\">\n\t<div class=\"box-holder\">\n<div id=\"padding-48\" class=\"mk-padding-divider jupiter-donut-  jupiter-donut-clearfix\"><\/div>\n\n\n<div id=\"padding-49\" class=\"mk-padding-divider jupiter-donut-visible-dt-v2  jupiter-donut-clearfix\"><\/div>\n\n\n<h2 id=\"fancy-title-50\" class=\"mk-fancy-title  simple-style jupiter-donut- prefooter-title color-single\">\n\t<span>\n\t\t\t\t<p>Palazzo Menarini Residency<\/p>\n\t\t\t<\/span>\n<\/h2>\n<div class=\"clearboth\"><\/div>\n\n\n\n\n<h2 id=\"fancy-title-51\" class=\"mk-fancy-title  simple-style jupiter-donut- prefooter-link color-single\">\n\t<span>\n\t\t\t\t<p><span style=\"color: #ffffff;\"><a style=\"color: #ffffff;\" href=\"https:\/\/teatrogiovaniteatropirata.it\/en\/casa-menarini\/\">Read more<\/a><\/span><\/p>\n\t\t\t<\/span>\n<\/h2>\n<div class=\"clearboth\"><\/div>\n\n\n\n\n<div id=\"padding-52\" class=\"mk-padding-divider jupiter-donut-  jupiter-donut-clearfix\"><\/div>\n\n\n\t\t<div class=\"jupiter-donut-clearfix\"><\/div>\n\t<div class=\"mk-custom-box--overlay\"><\/div>\n<\/div>\n<\/div>\n<\/div>\n\t<\/div>\n<div class=\"vc_row-full-width vc_clearfix\"><\/div>\n<\/div>","protected":false},"excerpt":{"rendered":"Home Maestro di scena Maestro di scena Il corso del terzo anno della SETE \u00e8 interamente dedicato alla messa in scena e al linguaggio teatrale. Verr\u00e0 condotto dal direttore artistico e dalla direttrice organizzativa di una delle compagnie pi\u00f9 importanti del teatro ragazzi italiano: La Luna Nel Letto di Ruvo di Puglia (BA), nelle persone [...]","protected":false},"author":1,"featured_media":0,"parent":3167,"menu_order":0,"comment_status":"closed","ping_status":"closed","template":"","meta":{"footnotes":""},"class_list":["post-3250","page","type-page","status-publish","hentry"],"_links":{"self":[{"href":"https:\/\/teatrogiovaniteatropirata.it\/en\/wp-json\/wp\/v2\/pages\/3250","targetHints":{"allow":["GET"]}}],"collection":[{"href":"https:\/\/teatrogiovaniteatropirata.it\/en\/wp-json\/wp\/v2\/pages"}],"about":[{"href":"https:\/\/teatrogiovaniteatropirata.it\/en\/wp-json\/wp\/v2\/types\/page"}],"author":[{"embeddable":true,"href":"https:\/\/teatrogiovaniteatropirata.it\/en\/wp-json\/wp\/v2\/users\/1"}],"replies":[{"embeddable":true,"href":"https:\/\/teatrogiovaniteatropirata.it\/en\/wp-json\/wp\/v2\/comments?post=3250"}],"version-history":[{"count":11,"href":"https:\/\/teatrogiovaniteatropirata.it\/en\/wp-json\/wp\/v2\/pages\/3250\/revisions"}],"predecessor-version":[{"id":5776,"href":"https:\/\/teatrogiovaniteatropirata.it\/en\/wp-json\/wp\/v2\/pages\/3250\/revisions\/5776"}],"up":[{"embeddable":true,"href":"https:\/\/teatrogiovaniteatropirata.it\/en\/wp-json\/wp\/v2\/pages\/3167"}],"wp:attachment":[{"href":"https:\/\/teatrogiovaniteatropirata.it\/en\/wp-json\/wp\/v2\/media?parent=3250"}],"curies":[{"name":"wp","href":"https:\/\/api.w.org\/{rel}","templated":true}]}}