{"id":3167,"date":"2023-06-20T13:06:34","date_gmt":"2023-06-20T13:06:34","guid":{"rendered":"https:\/\/teatrogiovaniteatropirata.it\/?page_id=3167"},"modified":"2024-05-22T07:36:29","modified_gmt":"2024-05-22T07:36:29","slug":"sete","status":"publish","type":"page","link":"https:\/\/teatrogiovaniteatropirata.it\/en\/formazione-e-laboratori\/sete\/","title":{"rendered":"S.E.T.E."},"content":{"rendered":"<div class=\"wpb-content-wrapper\">\n<div class=\"mk-page-section-wrapper\" data-mk-full-width=\"true\" data-mk-full-width-init=\"true\" data-mk-stretch-content=\"true\">\n\t<div id=\"page-section-1\" class=\"mk-page-section self-hosted   full_layout full-width-1 js-el js-master-row jupiter-donut-\"    data-intro-effect=\"false\">\n\n\t\t\t\n\t\t\t<div class=\"mk-page-section-inner\">\n\t\t\t\t\n\n\n<div class=\"mk-video-color-mask\"><\/div>\n\n\t\t\t\t\n\t\t\t\t\t\t\t<\/div>\n\n\t\t\t\n        <div class=\"page-section-content vc_row-fluid mk-grid\" >\n            <div class=\"mk-padding-wrapper wpb_row\">\n<div class=\"vc_col-sm-12 wpb_column column_container  jupiter-donut- _ jupiter-donut-height-full\">\n\t\t<div class=\"vc_custom_1710410101482\">\n\n<div id=\"text-block-3\" class=\"mk-text-block  jupiter-donut-hidden-sm\">\n\n\t\n\t\t\t\t<!-- Flexy Breadcrumb -->\n\t\t\t<div class=\"fbc fbc-page\">\n\n\t\t\t\t<!-- Breadcrumb wrapper -->\n\t\t\t\t<div class=\"fbc-wrap\">\n\n\t\t\t\t\t<!-- Ordered list-->\n\t\t\t\t\t<ol class=\"fbc-items\" itemscope itemtype=\"https:\/\/schema.org\/BreadcrumbList\">\n\t\t\t\t\t\t            <li itemprop=\"itemListElement\" itemscope itemtype=\"https:\/\/schema.org\/ListItem\">\n                <span itemprop=\"name\">\n                    <!-- Home Link -->\n                    <a itemprop=\"item\" href=\"https:\/\/teatrogiovaniteatropirata.it\/en\/\">\n                    \n                        Home                    <\/a>\n                <\/span>\n                <meta itemprop=\"position\" content=\"1\" \/><!-- Meta Position-->\n             <\/li><li><span class=\"fbc-separator\"><\/span><\/li><li class=\"active\" itemprop=\"itemListElement\" itemscope itemtype=\"https:\/\/schema.org\/ListItem\"><span itemprop=\"name\" title=\"S.E.T.E.\">S.E.T.E.<\/span><meta itemprop=\"position\" content=\"2\" \/><\/li>\t\t\t\t\t<\/ol>\n\t\t\t\t\t<div class=\"clearfix\"><\/div>\n\t\t\t\t<\/div>\n\t\t\t<\/div>\n\t\t\t\n\n\t<div class=\"clearboth\"><\/div>\n<\/div>\n\n\t<\/div>\n<div  class=\"mk-image mk-image-4 jupiter-donut-  mk-image-lazyload align-left simple-frame inside-image\" style=\"margin-bottom:0px\"><div class=\"mk-image-container\" style=\"max-width: 1525px;\"><div  class=\"mk-image-holder\" style=\"max-width: 1525px;\"><div class=\"mk-image-inner\"><img loading=\"lazy\" decoding=\"async\" class=\"lightbox-false\" alt=\"slide_sito_atgtp_sete-2022\" title=\"slide_sito_atgtp_sete-2022\" width=\"1525\" height=\"460\" src=\"https:\/\/teatrogiovaniteatropirata.it\/wp-content\/uploads\/2023\/06\/slide_sito_atgtp_sete-2022-e1687268173589.jpg\" \/><\/div><\/div><div class=\"clearboth\"><\/div><\/div><\/div>\n<div id=\"padding-5\" class=\"mk-padding-divider jupiter-donut-  jupiter-donut-clearfix\"><\/div>\n\n<\/div>\n<\/div>\n            <div class=\"clearboth\"><\/div>\n        <\/div>\n\n\n\t\t\t\n\t\t\t\n\t\t\t\n\t\t<div class=\"clearboth\"><\/div>\n\t<\/div>\n<\/div>\n<div class=\"vc_row-full-width vc_clearfix\"><\/div>\n\n\n<div class=\"mk-page-section-wrapper\" data-mk-full-width=\"true\" data-mk-full-width-init=\"true\" data-mk-stretch-content=\"true\">\n\t<div id=\"page-section-6\" class=\"mk-page-section self-hosted   full_layout full-width-6 js-el js-master-row jupiter-donut-\"    data-intro-effect=\"false\">\n\n\t\t\t\n\t\t\t<div class=\"mk-page-section-inner\">\n\t\t\t\t\n\n\n<div class=\"mk-video-color-mask\"><\/div>\n\n\t\t\t\t\n\t\t\t\t\t\t\t<\/div>\n\n\t\t\t\n        <div class=\"page-section-content vc_row-fluid mk-grid\" >\n            <div class=\"mk-padding-wrapper wpb_row\">\n<div class=\"vc_col-sm-12 wpb_column column_container  jupiter-donut- _ jupiter-donut-height-full\">\n\t\n<div id=\"padding-8\" class=\"mk-padding-divider jupiter-donut-  jupiter-donut-clearfix\"><\/div>\n\n\n\n<div class=\"wpb_row vc_inner vc_row vc_row-fluid jupiter-donut-   attched-false\">\n\t\t\t<div class=\"wpb_column vc_column_container vc_col-sm-12\"><div class=\"vc_column-inner\"><div class=\"wpb_wrapper\">\n<h2 id=\"fancy-title-9\" class=\"mk-fancy-title  simple-style jupiter-donut-  color-single\">\n\t<span>\n\t\t\t\t<p>S.E.T.E.<\/p>\n\t\t\t<\/span>\n<\/h2>\n<div class=\"clearboth\"><\/div>\n\n\n\n\n<div id=\"padding-10\" class=\"mk-padding-divider jupiter-donut-  jupiter-donut-clearfix\"><\/div>\n\n\n<h2 id=\"fancy-title-11\" class=\"mk-fancy-title  simple-style jupiter-donut-  color-single\">\n\t<span>\n\t\t\t\t<p>Scuola Estiva di Teatro Educazione<\/p>\n\t\t\t<\/span>\n<\/h2>\n<div class=\"clearboth\"><\/div>\n\n\n\n\t<div class=\"vc_custom_1716363091300\">\n\n<div id=\"text-block-12\" class=\"mk-text-block  jupiter-donut-\">\n\n\t\n\t<p><span style=\"color: #fff;\">La FORMAZIONE \u00e8 un\u2019attivit\u00e0 centrale del TEATRO EDUCAZIONE e della CULTURA in senso pi\u00f9 ampio.<br \/>\nIl Teatro Giovani Teatro Pirata &#8211; Impresa Sociale, opera nell\u2019ambito della formazione promuovendo una sua poetica nella pratica del Teatro Educazione e del Teatro Sociale.<br \/>\nIl cuore della formazione \u00e8 la S.E.T.E., strutturandosi sempre di pi\u00f9 come formazione permanente e qualificante.<br \/>\nCirca 450 tra educatori, operatori e docenti nel corso di questi anni hanno frequentato la SETE divulgando le linee e il pensiero del Teatro Educazione.<\/span><\/p>\n\n\t<div class=\"clearboth\"><\/div>\n<\/div>\n\n\t<\/div>\n\n<div id=\"padding-13\" class=\"mk-padding-divider jupiter-donut-  jupiter-donut-clearfix\"><\/div>\n\n\n<h2 id=\"fancy-title-14\" class=\"mk-fancy-title  simple-style jupiter-donut-  color-single\">\n\t<span>\n\t\t\t\t<p>Cos&#8217;\u00e8 la SETE?<\/p>\n\t\t\t<\/span>\n<\/h2>\n<div class=\"clearboth\"><\/div>\n\n\n\n\t<div class=\"vc_custom_1716363080347\">\n\n<div id=\"text-block-15\" class=\"mk-text-block  jupiter-donut-\">\n\n\t\n\t<p><span style=\"color: #fff;\">\u00c8 il luogo di formazione sul teatro educazione in cui si identificano le pratiche e i processi di natura educativa e teatrale per integrare competenze e professionalit\u00e0 diverse, orientate da un&#8217;etica pedagogica comune. Le finalit\u00e0 sono la formazione e l&#8217;aggiornamento di Operatori di Teatro Educazione attraverso un percorso pluriennale di natura Laboratoriale, Teorico-pratica, Esperienziale;<br \/>\n\u00e8 il luogo dove non si insegna, ma si impara, la resilienza<br \/>\n\u00e8 il luogo dove si pu\u00f2 conoscere il teatro educazione scoprendo i nervi ed il sangue che animano questo metodo formativo, utile per la sopravvivenza del teatro stesso.<br \/>\nLa SETE \u00e8 ricerca e in quanto tale chiude ogni anno\u2026 e non finisce mai!<\/span><\/p>\n\n\t<div class=\"clearboth\"><\/div>\n<\/div>\n\n\t<\/div>\n\n<div id=\"padding-16\" class=\"mk-padding-divider jupiter-donut-  jupiter-donut-clearfix\"><\/div>\n\n\n<h2 id=\"fancy-title-17\" class=\"mk-fancy-title  simple-style jupiter-donut-  color-single\">\n\t<span>\n\t\t\t\t<p>Per chi?<\/p>\n\t\t\t<\/span>\n<\/h2>\n<div class=\"clearboth\"><\/div>\n\n\n\n\t<div class=\"vc_custom_1692797303844\">\n\n<div id=\"text-block-18\" class=\"mk-text-block  jupiter-donut-\">\n\n\t\n\t<p><span style=\"color: #fff;\">Per chi opera nei diversi ambiti della formazione, della comunicazione, espressione e creativit\u00e0, della cura, del sociale (insegnanti, teatranti, educatori, mediatori linguistici e culturali, organizzatori e dirigenti di attivit\u00e0 e istituzioni educative, sociali, culturali), universitari e laureati di qualsiasi indirizzo e per tutti gli interessati al teatro educazione.<br \/>\nPer l\u2019Operatore di Teatro Educazione, un agenzia formativa.<\/span><\/p>\n\n\t<div class=\"clearboth\"><\/div>\n<\/div>\n\n\t<\/div>\n\n<div id=\"padding-19\" class=\"mk-padding-divider jupiter-donut-  jupiter-donut-clearfix\"><\/div>\n\n\n<h2 id=\"fancy-title-20\" class=\"mk-fancy-title  simple-style jupiter-donut-  color-single\">\n\t<span>\n\t\t\t\t<p>Cosa si fa?<\/p>\n\t\t\t<\/span>\n<\/h2>\n<div class=\"clearboth\"><\/div>\n\n\n\n\t<div class=\"vc_custom_1692797314760\">\n\n<div id=\"text-block-21\" class=\"mk-text-block  jupiter-donut-\">\n\n\t\n\t<p><span style=\"color: #fff;\">Dal punto di vista del metodo, si alterneranno il fare, il vedere, il parlare di teatro ed educazione, momenti di pratica laboratoriale e di riflessione teorica i concetti di teatro, performance, teatralit\u00e0; la performance e l\u2019esperienza del teatro nel sociale; la teatralit\u00e0 nella pratica educativa; teatro e scuola: opposizioni e correlazioni; il laboratorio teatrale; valenze pedagogiche del \u201cfare teatro\u201d in educazione; comunicazione, relazione, gioco; le professionalit\u00e0 socio-educative; la comunicazione educativa; il lessico pedagogico; le pedagogie del corpo.<\/span><\/p>\n\n\t<div class=\"clearboth\"><\/div>\n<\/div>\n\n\t<\/div>\n\n<div id=\"padding-22\" class=\"mk-padding-divider jupiter-donut-  jupiter-donut-clearfix\"><\/div>\n\n<\/div><\/div><\/div>\t<\/div>\n<\/div>\n<\/div>\n            <div class=\"clearboth\"><\/div>\n        <\/div>\n\n\n\t\t\t\n\t\t\t\n\t\t\t\n\t\t<div class=\"clearboth\"><\/div>\n\t<\/div>\n<\/div>\n<div class=\"vc_row-full-width vc_clearfix\"><\/div>\n\n\n<div class=\"mk-page-section-wrapper\" data-mk-full-width=\"true\" data-mk-full-width-init=\"true\" data-mk-stretch-content=\"true\">\n\t<div id=\"percorsi\" class=\"mk-page-section self-hosted   full_layout full-width-23 js-el js-master-row jupiter-donut-   percorsi center-y\"    data-intro-effect=\"false\">\n\n\t\t\t\n\t\t\t<div class=\"mk-page-section-inner\">\n\t\t\t\t\n\n\n<div class=\"mk-video-color-mask\"><\/div>\n\n\t\t\t\t\n\t\t\t\t\t\t\t<\/div>\n\n\t\t\t\n        <div class=\"page-section-content vc_row-fluid mk-grid\" >\n            <div class=\"mk-padding-wrapper wpb_row\">\n<div class=\"vc_col-sm-12 wpb_column column_container  jupiter-donut- _ jupiter-donut-height-full\">\n\t\n\n<div id=\"percorsi\" class=\"wpb_row vc_inner vc_row vc_row-fluid jupiter-donut-   attched-false   vc_custom_1716363187086\">\n\t\t\t<div class=\"wpb_column vc_column_container vc_col-sm-4\"><div class=\"vc_column-inner\"><div class=\"wpb_wrapper\">\n<div id=\"padding-25\" class=\"mk-padding-divider jupiter-donut-  jupiter-donut-clearfix\"><\/div>\n\n<\/div><\/div><\/div><div class=\"wpb_column vc_column_container vc_col-sm-4\"><div class=\"vc_column-inner\"><div class=\"wpb_wrapper\">\n<h2 id=\"fancy-title-26\" class=\"mk-fancy-title  simple-style jupiter-donut-  color-single\">\n\t<span>\n\t\t\t\t<p>I percorsi 2024<\/p>\n\t\t\t<\/span>\n<\/h2>\n<div class=\"clearboth\"><\/div>\n\n\n\n<\/div><\/div><\/div><div class=\"wpb_column vc_column_container vc_col-sm-4\"><div class=\"vc_column-inner\"><div class=\"wpb_wrapper\">\n<div id=\"padding-27\" class=\"mk-padding-divider jupiter-donut-  jupiter-donut-clearfix\"><\/div>\n\n<\/div><\/div><\/div>\t<\/div>\n<\/div>\n<\/div>\n            <div class=\"clearboth\"><\/div>\n        <\/div>\n\n\n\t\t\t\n\t\t\t\n\t\t\t\n\t\t<div class=\"clearboth\"><\/div>\n\t<\/div>\n<\/div>\n<div class=\"vc_row-full-width vc_clearfix\"><\/div>\n\n\n<div  data-mk-full-width=\"true\" data-mk-full-width-init=\"false\" class=\"wpb_row vc_row vc_row-fluid jupiter-donut- mk-fullwidth-true  attched-false     js-master-row vc_hidden-lg vc_hidden-xs vc_hidden-sm vc_hidden-md\">\n\t\t\t<div class=\"mk-grid\">\n\t\t\t\t\n<div class=\"vc_col-sm-6 wpb_column column_container  jupiter-donut- _ jupiter-donut-height-full\">\n\t\n<div class=\"mk-custom-box jupiter-donut- hover-effect-image\" id=\"box-29\">\n\t<div class=\"box-holder\">\n<div id=\"padding-30\" class=\"mk-padding-divider jupiter-donut-  jupiter-donut-clearfix\"><\/div>\n\n\n<h3 id=\"fancy-title-31\" class=\"mk-fancy-title  simple-style jupiter-donut-  color-single\">\n\t<span>\n\t\t\t\t<p style=\"font-weight: bold;\"><a href=\"https:\/\/teatrogiovaniteatropirata.it\/en\/formazione-e-laboratori\/alchimia-del-conduttore\/\">Alchimia del conduttore<\/a><\/p>\n\t\t\t<\/span>\n<\/h3>\n<div class=\"clearboth\"><\/div>\n\n\n\n\t<div class=\"vc_custom_1687336872177\">\n\n<div id=\"text-block-32\" class=\"mk-text-block  jupiter-donut-\">\n\n\t\n\t<p><span class=\"s1\">Il punto centrale su cui ruoter\u00e0 il corso sar\u00e0 la conduzione. Chi \u00e8 il conduttore? Quale competenze ha? Come si pone rispetto a un gruppo? Quali strategie adopera e quali obbiettivi si pone?<\/span><\/p>\n\n\t<div class=\"clearboth\"><\/div>\n<\/div>\n\n\t<\/div>\n\n<h3 id=\"fancy-title-33\" class=\"mk-fancy-title  simple-style jupiter-donut-  color-single\">\n\t<span>\n\t\t\t\t<p style=\"font-weight: bold;\"><a href=\"https:\/\/teatrogiovaniteatropirata.it\/en\/formazione-e-laboratori\/alchimia-del-conduttore\/\">Read more<\/a><\/p>\n\t\t\t<\/span>\n<\/h3>\n<div class=\"clearboth\"><\/div>\n\n\n\n\n<div id=\"padding-34\" class=\"mk-padding-divider jupiter-donut-  jupiter-donut-clearfix\"><\/div>\n\n\n\t\t<div class=\"jupiter-donut-clearfix\"><\/div>\n\t<\/div>\n<\/div>\n\n<div id=\"padding-35\" class=\"mk-padding-divider jupiter-donut-  jupiter-donut-clearfix\"><\/div>\n\n<\/div>\n\n<div class=\"vc_col-sm-6 wpb_column column_container  jupiter-donut- _ jupiter-donut-height-full\">\n\t\n<div class=\"mk-custom-box jupiter-donut- hover-effect-image\" id=\"box-37\">\n\t<div class=\"box-holder\">\n<div id=\"padding-38\" class=\"mk-padding-divider jupiter-donut-  jupiter-donut-clearfix\"><\/div>\n\n\n<h3 id=\"fancy-title-39\" class=\"mk-fancy-title  simple-style jupiter-donut-  color-single\">\n\t<span>\n\t\t\t\t<p style=\"font-weight: bold;\"><a class=\"box-category;\" href=\"https:\/\/teatrogiovaniteatropirata.it\/en\/formazione-e-laboratori\/maestro-di-scena\/\">Maestro di scena<\/a><\/p>\n\t\t\t<\/span>\n<\/h3>\n<div class=\"clearboth\"><\/div>\n\n\n\n\t<div class=\"vc_custom_1687337265452\">\n\n<div id=\"text-block-40\" class=\"mk-text-block  jupiter-donut-\">\n\n\t\n\t<p>Il corso, dedicato alla messa in scena e al linguaggio teatrale, sar\u00e0 condotto dal direttore artistico e dalla direttrice organizzativa di una delle compagnie pi\u00f9 importanti del teatro ragazzi italiano<\/p>\n\n\t<div class=\"clearboth\"><\/div>\n<\/div>\n\n\t<\/div>\n\n<h3 id=\"fancy-title-41\" class=\"mk-fancy-title  simple-style jupiter-donut-  color-single\">\n\t<span>\n\t\t\t\t<p style=\"font-weight: bold;\"><a class=\"box-category;\" href=\"https:\/\/teatrogiovaniteatropirata.it\/en\/formazione-e-laboratori\/maestro-di-scena\/\">Read more<\/a><\/p>\n\t\t\t<\/span>\n<\/h3>\n<div class=\"clearboth\"><\/div>\n\n\n\n\n<div id=\"padding-42\" class=\"mk-padding-divider jupiter-donut-  jupiter-donut-clearfix\"><\/div>\n\n\n\t\t<div class=\"jupiter-donut-clearfix\"><\/div>\n\t<\/div>\n<\/div>\n\n<div id=\"padding-43\" class=\"mk-padding-divider jupiter-donut-  jupiter-donut-clearfix\"><\/div>\n\n<\/div>\n\t\t\t<\/div>\n\t<\/div>\n<div class=\"vc_row-full-width vc_clearfix\"><\/div>\n<div  data-mk-full-width=\"true\" data-mk-full-width-init=\"false\" class=\"wpb_row vc_row vc_row-fluid jupiter-donut- mk-fullwidth-true  attched-false    vc_custom_1716363381446  js-master-row\">\n\t\t\t<div class=\"mk-grid\">\n\t\t\t\t\n<div class=\"vc_col-sm-12 wpb_column column_container  jupiter-donut- _ jupiter-donut-height-full\">\n\t\n<div id=\"padding-45\" class=\"mk-padding-divider jupiter-donut-  jupiter-donut-clearfix\"><\/div>\n\n\t<div class=\"vc_custom_1711710292528\">\n\n<div id=\"text-block-46\" class=\"mk-text-block  jupiter-donut-\">\n\n\t\n\t<p>LE ATTIVIT\u00c0 SONO RICONOSCIUTE DAL MIUR COME FORMAZIONE PER IL PERSONALE DELLA SCUOLA \u2013 EX DIRETTIVA MIUR 90\/2003. ADEGUATO ALLA DIRETTIVA MINISTERIALE 170\/2016. E\u2019 PREVISTO L\u2019ESONERO DAL SERVIZIO. VERRA\u2019 RILASCIATO ATTESTATO DI PARTECIPAZIONE E FATTURA UTILIZZABILE PER LA RENDICONTAZIONE DEL \u201cBONUS\u201d VEDI COMMA 121 DELLA L. 107\/2015.<\/p>\n\n\t<div class=\"clearboth\"><\/div>\n<\/div>\n\n\t<\/div>\n\n<div id=\"padding-47\" class=\"mk-padding-divider jupiter-donut-  jupiter-donut-clearfix\"><\/div>\n\n<\/div>\n\t\t\t<\/div>\n\t<\/div>\n<div class=\"vc_row-full-width vc_clearfix\"><\/div>\n<div  data-mk-full-width=\"true\" data-mk-full-width-init=\"false\" data-mk-stretch-content=\"true\" class=\"wpb_row vc_row vc_row-fluid jupiter-donut- mk-fullwidth-true add-padding-0 attched-true     equal-columns js-master-row  mk-full-content-true\">\n\t\t\t\t\n<div class=\"vc_col-sm-4 prefooter-column wpb_column column_container  jupiter-donut- _ jupiter-donut-height-full\">\n\t\n<div class=\"mk-custom-box jupiter-donut- prefooter-box hover-effect-image\" id=\"box-49\">\n\t<div class=\"box-holder\">\n<div id=\"padding-50\" class=\"mk-padding-divider jupiter-donut-  jupiter-donut-clearfix\"><\/div>\n\n\n<div id=\"padding-51\" class=\"mk-padding-divider jupiter-donut-  jupiter-donut-clearfix\"><\/div>\n\n\n<h2 id=\"fancy-title-52\" class=\"mk-fancy-title  simple-style jupiter-donut- prefooter-title color-single\">\n\t<span>\n\t\t\t\t<p>Help Us Keep Theatre Alive<\/p>\n\t\t\t<\/span>\n<\/h2>\n<div class=\"clearboth\"><\/div>\n\n\n\n\n<h2 id=\"fancy-title-53\" class=\"mk-fancy-title  simple-style jupiter-donut- prefooter-link color-single\">\n\t<span>\n\t\t\t\t<p><span style=\"color: #ffffff;\"><a style=\"color: #ffffff;\" href=\"https:\/\/teatrogiovaniteatropirata.it\/en\/sostieni-il-teatro\/\">Read more<\/a><\/span><\/p>\n\t\t\t<\/span>\n<\/h2>\n<div class=\"clearboth\"><\/div>\n\n\n\n\n<div id=\"padding-54\" class=\"mk-padding-divider jupiter-donut-  jupiter-donut-clearfix\"><\/div>\n\n\n\t\t<div class=\"jupiter-donut-clearfix\"><\/div>\n\t<div class=\"mk-custom-box--overlay\"><\/div>\n<\/div>\n<\/div>\n<\/div>\n\n<div class=\"vc_col-sm-4 prefooter-column wpb_column column_container vc_custom_1697186527018 jupiter-donut- _ jupiter-donut-height-full\">\n\t\n<div class=\"mk-custom-box jupiter-donut- prefooter-box hover-effect-image\" id=\"box-56\">\n\t<div class=\"box-holder\">\n<div id=\"padding-57\" class=\"mk-padding-divider jupiter-donut-  jupiter-donut-clearfix\"><\/div>\n\n\n<h2 id=\"fancy-title-58\" class=\"mk-fancy-title  simple-style jupiter-donut- prefooter-title color-single\">\n\t<span>\n\t\t\t\t<p>Subscribe to our Newsletter<\/p>\n\t\t\t<\/span>\n<\/h2>\n<div class=\"clearboth\"><\/div>\n\n\n\n\n<h2 id=\"fancy-title-59\" class=\"mk-fancy-title  simple-style jupiter-donut- prefooter-link color-single\">\n\t<span>\n\t\t\t\t<script>(function() {\n\twindow.mc4wp = window.mc4wp || {\n\t\tlisteners: [],\n\t\tforms: {\n\t\t\ton: function(evt, cb) {\n\t\t\t\twindow.mc4wp.listeners.push(\n\t\t\t\t\t{\n\t\t\t\t\t\tevent   : evt,\n\t\t\t\t\t\tcallback: cb\n\t\t\t\t\t}\n\t\t\t\t);\n\t\t\t}\n\t\t}\n\t}\n})();\n<\/script><!-- Mailchimp for WordPress v4.11.1 - https:\/\/wordpress.org\/plugins\/mailchimp-for-wp\/ --><form id=\"mc4wp-form-1\" class=\"mc4wp-form mc4wp-form-4843\" method=\"post\" data-id=\"4843\" data-name=\"Iscriviti alla newsletter\" action=\"\">\n<div class=\"mc4wp-form-fields\"><p>\r\n\t<label><input type=\"email\" name=\"EMAIL\" placeholder=\"Il tuo indirizzo email\" required>\r\n<p>     \r\n          <input type=\"submit\" value=\"Iscriviti\">\r\n<\/p>\n<p><\/p><\/label><\/p><\/div>\n<label style=\"display: none !important;\">Leave this field empty if you're human: <input type=\"text\" name=\"_mc4wp_honeypot\" value=\"\" tabindex=\"-1\" autocomplete=\"off\"><\/label><input type=\"hidden\" name=\"_mc4wp_timestamp\" value=\"1778769922\"><input type=\"hidden\" name=\"_mc4wp_form_id\" value=\"4843\"><input type=\"hidden\" name=\"_mc4wp_form_element_id\" value=\"mc4wp-form-1\"><div class=\"mc4wp-response\"><\/div>\n<input type=\"hidden\" name=\"trp-form-language\" value=\"en\"\/><\/form>\n<!-- \/ Mailchimp for WordPress Plugin -->\n\t\t\t<\/span>\n<\/h2>\n<div class=\"clearboth\"><\/div>\n\n\n\n\n<div id=\"padding-60\" class=\"mk-padding-divider jupiter-donut-  jupiter-donut-clearfix\"><\/div>\n\n\n\t\t<div class=\"jupiter-donut-clearfix\"><\/div>\n\t<\/div>\n<\/div>\n<\/div>\n\n<div class=\"vc_col-sm-4 prefooter-column wpb_column column_container  jupiter-donut- _ jupiter-donut-height-full\">\n\t\n<div class=\"mk-custom-box jupiter-donut- prefooter-box hover-effect-image\" id=\"box-62\">\n\t<div class=\"box-holder\">\n<div id=\"padding-63\" class=\"mk-padding-divider jupiter-donut-  jupiter-donut-clearfix\"><\/div>\n\n\n<div id=\"padding-64\" class=\"mk-padding-divider jupiter-donut-visible-dt-v2  jupiter-donut-clearfix\"><\/div>\n\n\n<h2 id=\"fancy-title-65\" class=\"mk-fancy-title  simple-style jupiter-donut- prefooter-title color-single\">\n\t<span>\n\t\t\t\t<p>Palazzo Menarini Residency<\/p>\n\t\t\t<\/span>\n<\/h2>\n<div class=\"clearboth\"><\/div>\n\n\n\n\n<h2 id=\"fancy-title-66\" class=\"mk-fancy-title  simple-style jupiter-donut- prefooter-link color-single\">\n\t<span>\n\t\t\t\t<p><span style=\"color: #ffffff;\"><a style=\"color: #ffffff;\" href=\"https:\/\/teatrogiovaniteatropirata.it\/en\/casa-menarini\/\">Read more<\/a><\/span><\/p>\n\t\t\t<\/span>\n<\/h2>\n<div class=\"clearboth\"><\/div>\n\n\n\n\n<div id=\"padding-67\" class=\"mk-padding-divider jupiter-donut-  jupiter-donut-clearfix\"><\/div>\n\n\n\t\t<div class=\"jupiter-donut-clearfix\"><\/div>\n\t<div class=\"mk-custom-box--overlay\"><\/div>\n<\/div>\n<\/div>\n<\/div>\n\t<\/div>\n<div class=\"vc_row-full-width vc_clearfix\"><\/div>\n<\/div>","protected":false},"excerpt":{"rendered":"Home S.E.T.E. S.E.T.E. Scuola Estiva di Teatro Educazione La FORMAZIONE \u00e8 un\u2019attivit\u00e0 centrale del TEATRO EDUCAZIONE e della CULTURA in senso pi\u00f9 ampio. Il Teatro Giovani Teatro Pirata - Impresa Sociale, opera nell\u2019ambito della formazione promuovendo una sua poetica nella pratica del Teatro Educazione e del Teatro Sociale. Il cuore della formazione \u00e8 la S.E.T.E., [...]","protected":false},"author":1,"featured_media":0,"parent":1933,"menu_order":0,"comment_status":"closed","ping_status":"closed","template":"","meta":{"footnotes":""},"class_list":["post-3167","page","type-page","status-publish","hentry"],"_links":{"self":[{"href":"https:\/\/teatrogiovaniteatropirata.it\/en\/wp-json\/wp\/v2\/pages\/3167","targetHints":{"allow":["GET"]}}],"collection":[{"href":"https:\/\/teatrogiovaniteatropirata.it\/en\/wp-json\/wp\/v2\/pages"}],"about":[{"href":"https:\/\/teatrogiovaniteatropirata.it\/en\/wp-json\/wp\/v2\/types\/page"}],"author":[{"embeddable":true,"href":"https:\/\/teatrogiovaniteatropirata.it\/en\/wp-json\/wp\/v2\/users\/1"}],"replies":[{"embeddable":true,"href":"https:\/\/teatrogiovaniteatropirata.it\/en\/wp-json\/wp\/v2\/comments?post=3167"}],"version-history":[{"count":90,"href":"https:\/\/teatrogiovaniteatropirata.it\/en\/wp-json\/wp\/v2\/pages\/3167\/revisions"}],"predecessor-version":[{"id":6039,"href":"https:\/\/teatrogiovaniteatropirata.it\/en\/wp-json\/wp\/v2\/pages\/3167\/revisions\/6039"}],"up":[{"embeddable":true,"href":"https:\/\/teatrogiovaniteatropirata.it\/en\/wp-json\/wp\/v2\/pages\/1933"}],"wp:attachment":[{"href":"https:\/\/teatrogiovaniteatropirata.it\/en\/wp-json\/wp\/v2\/media?parent=3167"}],"curies":[{"name":"wp","href":"https:\/\/api.w.org\/{rel}","templated":true}]}}