{"id":2978,"date":"2023-06-07T09:08:05","date_gmt":"2023-06-07T09:08:05","guid":{"rendered":"https:\/\/teatrogiovaniteatropirata.it\/?page_id=2978"},"modified":"2026-02-24T12:07:29","modified_gmt":"2026-02-24T12:07:29","slug":"progetti","status":"publish","type":"page","link":"https:\/\/teatrogiovaniteatropirata.it\/en\/progetti\/","title":{"rendered":"Projects"},"content":{"rendered":"<div class=\"wpb-content-wrapper\">\n<div class=\"mk-page-section-wrapper\" data-mk-full-width=\"true\" data-mk-full-width-init=\"true\" data-mk-stretch-content=\"true\">\n\t<div id=\"page-section-1\" class=\"mk-page-section self-hosted   full_layout full-width-1 js-el js-master-row jupiter-donut-    center-y\"    data-intro-effect=\"false\">\n\n\t\t\t\n\t\t\t<div class=\"mk-page-section-inner\">\n\t\t\t\t\n\n\n<div style=\"background-color:#AB2B2C;opacity:1;\" class=\"mk-video-color-mask\"><\/div>\n\n\t\t\t\t\n\t\t\t\t\t\t\t<\/div>\n\n\t\t\t\n        <div class=\"page-section-content vc_row-fluid mk-grid\" >\n            <div class=\"mk-padding-wrapper wpb_row\">\n<div class=\"vc_col-sm-12 wpb_column column_container  jupiter-donut- _ jupiter-donut-height-full\">\n\t\n<div id=\"padding-3\" class=\"mk-padding-divider jupiter-donut-  jupiter-donut-clearfix\"><\/div>\n\n\n\n<div class=\"wpb_row vc_inner vc_row vc_row-fluid jupiter-donut-   attched-false   vc_custom_1663322276499\">\n\t\t\t<div class=\"wpb_column vc_column_container vc_col-sm-2\"><div class=\"vc_column-inner\"><div class=\"wpb_wrapper\"><\/div><\/div><\/div><div class=\"wpb_column vc_column_container vc_col-sm-8\"><div class=\"vc_column-inner\"><div class=\"wpb_wrapper\">\n<h2 id=\"fancy-title-4\" class=\"mk-fancy-title  simple-style jupiter-donut-  color-single\">\n\t<span>\n\t\t\t\t<p>Projects<\/p>\n\t\t\t<\/span>\n<\/h2>\n<div class=\"clearboth\"><\/div>\n\n\n\n<\/div><\/div><\/div><div class=\"wpb_column vc_column_container vc_col-sm-2\"><div class=\"vc_column-inner\"><div class=\"wpb_wrapper\"><\/div><\/div><\/div>\t<\/div>\n\n<div id=\"padding-5\" class=\"mk-padding-divider jupiter-donut-  jupiter-donut-clearfix\"><\/div>\n\n<\/div>\n<\/div>\n            <div class=\"clearboth\"><\/div>\n        <\/div>\n\n\n\t\t\t\n\t\t\t\n\t\t\t\n\t\t<div class=\"clearboth\"><\/div>\n\t<\/div>\n<\/div>\n<div class=\"vc_row-full-width vc_clearfix\"><\/div>\n\n\n<div  data-mk-stretch-content=\"true\" class=\"wpb_row vc_row vc_row-fluid jupiter-donut- mk-fullwidth-false  attched-false     js-master-row  mk-grid\">\n\t\t\t\t\n<div class=\"vc_col-sm-6 wpb_column column_container  jupiter-donut- _ jupiter-donut-height-full\">\n\t\n<div id=\"padding-7\" class=\"mk-padding-divider jupiter-donut-  jupiter-donut-clearfix\"><\/div>\n\n\n<div class=\"mk-custom-box jupiter-donut- hover-effect-image\" id=\"box-8\">\n\t<div class=\"box-holder\">\n<div id=\"padding-9\" class=\"mk-padding-divider jupiter-donut-hidden-sm  jupiter-donut-clearfix\"><\/div>\n\n\n<div id=\"padding-10\" class=\"mk-padding-divider jupiter-donut-hidden-sm  jupiter-donut-clearfix\"><\/div>\n\n\n<h3 id=\"fancy-title-11\" class=\"mk-fancy-title  simple-style jupiter-donut-  color-single\">\n\t<span>\n\t\t\t\t<p style=\"font-weight: bold;\">Teatro x Corrispondenza<br>\nJOLE &amp; GRIMM<\/p>\n\t\t\t<\/span>\n<\/h3>\n<div class=\"clearboth\"><\/div>\n\n\n\n\n<h2 id=\"fancy-title-12\" class=\"mk-fancy-title  simple-style jupiter-donut- prefooter-link color-single\">\n\t<span>\n\t\t\t\t<p><span style=\"color: #ffffff;\"><a style=\"color: #ffffff;\" href=\"https:\/\/teatroxcorrispondenza.it\/\">Read more <\/a><\/span><\/p>\n\t\t\t<\/span>\n<\/h2>\n<div class=\"clearboth\"><\/div>\n\n\n\n\n\t\t<div class=\"jupiter-donut-clearfix\"><\/div>\n\t<div class=\"mk-custom-box--overlay\"><\/div>\n<\/div>\n<\/div>\n<\/div>\n\n<div class=\"vc_col-sm-6 wpb_column column_container  jupiter-donut- _ jupiter-donut-height-full\">\n\t\n<div id=\"padding-14\" class=\"mk-padding-divider jupiter-donut-  jupiter-donut-clearfix\"><\/div>\n\n\n<div class=\"mk-custom-box jupiter-donut- hover-effect-image\" id=\"box-15\">\n\t<div class=\"box-holder\">\n<div id=\"padding-16\" class=\"mk-padding-divider jupiter-donut-hidden-sm  jupiter-donut-clearfix\"><\/div>\n\n\n<div id=\"padding-17\" class=\"mk-padding-divider jupiter-donut-hidden-sm  jupiter-donut-clearfix\"><\/div>\n\n\n<h3 id=\"fancy-title-18\" class=\"mk-fancy-title  simple-style jupiter-donut-  color-single\">\n\t<span>\n\t\t\t\t<p style=\"font-weight: bold;\">Officine Teatrabili<br>\n2025<\/p>\n\t\t\t<\/span>\n<\/h3>\n<div class=\"clearboth\"><\/div>\n\n\n\n\n<h2 id=\"fancy-title-19\" class=\"mk-fancy-title  simple-style jupiter-donut- prefooter-link color-single\">\n\t<span>\n\t\t\t\t<p><span style=\"color: #ffffff;\"><a style=\"color: #ffffff;\" href=\"https:\/\/teatrogiovaniteatropirata.it\/en\/officine-teatrali\/\">Read more <\/a><\/span><\/p>\n\t\t\t<\/span>\n<\/h2>\n<div class=\"clearboth\"><\/div>\n\n\n\n\n\t\t<div class=\"jupiter-donut-clearfix\"><\/div>\n\t<div class=\"mk-custom-box--overlay\"><\/div>\n<\/div>\n<\/div>\n<\/div>\n\t<\/div>\n\n<div  data-mk-full-width=\"true\" data-mk-full-width-init=\"false\" class=\"wpb_row vc_row vc_row-fluid jupiter-donut- mk-fullwidth-true  attched-false     js-master-row\">\n\t\t\t<div class=\"mk-grid\">\n\t\t\t\t\n<div class=\"vc_col-sm-6 wpb_column column_container  jupiter-donut- _ jupiter-donut-height-full\">\n\t\n<div id=\"padding-21\" class=\"mk-padding-divider jupiter-donut-  jupiter-donut-clearfix\"><\/div>\n\n\n<div class=\"mk-custom-box jupiter-donut- hover-effect-image\" id=\"box-22\">\n\t<div class=\"box-holder\">\n<div id=\"padding-23\" class=\"mk-padding-divider jupiter-donut-  jupiter-donut-clearfix\"><\/div>\n\n\n<div id=\"padding-24\" class=\"mk-padding-divider jupiter-donut-hidden-sm  jupiter-donut-clearfix\"><\/div>\n\n\n<h3 id=\"fancy-title-25\" class=\"mk-fancy-title  simple-style jupiter-donut-  color-single\">\n\t<span>\n\t\t\t\t<p style=\"font-weight: bold;\">RAM<em>fest<\/em>!<br>\n2024<\/p>\n\t\t\t<\/span>\n<\/h3>\n<div class=\"clearboth\"><\/div>\n\n\n\n\n<h2 id=\"fancy-title-26\" class=\"mk-fancy-title  simple-style jupiter-donut- prefooter-link color-single\">\n\t<span>\n\t\t\t\t<p><span style=\"color: #ffffff;\"><a style=\"color: #ffffff;\" href=\"https:\/\/teatrogiovaniteatropirata.it\/en\/produzioni-posts\/ramfest-2024\/\">Read more<\/a><\/span><\/p>\n\t\t\t<\/span>\n<\/h2>\n<div class=\"clearboth\"><\/div>\n\n\n\n\n\t\t<div class=\"jupiter-donut-clearfix\"><\/div>\n\t<div class=\"mk-custom-box--overlay\"><\/div>\n<\/div>\n<\/div>\n\n<div id=\"padding-27\" class=\"mk-padding-divider jupiter-donut-  jupiter-donut-clearfix\"><\/div>\n\n<\/div>\n\n<div class=\"vc_col-sm-6 wpb_column column_container  jupiter-donut- _ jupiter-donut-height-full\">\n\t\n<div id=\"padding-29\" class=\"mk-padding-divider jupiter-donut-  jupiter-donut-clearfix\"><\/div>\n\n\n<div class=\"mk-custom-box jupiter-donut- hover-effect-image\" id=\"box-30\">\n\t<div class=\"box-holder\">\n<div id=\"padding-31\" class=\"mk-padding-divider jupiter-donut-  jupiter-donut-clearfix\"><\/div>\n\n\n<div id=\"padding-32\" class=\"mk-padding-divider jupiter-donut-hidden-sm  jupiter-donut-clearfix\"><\/div>\n\n\n<h3 id=\"fancy-title-33\" class=\"mk-fancy-title  simple-style jupiter-donut-  color-single\">\n\t<span>\n\t\t\t\t<p style=\"font-weight: bold;\">Festival Tespi<br>\n2024<\/p>\n\t\t\t<\/span>\n<\/h3>\n<div class=\"clearboth\"><\/div>\n\n\n\n\n<h2 id=\"fancy-title-34\" class=\"mk-fancy-title  simple-style jupiter-donut- prefooter-link color-single\">\n\t<span>\n\t\t\t\t<p><span style=\"color: #ffffff;\"><a style=\"color: #ffffff;\" href=\"https:\/\/teatrogiovaniteatropirata.it\/en\/produzioni-posts\/festival-tespi-2024\/\">Read more<\/a><\/span><\/p>\n\t\t\t<\/span>\n<\/h2>\n<div class=\"clearboth\"><\/div>\n\n\n\n\n\t\t<div class=\"jupiter-donut-clearfix\"><\/div>\n\t<div class=\"mk-custom-box--overlay\"><\/div>\n<\/div>\n<\/div>\n\n<div id=\"padding-35\" class=\"mk-padding-divider jupiter-donut-  jupiter-donut-clearfix\"><\/div>\n\n<\/div>\n\t\t\t<\/div>\n\t<\/div>\n<div class=\"vc_row-full-width vc_clearfix\"><\/div>\n<div  data-mk-full-width=\"true\" data-mk-full-width-init=\"false\" class=\"wpb_row vc_row vc_row-fluid jupiter-donut- mk-fullwidth-true  attched-false     js-master-row vc_hidden-lg vc_hidden-xs vc_hidden-sm vc_hidden-md\">\n\t\t\t<div class=\"mk-grid\">\n\t\t\t\t\n<div class=\"vc_col-sm-6 wpb_column column_container  jupiter-donut- _ jupiter-donut-height-full\">\n\t\n<div class=\"mk-custom-box jupiter-donut- hover-effect-image\" id=\"box-37\">\n\t<div class=\"box-holder\">\n<div id=\"padding-38\" class=\"mk-padding-divider jupiter-donut-  jupiter-donut-clearfix\"><\/div>\n\n\n<div id=\"padding-39\" class=\"mk-padding-divider jupiter-donut-hidden-sm  jupiter-donut-clearfix\"><\/div>\n\n\n<h3 id=\"fancy-title-40\" class=\"mk-fancy-title  simple-style jupiter-donut-  color-single\">\n\t<span>\n\t\t\t\t<p style=\"font-weight: bold;\">Building Readers<\/p>\n\t\t\t<\/span>\n<\/h3>\n<div class=\"clearboth\"><\/div>\n\n\n\n\n<h2 id=\"fancy-title-41\" class=\"mk-fancy-title  simple-style jupiter-donut- prefooter-link color-single\">\n\t<span>\n\t\t\t\t<p><span style=\"color: #ffffff;\"><a style=\"color: #ffffff;\" href=\"https:\/\/teatrogiovaniteatropirata.it\/en\/produzioni-posts\/building-readers\/\">Read more<\/a><\/span><\/p>\n\t\t\t<\/span>\n<\/h2>\n<div class=\"clearboth\"><\/div>\n\n\n\n\n\t\t<div class=\"jupiter-donut-clearfix\"><\/div>\n\t<div class=\"mk-custom-box--overlay\"><\/div>\n<\/div>\n<\/div>\n<\/div>\n\n<div class=\"vc_col-sm-6 wpb_column column_container  jupiter-donut- _ jupiter-donut-height-full\">\n\t\n<div class=\"mk-custom-box jupiter-donut- hover-effect-image\" id=\"box-43\">\n\t<div class=\"box-holder\">\n<div id=\"padding-44\" class=\"mk-padding-divider jupiter-donut-  jupiter-donut-clearfix\"><\/div>\n\n\n<div id=\"padding-45\" class=\"mk-padding-divider jupiter-donut-hidden-sm  jupiter-donut-clearfix\"><\/div>\n\n\n<h3 id=\"fancy-title-46\" class=\"mk-fancy-title  simple-style jupiter-donut-  color-single\">\n\t<span>\n\t\t\t\t<p style=\"font-weight: bold;\">Federico in Seicento<\/p>\n\t\t\t<\/span>\n<\/h3>\n<div class=\"clearboth\"><\/div>\n\n\n\n\n<h2 id=\"fancy-title-47\" class=\"mk-fancy-title  simple-style jupiter-donut- prefooter-link color-single\">\n\t<span>\n\t\t\t\t<p><span style=\"color: #ffffff;\"><a style=\"color: #ffffff;\" href=\"https:\/\/teatrogiovaniteatropirata.it\/en\/produzioni-posts\/building-readers\/\">Read more<\/a><\/span><\/p>\n\t\t\t<\/span>\n<\/h2>\n<div class=\"clearboth\"><\/div>\n\n\n\n\t<div class=\"vc_custom_1700222027213\">\n\n<div id=\"text-block-48\" class=\"mk-text-block  jupiter-donut-\">\n\n\t\n\t\n\t<div class=\"clearboth\"><\/div>\n<\/div>\n\n\t<\/div>\n\n\t\t<div class=\"jupiter-donut-clearfix\"><\/div>\n\t<div class=\"mk-custom-box--overlay\"><\/div>\n<\/div>\n<\/div>\n<\/div>\n\t\t\t<\/div>\n\t<\/div>\n<div class=\"vc_row-full-width vc_clearfix\"><\/div>\n<div  data-mk-full-width=\"true\" data-mk-full-width-init=\"false\" data-mk-stretch-content=\"true\" class=\"wpb_row vc_row vc_row-fluid jupiter-donut- mk-fullwidth-true add-padding-0 attched-true     js-master-row  mk-full-content-true\">\n\t\t\t\t\n<div class=\"vc_col-sm-12 wpb_column column_container  jupiter-donut- _ jupiter-donut-height-full\">\n\t\n<div id=\"padding-50\" class=\"mk-padding-divider jupiter-donut-  jupiter-donut-clearfix\"><\/div>\n\n<\/div>\n\n<div class=\"vc_col-sm-12 wpb_column column_container vc_custom_1696581919177 jupiter-donut- _ jupiter-donut-height-full\">\n\t\n<div class=\"mk-custom-box jupiter-donut- hover-effect-image\" id=\"box-52\">\n\t<div class=\"box-holder\">\n<div id=\"padding-53\" class=\"mk-padding-divider jupiter-donut-  jupiter-donut-clearfix\"><\/div>\n\n\n<h2 id=\"fancy-title-54\" class=\"mk-fancy-title  simple-style jupiter-donut-  color-single\">\n\t<span>\n\t\t\t\t<p>Pubblicazioni<\/p>\n\t\t\t<\/span>\n<\/h2>\n<div class=\"clearboth\"><\/div>\n\n\n\n\n<h3 id=\"fancy-title-55\" class=\"mk-fancy-title  simple-style jupiter-donut-  color-single\">\n\t<span>\n\t\t\t\t<p><span style=\"color: #ffffff;\"><a style=\"color: #ffffff; font-weight: bold;\" href=\"https:\/\/teatrogiovaniteatropirata.it\/en\/pubblicazioni\/\">Read more<\/a><\/span><\/p>\n\t\t\t<\/span>\n<\/h3>\n<div class=\"clearboth\"><\/div>\n\n\n\n\n\t\t<div class=\"jupiter-donut-clearfix\"><\/div>\n\t<\/div>\n<\/div>\n<\/div>\n\n<div class=\"vc_col-sm-12 wpb_column column_container  jupiter-donut- _ jupiter-donut-height-full\">\n\t<\/div>\n\t<\/div>\n<div class=\"vc_row-full-width vc_clearfix\"><\/div>\n<div  data-mk-full-width=\"true\" data-mk-full-width-init=\"false\" data-mk-stretch-content=\"true\" class=\"wpb_row vc_row vc_row-fluid jupiter-donut- mk-fullwidth-true add-padding-0 attched-true     equal-columns js-master-row  mk-full-content-true\">\n\t\t\t\t\n<div class=\"vc_col-sm-4 prefooter-column wpb_column column_container  jupiter-donut- _ jupiter-donut-height-full\">\n\t\n<div class=\"mk-custom-box jupiter-donut- prefooter-box hover-effect-image\" id=\"box-58\">\n\t<div class=\"box-holder\">\n<div id=\"padding-59\" class=\"mk-padding-divider jupiter-donut-  jupiter-donut-clearfix\"><\/div>\n\n\n<h2 id=\"fancy-title-60\" class=\"mk-fancy-title  simple-style jupiter-donut- prefooter-title color-single\">\n\t<span>\n\t\t\t\t<p>Help Us Keep Theatre Alive<\/p>\n\t\t\t<\/span>\n<\/h2>\n<div class=\"clearboth\"><\/div>\n\n\n\n\n<h2 id=\"fancy-title-61\" class=\"mk-fancy-title  simple-style jupiter-donut- prefooter-link color-single\">\n\t<span>\n\t\t\t\t<p><span style=\"color: #ffffff;\"><a style=\"color: #ffffff;\" href=\"https:\/\/teatrogiovaniteatropirata.it\/en\/sostieni-il-teatro\/\">Read more<\/a><\/span><\/p>\n\t\t\t<\/span>\n<\/h2>\n<div class=\"clearboth\"><\/div>\n\n\n\n\n<div id=\"padding-62\" class=\"mk-padding-divider jupiter-donut-  jupiter-donut-clearfix\"><\/div>\n\n\n\t\t<div class=\"jupiter-donut-clearfix\"><\/div>\n\t<div class=\"mk-custom-box--overlay\"><\/div>\n<\/div>\n<\/div>\n<\/div>\n\n<div class=\"vc_col-sm-4 prefooter-column wpb_column column_container vc_custom_1697186527018 jupiter-donut- _ jupiter-donut-height-full\">\n\t\n<div class=\"mk-custom-box jupiter-donut- prefooter-box hover-effect-image\" id=\"box-64\">\n\t<div class=\"box-holder\">\n<div id=\"padding-65\" class=\"mk-padding-divider jupiter-donut-  jupiter-donut-clearfix\"><\/div>\n\n\n<h2 id=\"fancy-title-66\" class=\"mk-fancy-title  simple-style jupiter-donut- prefooter-title color-single\">\n\t<span>\n\t\t\t\t<p>Subscribe to our Newsletter<\/p>\n\t\t\t<\/span>\n<\/h2>\n<div class=\"clearboth\"><\/div>\n\n\n\n\n<h2 id=\"fancy-title-67\" class=\"mk-fancy-title  simple-style jupiter-donut- prefooter-link color-single\">\n\t<span>\n\t\t\t\t<script>(function() {\n\twindow.mc4wp = window.mc4wp || {\n\t\tlisteners: [],\n\t\tforms: {\n\t\t\ton: function(evt, cb) {\n\t\t\t\twindow.mc4wp.listeners.push(\n\t\t\t\t\t{\n\t\t\t\t\t\tevent   : evt,\n\t\t\t\t\t\tcallback: cb\n\t\t\t\t\t}\n\t\t\t\t);\n\t\t\t}\n\t\t}\n\t}\n})();\n<\/script><!-- Mailchimp for WordPress v4.11.1 - https:\/\/wordpress.org\/plugins\/mailchimp-for-wp\/ --><form id=\"mc4wp-form-1\" class=\"mc4wp-form mc4wp-form-4843\" method=\"post\" data-id=\"4843\" data-name=\"Iscriviti alla newsletter\" action=\"\">\n<div class=\"mc4wp-form-fields\"><p>\r\n\t<label><input type=\"email\" name=\"EMAIL\" placeholder=\"Il tuo indirizzo email\" required>\r\n<p>     \r\n          <input type=\"submit\" value=\"Iscriviti\">\r\n<\/p>\n<p><\/p><\/label><\/p><\/div>\n<label style=\"display: none !important;\">Leave this field empty if you're human: <input type=\"text\" name=\"_mc4wp_honeypot\" value=\"\" tabindex=\"-1\" autocomplete=\"off\"><\/label><input type=\"hidden\" name=\"_mc4wp_timestamp\" value=\"1778766557\"><input type=\"hidden\" name=\"_mc4wp_form_id\" value=\"4843\"><input type=\"hidden\" name=\"_mc4wp_form_element_id\" value=\"mc4wp-form-1\"><div class=\"mc4wp-response\"><\/div>\n<input type=\"hidden\" name=\"trp-form-language\" value=\"en\"\/><\/form>\n<!-- \/ Mailchimp for WordPress Plugin -->\n\t\t\t<\/span>\n<\/h2>\n<div class=\"clearboth\"><\/div>\n\n\n\n\n<div id=\"padding-68\" class=\"mk-padding-divider jupiter-donut-  jupiter-donut-clearfix\"><\/div>\n\n\n\t\t<div class=\"jupiter-donut-clearfix\"><\/div>\n\t<\/div>\n<\/div>\n<\/div>\n\n<div class=\"vc_col-sm-4 prefooter-column wpb_column column_container  jupiter-donut- _ jupiter-donut-height-full\">\n\t\n<div class=\"mk-custom-box jupiter-donut- prefooter-box hover-effect-image\" id=\"box-70\">\n\t<div class=\"box-holder\">\n<div id=\"padding-71\" class=\"mk-padding-divider jupiter-donut-  jupiter-donut-clearfix\"><\/div>\n\n\n<div id=\"padding-72\" class=\"mk-padding-divider jupiter-donut-visible-dt-v2  jupiter-donut-clearfix\"><\/div>\n\n\n<h2 id=\"fancy-title-73\" class=\"mk-fancy-title  simple-style jupiter-donut- prefooter-title color-single\">\n\t<span>\n\t\t\t\t<p>Palazzo Menarini Residency<\/p>\n\t\t\t<\/span>\n<\/h2>\n<div class=\"clearboth\"><\/div>\n\n\n\n\n<h2 id=\"fancy-title-74\" class=\"mk-fancy-title  simple-style jupiter-donut- prefooter-link color-single\">\n\t<span>\n\t\t\t\t<p><span style=\"color: #ffffff;\"><a style=\"color: #ffffff;\" href=\"https:\/\/teatrogiovaniteatropirata.it\/en\/casa-menarini\/\">Read more<\/a><\/span><\/p>\n\t\t\t<\/span>\n<\/h2>\n<div class=\"clearboth\"><\/div>\n\n\n\n\n<div id=\"padding-75\" class=\"mk-padding-divider jupiter-donut-  jupiter-donut-clearfix\"><\/div>\n\n\n\t\t<div class=\"jupiter-donut-clearfix\"><\/div>\n\t<div class=\"mk-custom-box--overlay\"><\/div>\n<\/div>\n<\/div>\n<\/div>\n\t<\/div>\n<div class=\"vc_row-full-width vc_clearfix\"><\/div>\n<\/div>","protected":false},"excerpt":{"rendered":"Progetti Teatro x Corrispondenza JOLE &amp; GRIMM &gt; Scopri di pi\u00f9 Officine Teatrabili 2025 &gt; Scopri di pi\u00f9 RAMfest! 2024 &gt; Scopri di pi\u00f9 Festival Tespi 2024 &gt; Scopri di pi\u00f9 Building Readers &gt; Scopri di pi\u00f9 Federico in Seicento &gt; Scopri di pi\u00f9 Pubblicazioni &gt; Scopri di pi\u00f9 Sostieni il Teatro &gt; Scopri di [...]","protected":false},"author":1,"featured_media":0,"parent":0,"menu_order":0,"comment_status":"closed","ping_status":"closed","template":"","meta":{"footnotes":""},"class_list":["post-2978","page","type-page","status-publish","hentry"],"_links":{"self":[{"href":"https:\/\/teatrogiovaniteatropirata.it\/en\/wp-json\/wp\/v2\/pages\/2978","targetHints":{"allow":["GET"]}}],"collection":[{"href":"https:\/\/teatrogiovaniteatropirata.it\/en\/wp-json\/wp\/v2\/pages"}],"about":[{"href":"https:\/\/teatrogiovaniteatropirata.it\/en\/wp-json\/wp\/v2\/types\/page"}],"author":[{"embeddable":true,"href":"https:\/\/teatrogiovaniteatropirata.it\/en\/wp-json\/wp\/v2\/users\/1"}],"replies":[{"embeddable":true,"href":"https:\/\/teatrogiovaniteatropirata.it\/en\/wp-json\/wp\/v2\/comments?post=2978"}],"version-history":[{"count":51,"href":"https:\/\/teatrogiovaniteatropirata.it\/en\/wp-json\/wp\/v2\/pages\/2978\/revisions"}],"predecessor-version":[{"id":7237,"href":"https:\/\/teatrogiovaniteatropirata.it\/en\/wp-json\/wp\/v2\/pages\/2978\/revisions\/7237"}],"wp:attachment":[{"href":"https:\/\/teatrogiovaniteatropirata.it\/en\/wp-json\/wp\/v2\/media?parent=2978"}],"curies":[{"name":"wp","href":"https:\/\/api.w.org\/{rel}","templated":true}]}}