{"id":2579,"date":"2023-01-19T11:16:24","date_gmt":"2023-01-19T11:16:24","guid":{"rendered":"https:\/\/teatrogiovaniteatropirata.it\/?page_id=2579"},"modified":"2024-04-03T14:02:06","modified_gmt":"2024-04-03T14:02:06","slug":"sostieni-il-teatro","status":"publish","type":"page","link":"https:\/\/teatrogiovaniteatropirata.it\/en\/sostieni-il-teatro\/","title":{"rendered":"Sostieni il teatro"},"content":{"rendered":"<div class=\"wpb-content-wrapper\">\n<div class=\"mk-page-section-wrapper\" data-mk-full-width=\"true\" data-mk-full-width-init=\"true\" data-mk-stretch-content=\"true\">\n\t<div id=\"page-section-1\" class=\"mk-page-section self-hosted   full_layout full-width-1 js-el js-master-row jupiter-donut-\"    data-intro-effect=\"false\">\n\n\t\t\t\n\t\t\t<div class=\"mk-page-section-inner\">\n\t\t\t\t\n\n\n<div style=\"background-color:#ffffff;opacity:0.8;\" class=\"mk-video-color-mask\"><\/div>\n\n\t\t\t\t\n\t\t\t\t\t\t\t<\/div>\n\n\t\t\t\n        <div class=\"page-section-content vc_row-fluid mk-grid\" >\n            <div class=\"mk-padding-wrapper wpb_row\">\n<div class=\"vc_col-sm-12 wpb_column column_container  jupiter-donut- _ jupiter-donut-height-full\">\n\t\n<div id=\"padding-3\" class=\"mk-padding-divider jupiter-donut-  jupiter-donut-clearfix\"><\/div>\n\n\n<div class=\"mk-custom-box jupiter-donut- hover-effect-image\" id=\"box-4\">\n\t<div class=\"box-holder\">\n<h2 id=\"fancy-title-5\" class=\"mk-fancy-title  simple-style jupiter-donut-  color-single\">\n\t<span>\n\t\t\t\t<p>Campagna <span style=\"color: #ab2b2c;\">Raccolta Fondi<\/span><\/p>\n\t\t\t<\/span>\n<\/h2>\n<div class=\"clearboth\"><\/div>\n\n\n\n\n<div id=\"padding-6\" class=\"mk-padding-divider jupiter-donut-  jupiter-donut-clearfix\"><\/div>\n\n\t<div class=\"vc_custom_1711453958126\">\n\n<div id=\"text-block-7\" class=\"mk-text-block  jupiter-donut-\">\n\n\t\n\t<p class=\"p1\"><strong>Teatro Giovani Teatro Pirata<\/strong> Impresa sociale dal 1994 si occupa di teatro per le nuove generazioni, con un profilo di livello nazionale che conta anche del riconoscimento del <strong>Ministero della Cultura<\/strong> come <strong>Compagnia di Teatro per Infanzia e Giovent\u00f9<\/strong> con all\u2019attivo oltre 4000 repliche presentate nei teatri e piazze di tutta Italia e all\u2019Estero.<br>\nL\u2019impresa \u00e8 uno dei soggetti che la <strong>Regione Marche<\/strong> ha riconosciuto di <strong>Primario Interesse Regionale<\/strong>. Inoltre \u00e8 riconosciuta dal <strong>MIM<\/strong> e dalla <strong>Regione Marche<\/strong> in qualit\u00e0 di\u00a0<strong>Ente di Formazione<\/strong>.<br>\nLa struttura si \u00e8 sempre contraddistinta per il suo intento di connettere l\u2019attivit\u00e0 professionale teatrale a quella educativa relativa al mondo della scuola e del sociale. Sono i due pilastri dell\u2019attivit\u00e0 dell\u2019Impresa, intrecciati all\u2019origine: <strong>produzione e circuitazione di spettacoli<\/strong> con la promozione e formazione del pubblico, tradotta in <strong>stagioni teatrali<\/strong>, <strong>percorsi formativi<\/strong>, <strong>attivit\u00e0 laboratoriali<\/strong>, <strong>progetti speciali<\/strong>.<br>\nUna presenza capillare anche nel territorio marchigiano e nelle sue comunit\u00e0 attraverso la <strong>gestione degli spazi<\/strong> teatrali connessi in una interessante e virtuosa rete culturale. Produzione e progettazione del territorio, un codice binario capace di generare un flusso creativo e vitale, con particolare attenzione al pubblico dei pi\u00f9 piccoli e dei soggetti fragili.<\/p>\n\n\t<div class=\"clearboth\"><\/div>\n<\/div>\n\n\t<\/div>\n\n\t\t<div class=\"jupiter-donut-clearfix\"><\/div>\n\t<\/div>\n<\/div>\n<\/div>\n<\/div>\n            <div class=\"clearboth\"><\/div>\n        <\/div>\n\n\n\t\t\t\n\t\t\t\n\t\t\t\n\t\t<div class=\"clearboth\"><\/div>\n\t<\/div>\n<\/div>\n<div class=\"vc_row-full-width vc_clearfix\"><\/div>\n\n\n<div class=\"mk-page-section-wrapper\" data-mk-full-width=\"true\" data-mk-full-width-init=\"true\" data-mk-stretch-content=\"true\">\n\t<div id=\"page-section-8\" class=\"mk-page-section self-hosted   full_layout full-width-8 js-el js-master-row jupiter-donut-visible-sm\"    data-intro-effect=\"false\">\n\n\t\t\t\n\t\t\t<div class=\"mk-page-section-inner\">\n\t\t\t\t\n\n\n<div class=\"mk-video-color-mask\"><\/div>\n\n\t\t\t\t\n\t\t\t\t\n\t\n\t<div class=\"background-layer-holder\">\n\t\t<div id=\"background-layer--8\" data-mk-lazyload=\"false\" class=\"background-layer  none-blend-effect js-el\"    data-mk-img-set='{\"landscape\":{\"desktop\":\"https:\/\/teatrogiovaniteatropirata.it\/wp-content\/uploads\/2022\/09\/slide_sito_atgtp_stag-ragazzi-2022-2-parte.jpeg\",\"tablet\":\"https:\/\/teatrogiovaniteatropirata.it\/wp-content\/uploads\/2022\/09\/slide_sito_atgtp_stag-ragazzi-2022-2-parte-1024x768.jpeg\",\"mobile\":\"https:\/\/teatrogiovaniteatropirata.it\/wp-content\/uploads\/2022\/09\/slide_sito_atgtp_stag-ragazzi-2022-2-parte-736x414.jpeg\"},\"responsive\":\"true\"}' >\n\t\t\t\t\t\t\t\t\t<div class=\"mk-color-layer\"><\/div>\n\t\t<\/div>\n\t<\/div>\n\n\t\t\t<\/div>\n\n\t\t\t\n        <div class=\"page-section-content vc_row-fluid page-section-fullwidth\" >\n            <div class=\"mk-padding-wrapper wpb_row\">\n<div class=\"vc_col-sm-12 wpb_column column_container  jupiter-donut- _ jupiter-donut-height-full\">\n\t<\/div>\n<\/div>\n            <div class=\"clearboth\"><\/div>\n        <\/div>\n\n\n\t\t\t\n\t\t\t\n\t\t\t\n\t\t<div class=\"clearboth\"><\/div>\n\t<\/div>\n<\/div>\n<div class=\"vc_row-full-width vc_clearfix\"><\/div>\n\n\n<div class=\"mk-page-section-wrapper\" data-mk-full-width=\"true\" data-mk-full-width-init=\"true\" data-mk-stretch-content=\"true\">\n\t<div id=\"page-section-10\" class=\"mk-page-section self-hosted   full_layout full-width-10 js-el js-master-row jupiter-donut-\"    data-intro-effect=\"false\">\n\n\t\t\t\n\t\t\t<div class=\"mk-page-section-inner\">\n\t\t\t\t\n\n\n<div class=\"mk-video-color-mask\"><\/div>\n\n\t\t\t\t\n\t\t\t\t\t\t\t<\/div>\n\n\t\t\t\n        <div class=\"page-section-content vc_row-fluid mk-grid\" >\n            <div class=\"mk-padding-wrapper wpb_row\">\n<div class=\"vc_col-sm-12 wpb_column column_container  jupiter-donut- _ jupiter-donut-height-full\">\n\t\n<div id=\"padding-12\" class=\"mk-padding-divider jupiter-donut-  jupiter-donut-clearfix\"><\/div>\n\n\n\n<div class=\"wpb_row vc_inner vc_row vc_row-fluid jupiter-donut-   attched-false\">\n\t\t\t<div class=\"wpb_column vc_column_container vc_col-sm-6\"><div class=\"vc_column-inner\"><div class=\"wpb_wrapper\">\n<h2 id=\"fancy-title-13\" class=\"mk-fancy-title  simple-style jupiter-donut-  color-single\">\n\t<span>\n\t\t\t\t<p>Gli obiettivi della<br \/>\nRaccolta Fondi<\/p>\n\t\t\t<\/span>\n<\/h2>\n<div class=\"clearboth\"><\/div>\n\n\n\n\n<div id=\"padding-14\" class=\"mk-padding-divider jupiter-donut-  jupiter-donut-clearfix\"><\/div>\n\n\n<div id=\"padding-15\" class=\"mk-padding-divider jupiter-donut-  jupiter-donut-clearfix\"><\/div>\n\n<\/div><\/div><\/div><div class=\"wpb_column vc_column_container vc_col-sm-6\"><div class=\"vc_column-inner\"><div class=\"wpb_wrapper\">\n<div id=\"padding-16\" class=\"mk-padding-divider jupiter-donut-  jupiter-donut-clearfix\"><\/div>\n\n\n<div id=\"list-17\" class=\"mk-list-styles  mk-align-none  jupiter-donut- jupiter-donut-clear\" data-charcode=\"mk-icon-check\" data-family=\"\">\n\n\t\n\t<ul style=\"color: #ffffff;\">\n<li><svg  class=\"mk-svg-icon\" data-name=\"mk-icon-check\" data-cacheid=\"icon-6a05d2b33dda8\" style=\" height:16px; width: 16px; \"  xmlns=\"http:\/\/www.w3.org\/2000\/svg\" viewbox=\"0 0 1792 1792\"><path d=\"M1671 566q0 40-28 68l-724 724-136 136q-28 28-68 28t-68-28l-136-136-362-362q-28-28-28-68t28-68l136-136q28-28 68-28t68 28l294 295 656-657q28-28 68-28t68 28l136 136q28 28 28 68z\"\/><\/svg>Sostenere la ricerca artistica e la realizzazione di produzioni di Teatro rivolte alle Nuove Generazioni contribuendo all&#8217;occupazione dei professionisti dello Spettacolo dal Vivo.<\/li>\n<\/ul>\n<p>&nbsp;<\/p>\n<ul style=\"color: #ffffff;\">\n<li><svg  class=\"mk-svg-icon\" data-name=\"mk-icon-check\" data-cacheid=\"icon-6a05d2b33dda8\" style=\" height:16px; width: 16px; \"  xmlns=\"http:\/\/www.w3.org\/2000\/svg\" viewbox=\"0 0 1792 1792\"><path d=\"M1671 566q0 40-28 68l-724 724-136 136q-28 28-68 28t-68-28l-136-136-362-362q-28-28-28-68t28-68l136-136q28-28 68-28t68 28l294 295 656-657q28-28 68-28t68 28l136 136q28 28 28 68z\"\/><\/svg>Promuovere attivit\u00e0 di formazione, ricerca, aggiornamento e professionalizzazione nel<br \/>\nsettore del teatro socio-educativo.<\/li>\n<\/ul>\n<p>&nbsp;<\/p>\n<ul style=\"color: #ffffff;\">\n<li><svg  class=\"mk-svg-icon\" data-name=\"mk-icon-check\" data-cacheid=\"icon-6a05d2b33dda8\" style=\" height:16px; width: 16px; \"  xmlns=\"http:\/\/www.w3.org\/2000\/svg\" viewbox=\"0 0 1792 1792\"><path d=\"M1671 566q0 40-28 68l-724 724-136 136q-28 28-68 28t-68-28l-136-136-362-362q-28-28-28-68t28-68l136-136q28-28 68-28t68 28l294 295 656-657q28-28 68-28t68 28l136 136q28 28 28 68z\"\/><\/svg>Sostenere la realizzazione di Stagioni Teatrali ed iniziative culturali capaci di valorizzare e animare i teatri storici e gli spazi di aggregazione del nostro territorio.<\/li>\n<\/ul>\n<p>&nbsp;<\/p>\n<ul style=\"color: #ffffff;\">\n<li><svg  class=\"mk-svg-icon\" data-name=\"mk-icon-check\" data-cacheid=\"icon-6a05d2b33dda8\" style=\" height:16px; width: 16px; \"  xmlns=\"http:\/\/www.w3.org\/2000\/svg\" viewbox=\"0 0 1792 1792\"><path d=\"M1671 566q0 40-28 68l-724 724-136 136q-28 28-68 28t-68-28l-136-136-362-362q-28-28-28-68t28-68l136-136q28-28 68-28t68 28l294 295 656-657q28-28 68-28t68 28l136 136q28 28 28 68z\"\/><\/svg>Diffondere la cultura teatrale nella Scuola e nel Sociale come occasione di sviluppo culturale, sociale ed economico delle nostre comunit\u00e0.<\/li>\n<\/ul>\n\n<\/div>\n<\/div><\/div><\/div>\t<\/div>\n\n<div id=\"padding-18\" class=\"mk-padding-divider jupiter-donut-  jupiter-donut-clearfix\"><\/div>\n\n<\/div>\n<\/div>\n            <div class=\"clearboth\"><\/div>\n        <\/div>\n\n\n\t\t\t\n\t\t\t\n\t\t\t\n\t\t<div class=\"clearboth\"><\/div>\n\t<\/div>\n<\/div>\n<div class=\"vc_row-full-width vc_clearfix\"><\/div>\n\n\n<div class=\"mk-page-section-wrapper\" data-mk-full-width=\"true\" data-mk-full-width-init=\"true\" data-mk-stretch-content=\"true\">\n\t<div id=\"raccolta-fondi\" class=\"mk-page-section self-hosted   full_layout full-width-19 js-el js-master-row jupiter-donut-   info\"    data-intro-effect=\"false\">\n\n\t\t\t\n\t\t\t<div class=\"mk-page-section-inner\">\n\t\t\t\t\n\n\n<div style=\"background-color:#ffffff;opacity:0.2;\" class=\"mk-video-color-mask\"><\/div>\n\n\t\t\t\t\n\t\t\t\t\n\t\n\t<div class=\"background-layer-holder\">\n\t\t<div id=\"background-layer--19\" data-mk-lazyload=\"false\" class=\"background-layer mk-background-stretch none-blend-effect js-el\"    data-mk-img-set='{\"landscape\":{\"desktop\":\"https:\/\/teatrogiovaniteatropirata.it\/wp-content\/uploads\/2023\/01\/sfondo-ancore.png\",\"tablet\":\"https:\/\/teatrogiovaniteatropirata.it\/wp-content\/uploads\/2023\/01\/sfondo-ancore-1024x768.png\",\"mobile\":\"https:\/\/teatrogiovaniteatropirata.it\/wp-content\/uploads\/2023\/01\/sfondo-ancore-736x414.png\"},\"responsive\":\"true\"}' >\n\t\t\t\t\t\t\t\t\t<div class=\"mk-color-layer\"><\/div>\n\t\t<\/div>\n\t<\/div>\n\n\t\t\t<\/div>\n\n\t\t\t\n        <div class=\"page-section-content vc_row-fluid mk-grid\" >\n            <div class=\"mk-padding-wrapper wpb_row\">\n<div class=\"vc_col-sm-12 wpb_column column_container  jupiter-donut- _ jupiter-donut-height-full\">\n\t\n<div id=\"padding-21\" class=\"mk-padding-divider jupiter-donut-  jupiter-donut-clearfix\"><\/div>\n\n\n\n<div id=\"dettagli-produzione\" class=\"wpb_row vc_inner vc_row vc_row-fluid jupiter-donut-  add-padding-3 attched-true   vc_custom_1674128299472\">\n\t\t\t\t<div class=\"mk-grid\">\n\t\t\t<div class=\"wpb_column vc_column_container vc_col-sm-12\"><div class=\"vc_column-inner\"><div class=\"wpb_wrapper\">\n<h2 id=\"fancy-title-22\" class=\"mk-fancy-title  simple-style jupiter-donut-  color-single\">\n\t<span>\n\t\t\t\t<p>Diventa sostenitore con <span style=\"color: #ab2b2c;\">Art Bonus<\/span><\/p>\n\t\t\t<\/span>\n<\/h2>\n<div class=\"clearboth\"><\/div>\n\n\n\n\n<div id=\"padding-23\" class=\"mk-padding-divider jupiter-donut-  jupiter-donut-clearfix\"><\/div>\n\n\t<div class=\"vc_custom_1711454063082\">\n\n<div id=\"text-block-24\" class=\"mk-text-block  jupiter-donut-\">\n\n\t\n\t<p>Teatro Giovani Teatro Pirata \u00e8 una delle istituzioni culturali marchigiane che possono essere beneficiate dal credito d\u2019imposta <strong>\u201cArt Bonus\u201d<\/strong> in quanto ente dello spettacolo dal vivo (come previsto dalla norma).<\/p>\n\n\t<div class=\"clearboth\"><\/div>\n<\/div>\n\n\t<\/div>\n\n<div id=\"padding-25\" class=\"mk-padding-divider jupiter-donut-  jupiter-donut-clearfix\"><\/div>\n\n\t<div class=\"vc_custom_1711554889974\">\n\n<div id=\"text-block-26\" class=\"mk-text-block  jupiter-donut-\">\n\n\t\n\t<p><span style=\"color: #a60200; font-size: 20px; font-weight: bold; font-family: Karla;\">Cosa significa?<\/span><br \/>\nArt Bonus \u00e8 un regime fiscale agevolato in favore di tutti i soggetti, privati e aziende, che effettuano donazioni in denaro per interventi a sostegno del patrimonio culturale pubblico italiano (Legge 29 luglio 2014, n. 106). L\u2019Art bonus consente un credito di imposta, pari al 65% dell\u2019importo donato, a chi effettua erogazioni liberali a sostegno del patrimonio culturale pubblico italiano.<\/p>\n\n\t<div class=\"clearboth\"><\/div>\n<\/div>\n\n\t<\/div>\n\t<div class=\"vc_custom_1712152866244\">\n\n<div id=\"text-block-27\" class=\"mk-text-block  jupiter-donut-\">\n\n\t\n\t<p><span style=\"color: #a60200; font-size: 20px; font-weight: bold; font-family: Karla;\">Come fare?<\/span><br \/>\nLe donazioni devono essere effettuate esclusivamente <strong>in denaro<\/strong> con un versamento su conto corrente intestato a:<\/p>\n<p><strong>Teatro Giovani Teatro Pirata IBAN: IT53W0306909606100000133182 indicando nella causale: \u201cArt Bonus \u2013 Teatro Giovani Teatro Pirata \u2013 Codice fiscale o P. Iva del mecenate- sostieni il teatro per le nuove generazioni- il futuro inizia dall\u2019esperienza dei pi\u00f9 piccoli\u201d<\/strong><\/p>\n<p>\u00c8 sufficiente conservare copia del documento che certifica l\u2019erogazione in denaro e comunicare i dati dell\u2019erogazione sul portale www.artbonus.gov.it con un\u2019autodichiarazione.<\/p>\n<p>Per saperne di pi\u00f9\u00a0<a href=\"http:\/\/www.artbonus.gov.it\/\"><strong>http:\/\/www.artbonus.gov.it\/<\/strong><\/a><br \/>\n<strong>INFO<\/strong>:\u00a00731.86634 \u2013 0731.56590,\u00a0<a href=\"mailto:organizzazione@teatrogiovanireatropirata.it\">organizzazione@teatrogiovanireatropirata.it<\/a><\/p>\n\n\t<div class=\"clearboth\"><\/div>\n<\/div>\n\n\t<\/div>\n\n<div id=\"padding-28\" class=\"mk-padding-divider jupiter-donut-  jupiter-donut-clearfix\"><\/div>\n\n\n<h2 id=\"fancy-title-29\" class=\"mk-fancy-title  simple-style jupiter-donut-  color-single\">\n\t<span>\n\t\t\t\t<p>Diventa donatore con il <span style=\"color: #ab2b2c;\">5&#215;1000<\/span><\/p>\n\t\t\t<\/span>\n<\/h2>\n<div class=\"clearboth\"><\/div>\n\n\n\n\n<div id=\"padding-30\" class=\"mk-padding-divider jupiter-donut-  jupiter-donut-clearfix\"><\/div>\n\n\t<div class=\"vc_custom_1711554943803\">\n\n<div id=\"text-block-31\" class=\"mk-text-block  jupiter-donut-\">\n\n\t\n\t<p><span style=\"color: #a60200; font-size: 20px; font-weight: bold; font-family: Karla;\">Cosa significa?<\/span><br \/>\nTeatro Giovani Teatro Pirata \u2013 Impresa Sociale senza scopo di lucro, \u00e8 un <strong>soggetto beneficiario della quota del 5 per mille dell\u2019IRPEF<\/strong> riconosciuto dall\u2019Agenzia delle Entrate. Devolvere il tuo<strong> 5 per mille<\/strong> per sostenere le attivit\u00e0 culturali, educative e sociali dell\u2019Impresa non ti costa nulla e non \u00e8 in conflitto con la destinazione dell\u20198 per mille o del 2 per mille perch\u00e9 potranno essere espresse tutte e tre le scelte.<\/p>\n\n\t<div class=\"clearboth\"><\/div>\n<\/div>\n\n\t<\/div>\n\t<div class=\"vc_custom_1712152923102\">\n\n<div id=\"text-block-32\" class=\"mk-text-block  jupiter-donut-\">\n\n\t\n\t<p><span style=\"color: #a60200; font-size: 20px; font-weight: bold; font-family: Karla;\">Come fare?<\/span><br \/>\n<strong>Se presenti il modello 730 o unico<\/strong><br \/>\n1) compila la scheda sul modello 730 o Unico;<br \/>\n2) firma nel riquadro indicato come \u201cSostegno del volontariato\u2026\u201d;<br \/>\n3) indica nel riquadro il\u00a0codice fiscale dell&#8217;Associazione:\u00a0<strong>01357940426<\/strong><\/p>\n<p><strong>Se non sei tenuto a presentare la dichiarazione dei redditi<\/strong><br \/>\nAnche se non devi presentare la dichiarazione dei redditi puoi devolvere il tuo 5 per mille.<br \/>\n1) compila la scheda fornita insieme al CUD dal tuo datore di lavoro o dall\u2019ente erogatore della pensione, firmando nel riquadro indicato come \u201cSostegno del volontariato\u2026\u201d e indicando il\u00a0\u00a0codice fiscale dell&#8217;Associazione:\u00a0<strong>01357940426<br \/>\n<\/strong>2) inserisci la scheda in una busta chiusa;<br \/>\n3) scrivi sulla busta\u00a0<strong>\u201cDESTINAZIONE CINQUE PER MILLE e DUE PER MILLE IRPEF\u201d<\/strong>\u00a0e indica il tuo cognome, nome e codice fiscale;<br \/>\n4) consegnala a un ufficio postale (che la ricever\u00e0 gratuitamente) o a un intermediario abilitato alla trasmissione telematica (CAF, commercialisti\u2026).<\/p>\n<p><strong>INFO<\/strong>:\u00a00731.86634 \u2013 0731.56590,\u00a0<a href=\"mailto:organizzazione@teatrogiovanireatropirata.it\">organizzazione@teatrogiovaniteatropirata.it<\/a><\/p>\n\n\t<div class=\"clearboth\"><\/div>\n<\/div>\n\n\t<\/div>\n\n<div id=\"padding-33\" class=\"mk-padding-divider jupiter-donut-  jupiter-donut-clearfix\"><\/div>\n\n\n<h2 id=\"fancy-title-34\" class=\"mk-fancy-title  simple-style jupiter-donut-  color-single\">\n\t<span>\n\t\t\t\t<p>Diventa <span style=\"color: #ab2b2c;\">Sponsor<\/span> dei nostri eventi<\/p>\n\t\t\t<\/span>\n<\/h2>\n<div class=\"clearboth\"><\/div>\n\n\n\n\n<div id=\"padding-35\" class=\"mk-padding-divider jupiter-donut-  jupiter-donut-clearfix\"><\/div>\n\n\t<div class=\"vc_custom_1711555021322\">\n\n<div id=\"text-block-36\" class=\"mk-text-block  jupiter-donut-\">\n\n\t\n\t<p><span style=\"color: #a60200; font-size: 20px; font-weight: bold; font-family: Karla;\">Cosa significa?<\/span><br \/>\nSe sei un&#8217;azienda, a fronte di un contributo in denaro o della fornitura di beni e\/o servizi, puoi diventare sponsor e promuovere il tuo nome, marchio, immagine, attivit\u00e0 o prodotto associandolo ad una o pi\u00f9 delle nostre attivit\u00e0 e iniziative.<\/p>\n\n\t<div class=\"clearboth\"><\/div>\n<\/div>\n\n\t<\/div>\n\n<div id=\"padding-37\" class=\"mk-padding-divider jupiter-donut-  jupiter-donut-clearfix\"><\/div>\n\n\t<div class=\"vc_custom_1712152914626\">\n\n<div id=\"text-block-38\" class=\"mk-text-block  jupiter-donut-\">\n\n\t\n\t<p><span style=\"color: #a60200; font-size: 20px; font-weight: bold; font-family: Karla;\">Come fare?<\/span><br \/>\nContatta Teatro Giovani Teatro Pirata per concordare la modalit\u00e0 di sponsorizzazione adeguata alle tue esigenze.<\/p>\n<p><strong>INFO<\/strong>:\u00a00731.86634 \u2013 0731.56590,\u00a0<a href=\"mailto:organizzazione@teatrogiovanireatropirata.it\">organizzazione@teatrogiovaniteatropirata.it<\/a><\/p>\n\n\t<div class=\"clearboth\"><\/div>\n<\/div>\n\n\t<\/div>\n<\/div><\/div><\/div>\t\t\t<\/div>\n\t<\/div>\n<\/div>\n<\/div>\n            <div class=\"clearboth\"><\/div>\n        <\/div>\n\n\n\t\t\t\n\t\t\t\n\t\t\t\n\t\t<div class=\"clearboth\"><\/div>\n\t<\/div>\n<\/div>\n<div class=\"vc_row-full-width vc_clearfix\"><\/div>\n\n\n<div  data-mk-full-width=\"true\" data-mk-full-width-init=\"false\" data-mk-stretch-content=\"true\" class=\"wpb_row vc_row vc_row-fluid jupiter-donut- mk-fullwidth-true add-padding-0 attched-true     equal-columns js-master-row  mk-full-content-true\">\n\t\t\t\t\n<div class=\"vc_col-sm-4 prefooter-column wpb_column column_container  jupiter-donut- _ jupiter-donut-height-full\">\n\t<\/div>\n\n<div class=\"vc_col-sm-4 prefooter-column wpb_column column_container vc_custom_1697186527018 jupiter-donut- _ jupiter-donut-height-full\">\n\t<\/div>\n\n<div class=\"vc_col-sm-4 prefooter-column wpb_column column_container  jupiter-donut- _ jupiter-donut-height-full\">\n\t<\/div>\n\t<\/div>\n<div class=\"vc_row-full-width vc_clearfix\"><\/div>\n<div  data-mk-full-width=\"true\" data-mk-full-width-init=\"false\" data-mk-stretch-content=\"true\" class=\"wpb_row vc_row vc_row-fluid jupiter-donut- mk-fullwidth-true add-padding-0 attched-true     equal-columns js-master-row  mk-full-content-true\">\n\t\t\t\t\n<div class=\"vc_col-sm-4 prefooter-column wpb_column column_container  jupiter-donut- _ jupiter-donut-height-full\">\n\t\n<div class=\"mk-custom-box jupiter-donut- prefooter-box hover-effect-image\" id=\"box-43\">\n\t<div class=\"box-holder\">\n<div id=\"padding-44\" class=\"mk-padding-divider jupiter-donut-  jupiter-donut-clearfix\"><\/div>\n\n\n<h2 id=\"fancy-title-45\" class=\"mk-fancy-title  simple-style jupiter-donut- prefooter-title color-single\">\n\t<span>\n\t\t\t\t<p>Help Us Keep Theatre Alive<\/p>\n\t\t\t<\/span>\n<\/h2>\n<div class=\"clearboth\"><\/div>\n\n\n\n\n<h2 id=\"fancy-title-46\" class=\"mk-fancy-title  simple-style jupiter-donut- prefooter-link color-single\">\n\t<span>\n\t\t\t\t<p><span style=\"color: #ffffff;\"><a style=\"color: #ffffff;\" href=\"https:\/\/teatrogiovaniteatropirata.it\/en\/sostieni-il-teatro\/\">Read more<\/a><\/span><\/p>\n\t\t\t<\/span>\n<\/h2>\n<div class=\"clearboth\"><\/div>\n\n\n\n\n<div id=\"padding-47\" class=\"mk-padding-divider jupiter-donut-  jupiter-donut-clearfix\"><\/div>\n\n\n\t\t<div class=\"jupiter-donut-clearfix\"><\/div>\n\t<div class=\"mk-custom-box--overlay\"><\/div>\n<\/div>\n<\/div>\n<\/div>\n\n<div class=\"vc_col-sm-4 prefooter-column wpb_column column_container vc_custom_1697186527018 jupiter-donut- _ jupiter-donut-height-full\">\n\t\n<div class=\"mk-custom-box jupiter-donut- prefooter-box hover-effect-image\" id=\"box-49\">\n\t<div class=\"box-holder\">\n<div id=\"padding-50\" class=\"mk-padding-divider jupiter-donut-  jupiter-donut-clearfix\"><\/div>\n\n\n<h2 id=\"fancy-title-51\" class=\"mk-fancy-title  simple-style jupiter-donut- prefooter-title color-single\">\n\t<span>\n\t\t\t\t<p>Subscribe to our Newsletter<\/p>\n\t\t\t<\/span>\n<\/h2>\n<div class=\"clearboth\"><\/div>\n\n\n\n\n<h2 id=\"fancy-title-52\" class=\"mk-fancy-title  simple-style jupiter-donut- prefooter-link color-single\">\n\t<span>\n\t\t\t\t<script>(function() {\n\twindow.mc4wp = window.mc4wp || {\n\t\tlisteners: [],\n\t\tforms: {\n\t\t\ton: function(evt, cb) {\n\t\t\t\twindow.mc4wp.listeners.push(\n\t\t\t\t\t{\n\t\t\t\t\t\tevent   : evt,\n\t\t\t\t\t\tcallback: cb\n\t\t\t\t\t}\n\t\t\t\t);\n\t\t\t}\n\t\t}\n\t}\n})();\n<\/script><!-- Mailchimp for WordPress v4.11.1 - https:\/\/wordpress.org\/plugins\/mailchimp-for-wp\/ --><form id=\"mc4wp-form-1\" class=\"mc4wp-form mc4wp-form-4843\" method=\"post\" data-id=\"4843\" data-name=\"Iscriviti alla newsletter\" action=\"\">\n<div class=\"mc4wp-form-fields\"><p>\r\n\t<label><input type=\"email\" name=\"EMAIL\" placeholder=\"Il tuo indirizzo email\" required>\r\n<p>     \r\n          <input type=\"submit\" value=\"Iscriviti\">\r\n<\/p>\n<p><\/p><\/label><\/p><\/div>\n<label style=\"display: none !important;\">Leave this field empty if you're human: <input type=\"text\" name=\"_mc4wp_honeypot\" value=\"\" tabindex=\"-1\" autocomplete=\"off\"><\/label><input type=\"hidden\" name=\"_mc4wp_timestamp\" value=\"1778766515\"><input type=\"hidden\" name=\"_mc4wp_form_id\" value=\"4843\"><input type=\"hidden\" name=\"_mc4wp_form_element_id\" value=\"mc4wp-form-1\"><div class=\"mc4wp-response\"><\/div>\n<input type=\"hidden\" name=\"trp-form-language\" value=\"en\"\/><\/form>\n<!-- \/ Mailchimp for WordPress Plugin -->\n\t\t\t<\/span>\n<\/h2>\n<div class=\"clearboth\"><\/div>\n\n\n\n\n<div id=\"padding-53\" class=\"mk-padding-divider jupiter-donut-  jupiter-donut-clearfix\"><\/div>\n\n\n\t\t<div class=\"jupiter-donut-clearfix\"><\/div>\n\t<\/div>\n<\/div>\n<\/div>\n\n<div class=\"vc_col-sm-4 prefooter-column wpb_column column_container  jupiter-donut- _ jupiter-donut-height-full\">\n\t\n<div class=\"mk-custom-box jupiter-donut- prefooter-box hover-effect-image\" id=\"box-55\">\n\t<div class=\"box-holder\">\n<div id=\"padding-56\" class=\"mk-padding-divider jupiter-donut-  jupiter-donut-clearfix\"><\/div>\n\n\n<div id=\"padding-57\" class=\"mk-padding-divider jupiter-donut-visible-dt-v2  jupiter-donut-clearfix\"><\/div>\n\n\n<h2 id=\"fancy-title-58\" class=\"mk-fancy-title  simple-style jupiter-donut- prefooter-title color-single\">\n\t<span>\n\t\t\t\t<p>Palazzo Menarini Residency<\/p>\n\t\t\t<\/span>\n<\/h2>\n<div class=\"clearboth\"><\/div>\n\n\n\n\n<h2 id=\"fancy-title-59\" class=\"mk-fancy-title  simple-style jupiter-donut- prefooter-link color-single\">\n\t<span>\n\t\t\t\t<p><span style=\"color: #ffffff;\"><a style=\"color: #ffffff;\" href=\"https:\/\/teatrogiovaniteatropirata.it\/en\/casa-menarini\/\">Read more<\/a><\/span><\/p>\n\t\t\t<\/span>\n<\/h2>\n<div class=\"clearboth\"><\/div>\n\n\n\n\n<div id=\"padding-60\" class=\"mk-padding-divider jupiter-donut-  jupiter-donut-clearfix\"><\/div>\n\n\n\t\t<div class=\"jupiter-donut-clearfix\"><\/div>\n\t<div class=\"mk-custom-box--overlay\"><\/div>\n<\/div>\n<\/div>\n<\/div>\n\t<\/div>\n<div class=\"vc_row-full-width vc_clearfix\"><\/div>\n<\/div>","protected":false},"excerpt":{"rendered":"Campagna Raccolta Fondi Teatro Giovani Teatro Pirata Impresa sociale dal 1994 si occupa di teatro per le nuove generazioni, con un profilo di livello nazionale che conta anche del riconoscimento del Ministero della Cultura come Compagnia di Teatro per Infanzia e Giovent\u00f9 con all\u2019attivo oltre 4000 repliche presentate nei teatri e piazze di tutta Italia [...]","protected":false},"author":1,"featured_media":0,"parent":0,"menu_order":0,"comment_status":"closed","ping_status":"closed","template":"","meta":{"footnotes":""},"class_list":["post-2579","page","type-page","status-publish","hentry"],"_links":{"self":[{"href":"https:\/\/teatrogiovaniteatropirata.it\/en\/wp-json\/wp\/v2\/pages\/2579","targetHints":{"allow":["GET"]}}],"collection":[{"href":"https:\/\/teatrogiovaniteatropirata.it\/en\/wp-json\/wp\/v2\/pages"}],"about":[{"href":"https:\/\/teatrogiovaniteatropirata.it\/en\/wp-json\/wp\/v2\/types\/page"}],"author":[{"embeddable":true,"href":"https:\/\/teatrogiovaniteatropirata.it\/en\/wp-json\/wp\/v2\/users\/1"}],"replies":[{"embeddable":true,"href":"https:\/\/teatrogiovaniteatropirata.it\/en\/wp-json\/wp\/v2\/comments?post=2579"}],"version-history":[{"count":52,"href":"https:\/\/teatrogiovaniteatropirata.it\/en\/wp-json\/wp\/v2\/pages\/2579\/revisions"}],"predecessor-version":[{"id":5544,"href":"https:\/\/teatrogiovaniteatropirata.it\/en\/wp-json\/wp\/v2\/pages\/2579\/revisions\/5544"}],"wp:attachment":[{"href":"https:\/\/teatrogiovaniteatropirata.it\/en\/wp-json\/wp\/v2\/media?parent=2579"}],"curies":[{"name":"wp","href":"https:\/\/api.w.org\/{rel}","templated":true}]}}